{"id":20619,"date":"2024-04-09T09:47:01","date_gmt":"2024-04-09T09:47:01","guid":{"rendered":"https:\/\/ikonisch.pt\/?post_type=product&#038;p=20619"},"modified":"2024-04-09T11:10:26","modified_gmt":"2024-04-09T11:10:26","slug":"type-name-brand-copia-copia-2","status":"publish","type":"product","link":"https:\/\/ikonisch.pt\/en\/products\/type-name-brand-copia-copia-2\/","title":{"rendered":"Cit\u00e9 Armchair &#8211; Vitra"},"content":{"rendered":"","protected":false},"excerpt":{"rendered":"<p>The Cit\u00e9 armchair designed by Jean Prouv\u00e9 was conceived for a competition to equip the CIT\u00c9 Universitaire student residences in Nancy. The Cit\u00e9 armchair is one of Jean Prouv\u00e9&#8217;s first masterpieces. Prouv\u00e9 himself used this dynamic-looking armchair in the living room of his own home. The generous dimensions and inviting upholstery contribute to CIT\u00c9&#8217;s great comfort.<br \/>\nThe fabric sled armchair with headrest has a powder-coated bent steel base and wide leather armrest straps.<br \/>\nSeat height: 33.5cm<\/p>\n","protected":false},"featured_media":20622,"template":"","meta":{"_acf_changed":false,"inline_featured_image":false},"product_brand":[],"product_cat":[613,612],"product_tag":[1226,606],"class_list":{"0":"post-20619","1":"product","2":"type-product","3":"status-publish","4":"has-post-thumbnail","6":"product_cat-sofas-and-armchairs","7":"product_cat-vintage-collection-en","8":"product_tag-jean-prouve-en","9":"product_tag-vitra-en","11":"first","12":"outofstock","13":"shipping-taxable","14":"purchasable","15":"product-type-simple"},"acf":[],"aioseo_notices":[],"_links":{"self":[{"href":"https:\/\/ikonisch.pt\/en\/wp-json\/wp\/v2\/product\/20619","targetHints":{"allow":["GET"]}}],"collection":[{"href":"https:\/\/ikonisch.pt\/en\/wp-json\/wp\/v2\/product"}],"about":[{"href":"https:\/\/ikonisch.pt\/en\/wp-json\/wp\/v2\/types\/product"}],"wp:featuredmedia":[{"embeddable":true,"href":"https:\/\/ikonisch.pt\/en\/wp-json\/wp\/v2\/media\/20622"}],"wp:attachment":[{"href":"https:\/\/ikonisch.pt\/en\/wp-json\/wp\/v2\/media?parent=20619"}],"wp:term":[{"taxonomy":"product_brand","embeddable":true,"href":"https:\/\/ikonisch.pt\/en\/wp-json\/wp\/v2\/product_brand?post=20619"},{"taxonomy":"product_cat","embeddable":true,"href":"https:\/\/ikonisch.pt\/en\/wp-json\/wp\/v2\/product_cat?post=20619"},{"taxonomy":"product_tag","embeddable":true,"href":"https:\/\/ikonisch.pt\/en\/wp-json\/wp\/v2\/product_tag?post=20619"}],"curies":[{"name":"wp","href":"https:\/\/api.w.org\/{rel}","templated":true}]}}