{"id":30224,"date":"2025-05-30T20:14:45","date_gmt":"2025-05-30T20:14:45","guid":{"rendered":"https:\/\/ikonisch.pt\/?post_type=product&#038;p=30224"},"modified":"2025-06-03T14:10:14","modified_gmt":"2025-06-03T14:10:14","slug":"spatio-table-vitra-copia","status":"publish","type":"product","link":"https:\/\/ikonisch.pt\/en\/products\/spatio-table-vitra-copia\/","title":{"rendered":"Table EM by Jean Prouv\u00e9 &#8211; VITRA"},"content":{"rendered":"","protected":false},"excerpt":{"rendered":"<p>Designed in 1950 by Jean Prouv\u00e9 for the prefabricated housing project La Maison Tropicale, the EM Table (Entretoise M\u00e9tallique) stands out for its functional and aesthetic structural construction.<br \/>\nThe powder coated steel structure, with diagonal legs, follows principles of engineering and architecture, giving stability and character. The rectangular top adds a natural and sophisticated touch to the set.<br \/>\nTimeless and versatile, the EM Table easily adapts to dining or office environments.<\/p>\n<p><strong>We deliver worldwide. For shipments outside of Portugal and Spain, please contact us for a personalized quote.<\/strong><\/p>\n<p>For more information on prices, please contact us by email at\u00a0<a href=\"mailto:info@ikonisch.pt\"><strong>info@ikonisch.pt<\/strong><\/a>\u00a0or by telephone on\u00a0<strong>+351 913 068 270<\/strong>.<\/p>\n","protected":false},"featured_media":31602,"template":"","meta":{"_acf_changed":false,"inline_featured_image":false},"product_brand":[],"product_cat":[534],"product_tag":[606],"class_list":{"0":"post-30224","1":"product","2":"type-product","3":"status-publish","4":"has-post-thumbnail","6":"product_cat-tables","7":"product_tag-vitra-en","9":"first","10":"outofstock","11":"shipping-taxable","12":"product-type-simple"},"acf":[],"aioseo_notices":[],"_links":{"self":[{"href":"https:\/\/ikonisch.pt\/en\/wp-json\/wp\/v2\/product\/30224","targetHints":{"allow":["GET"]}}],"collection":[{"href":"https:\/\/ikonisch.pt\/en\/wp-json\/wp\/v2\/product"}],"about":[{"href":"https:\/\/ikonisch.pt\/en\/wp-json\/wp\/v2\/types\/product"}],"wp:featuredmedia":[{"embeddable":true,"href":"https:\/\/ikonisch.pt\/en\/wp-json\/wp\/v2\/media\/31602"}],"wp:attachment":[{"href":"https:\/\/ikonisch.pt\/en\/wp-json\/wp\/v2\/media?parent=30224"}],"wp:term":[{"taxonomy":"product_brand","embeddable":true,"href":"https:\/\/ikonisch.pt\/en\/wp-json\/wp\/v2\/product_brand?post=30224"},{"taxonomy":"product_cat","embeddable":true,"href":"https:\/\/ikonisch.pt\/en\/wp-json\/wp\/v2\/product_cat?post=30224"},{"taxonomy":"product_tag","embeddable":true,"href":"https:\/\/ikonisch.pt\/en\/wp-json\/wp\/v2\/product_tag?post=30224"}],"curies":[{"name":"wp","href":"https:\/\/api.w.org\/{rel}","templated":true}]}}