{"id":7515,"date":"2022-01-24T12:42:53","date_gmt":"2022-01-24T12:42:53","guid":{"rendered":"https:\/\/ikonisch.pt\/produtos\/tingstrom-coffee-table\/"},"modified":"2024-12-19T14:38:46","modified_gmt":"2024-12-19T14:38:46","slug":"casino-coffee-table-tingstrom","status":"publish","type":"product","link":"https:\/\/ikonisch.pt\/en\/products\/casino-coffee-table-tingstrom\/","title":{"rendered":"Casino Coffee Table &#8211; Tingstr\u00f6m"},"content":{"rendered":"<p>Casino coffee table in Teak wood by <span data-sheets-value=\"{&quot;1&quot;:2,&quot;2&quot;:&quot;Mesa de centro Tingstr\u00f6m modelo Casino. Estrutura e tampo em Teka maci\u00e7a com travessas em a\u00e7o. &quot;}\" data-sheets-userformat=\"{&quot;2&quot;:4995,&quot;3&quot;:{&quot;1&quot;:0},&quot;4&quot;:{&quot;1&quot;:3,&quot;3&quot;:2},&quot;10&quot;:1,&quot;11&quot;:4,&quot;12&quot;:0,&quot;15&quot;:&quot;Arial&quot;}\">Tingstr\u00f6m.\u00a0<\/span><\/p>\n","protected":false},"excerpt":{"rendered":"<p>Casino coffee table in Teak wood by Tingstr\u00f6m.\u00a0<\/p>\n","protected":false},"featured_media":16790,"template":"","meta":{"_acf_changed":false,"inline_featured_image":false},"product_brand":[],"product_cat":[534],"product_tag":[2229,797,799,2228,838],"class_list":{"0":"post-7515","1":"product","2":"type-product","3":"status-publish","4":"has-post-thumbnail","6":"product_cat-tables","7":"product_tag-gunnar-myrstrand-en","8":"product_tag-mid-century-en","9":"product_tag-modern-en","10":"product_tag-sven-engstrom-en","11":"product_tag-tingstrom-en","13":"first","14":"outofstock","15":"shipping-taxable","16":"purchasable","17":"product-type-simple"},"acf":[],"aioseo_notices":[],"_links":{"self":[{"href":"https:\/\/ikonisch.pt\/en\/wp-json\/wp\/v2\/product\/7515","targetHints":{"allow":["GET"]}}],"collection":[{"href":"https:\/\/ikonisch.pt\/en\/wp-json\/wp\/v2\/product"}],"about":[{"href":"https:\/\/ikonisch.pt\/en\/wp-json\/wp\/v2\/types\/product"}],"wp:featuredmedia":[{"embeddable":true,"href":"https:\/\/ikonisch.pt\/en\/wp-json\/wp\/v2\/media\/16790"}],"wp:attachment":[{"href":"https:\/\/ikonisch.pt\/en\/wp-json\/wp\/v2\/media?parent=7515"}],"wp:term":[{"taxonomy":"product_brand","embeddable":true,"href":"https:\/\/ikonisch.pt\/en\/wp-json\/wp\/v2\/product_brand?post=7515"},{"taxonomy":"product_cat","embeddable":true,"href":"https:\/\/ikonisch.pt\/en\/wp-json\/wp\/v2\/product_cat?post=7515"},{"taxonomy":"product_tag","embeddable":true,"href":"https:\/\/ikonisch.pt\/en\/wp-json\/wp\/v2\/product_tag?post=7515"}],"curies":[{"name":"wp","href":"https:\/\/api.w.org\/{rel}","templated":true}]}}