{"id":11158,"date":"2021-09-01T09:48:40","date_gmt":"2021-09-01T09:48:40","guid":{"rendered":"https:\/\/ikonisch.pt\/termos-condicoes\/"},"modified":"2023-01-16T16:06:06","modified_gmt":"2023-01-16T16:06:06","slug":"terminos-condiciones","status":"publish","type":"page","link":"https:\/\/ikonisch.pt\/es\/terminos-condiciones\/","title":{"rendered":"T\u00e9rminos y Condiciones"},"content":{"rendered":"<p><div class=\"fusion-fullwidth fullwidth-box fusion-builder-row-1 fusion-flex-container hundred-percent-fullwidth non-hundred-percent-height-scrolling\" style=\"--awb-border-radius-top-left:0px;--awb-border-radius-top-right:0px;--awb-border-radius-bottom-right:0px;--awb-border-radius-bottom-left:0px;--awb-padding-top:160px;--awb-padding-bottom:80px;--awb-padding-top-small:220px;--awb-padding-bottom-small:180px;--awb-background-color:#194b5f;--awb-flex-wrap:wrap;\" ><div class=\"fusion-builder-row fusion-row fusion-flex-align-items-flex-start fusion-flex-content-wrap\" style=\"width:104% !important;max-width:104% !important;margin-left: calc(-4% \/ 2 );margin-right: calc(-4% \/ 2 );\"><div class=\"fusion-layout-column fusion_builder_column fusion-builder-column-0 fusion_builder_column_1_1 1_1 fusion-flex-column fusion-animated\" style=\"--awb-bg-size:cover;--awb-width-large:100%;--awb-margin-top-large:0px;--awb-spacing-right-large:1.92%;--awb-margin-bottom-large:0px;--awb-spacing-left-large:1.92%;--awb-width-medium:100%;--awb-order-medium:0;--awb-spacing-right-medium:1.92%;--awb-spacing-left-medium:1.92%;--awb-width-small:100%;--awb-order-small:0;--awb-spacing-right-small:1.92%;--awb-spacing-left-small:1.92%;\" data-animationType=\"fadeInUp\" data-animationDuration=\"1.0\" data-animationOffset=\"top-into-view\"><div class=\"fusion-column-wrapper fusion-column-has-shadow fusion-flex-justify-content-flex-start fusion-content-layout-column\"><div class=\"fusion-title title fusion-title-1 fusion-sep-none fusion-title-center fusion-title-text fusion-title-size-one\" style=\"--awb-margin-right-small:20%;--awb-margin-left-small:20%;\"><h1 class=\"fusion-title-heading title-heading-center\">T\u00e9rminos y Condiciones<\/h1><\/div><\/div><\/div><\/div><\/div><div class=\"fusion-fullwidth fullwidth-box fusion-builder-row-2 fusion-flex-container cc-faqs nonhundred-percent-fullwidth non-hundred-percent-height-scrolling\" style=\"--awb-border-radius-top-left:0px;--awb-border-radius-top-right:0px;--awb-border-radius-bottom-right:0px;--awb-border-radius-bottom-left:0px;--awb-padding-top:80px;--awb-padding-bottom:80px;--awb-flex-wrap:wrap;\" ><div class=\"fusion-builder-row fusion-row fusion-flex-align-items-flex-start fusion-flex-content-wrap\" style=\"max-width:1497.6px;margin-left: calc(-4% \/ 2 );margin-right: calc(-4% \/ 2 );\"><div class=\"fusion-layout-column fusion_builder_column fusion-builder-column-1 fusion_builder_column_1_1 1_1 fusion-flex-column\" style=\"--awb-padding-top:60px px;--awb-bg-size:cover;--awb-width-large:100%;--awb-margin-top-large:0px;--awb-spacing-right-large:1.92%;--awb-margin-bottom-large:0px;--awb-spacing-left-large:1.92%;--awb-width-medium:100%;--awb-order-medium:0;--awb-spacing-right-medium:1.92%;--awb-spacing-left-medium:1.92%;--awb-width-small:100%;--awb-order-small:0;--awb-spacing-right-small:1.92%;--awb-spacing-left-small:1.92%;\"><div class=\"fusion-column-wrapper fusion-column-has-shadow fusion-flex-justify-content-flex-start fusion-content-layout-column\"><div class=\"fusion-text fusion-text-1\" style=\"--awb-text-transform:none;\"><p><span style=\"font-weight: 400;\">Todas las relaciones comerciales entre nosotros, IKONISCH, y los clientes residentes en Portugal y Espa\u00f1a que se beneficien de las ofertas de IKONISCH en Internet, incluyendo, pero no limitado a, la tienda online de IKONISCH, est\u00e1n sujetas a las Condiciones Generales de Contrataci\u00f3n establecidas a continuaci\u00f3n en la versi\u00f3n aplicable en el momento del pedido, a menos que se acuerde lo contrario por escrito.<\/span><\/p>\n<h4><b>Pre\u00e1mbulo<\/b><\/h4>\n<p><span style=\"font-weight: 400;\">IKONISCH es responsable de todos los contenidos puestos a disposici\u00f3n en su p\u00e1gina web, a excepci\u00f3n de aquellos debidamente identificados. IKONISCH se esfuerza por garantizar que toda la informaci\u00f3n presentada est\u00e9 libre de errores, pero si se produce un error, lo corregiremos lo antes posible.<\/span><\/p>\n<p><span style=\"font-weight: 400;\">Llamamos su atenci\u00f3n sobre el hecho de que los colores que aparecen en su pantalla pueden no corresponder exactamente al producto final, ya que dependen de los ajustes del ordenador.<\/span><\/p>\n<h4><b>Derechos de autor<\/b><\/h4>\n<p><span style=\"font-weight: 400;\">Las im\u00e1genes y dem\u00e1s informaci\u00f3n relativa a los productos IKONISCH de este sitio web pueden difundirse libremente siempre que se indique debidamente su origen y se respeten todos los derechos de autor de los productos propiedad de la marca.<\/span><\/p>\n<h4><b>Confidencialidad<\/b><\/h4>\n<p><span style=\"font-weight: 400;\">Los contactos y otros datos personales son facilitados a IKONISCH por los usuarios y pueden ser procesados autom\u00e1tica o manualmente.<\/span><\/p>\n<p><span style=\"font-weight: 400;\">Los datos personales recogidos son necesarios para los procesos de pedido y entrega de mercanc\u00edas en el domicilio del cliente o para la difusi\u00f3n de nuestro bolet\u00edn de noticias y campa\u00f1as de la marca. Nunca se transmitir\u00e1n a terceros.<\/span><\/p>\n<h4><b>Finalidad de la venta<\/b><\/h4>\n<p><span style=\"font-weight: 400;\">Las ofertas propuestas en nuestro sitio web ser\u00e1n v\u00e1lidas mientras los productos marcados est\u00e9n en l\u00ednea y mientras haya productos en stock.<\/span><\/p>\n<h4><b>Pedidos<\/b><\/h4>\n<p><span style=\"font-weight: 400;\">Todo pedido confirmado por el cliente constituye un compromiso que s\u00f3lo puede ser cuestionado en los casos enumerados en las presentes Condiciones Generales.<\/span><\/p>\n<p><span style=\"font-weight: 400;\">El cliente recibir\u00e1 un acuse de recibo por correo electr\u00f3nico para confirmar el pedido, incluyendo todos los elementos como la lista de productos solicitados, el precio, la fecha de entrega prevista y los gastos de env\u00edo aplicables.<\/span><\/p>\n<h4><b>Facturaci\u00f3n<\/b><\/h4>\n<p><span style=\"font-weight: 400;\">Los precios se indican en euros.<\/span><\/p>\n<p><span style=\"font-weight: 400;\">Los precios indicados incluyen el IVA al 0% debido al r\u00e9gimen de m\u00e1rgenes &#8211; bienes de segunda mano.<\/span><\/p>\n<p><span style=\"font-weight: 400;\">Para entregas dentro de la UE, los precios incluyen el IVA aplicable en el momento de la compra. Cualquier variaci\u00f3n en el tipo de IVA aplicable puede afectar al precio de venta del producto.<\/span><\/p>\n<p><span style=\"font-weight: 400;\">En caso de entrega fuera de la UE, el cliente deber\u00e1 pagar y asumir el pago de los derechos de aduana, el IVA o cualquier otro impuesto relacionado con la importaci\u00f3n de productos en el pa\u00eds de entrega.<\/span><\/p>\n<p><span style=\"font-weight: 400;\">La factura es emitida por IKONISCH y el cliente debe indicar la direcci\u00f3n a la que debe ser enviada.<\/span><\/p>\n<h4><b>Pago<\/b><\/h4>\n<p><span style=\"font-weight: 400;\">El cliente se compromete a pagar el precio total de los productos (precio del producto m\u00e1s gastos de env\u00edo) y tambi\u00e9n a pagar los gastos de aduana, el IVA o cualquier otro impuesto relacionado con la importaci\u00f3n del producto en el pa\u00eds de entrega.<\/span><\/p>\n<h4><b>Protecci\u00f3n de datos<\/b><\/h4>\n<p><span style=\"font-weight: 400;\">Para registrarse en nuestro sitio web, se pedir\u00e1 al usuario que cree una contrase\u00f1a. Esta contrase\u00f1a debe mantenerse estrictamente confidencial, y no debe divulgarse ni compartirse con terceros. El Cliente es plena y exclusivamente responsable de la utilizaci\u00f3n de su contrase\u00f1a, as\u00ed como de los pedidos realizados con ella.<\/span><\/p>\n<p><span style=\"font-weight: 400;\">En el caso de Clientes registrados, se recoger\u00e1n los elementos necesarios para llevar a cabo todas las transacciones comerciales en l\u00ednea y los futuros contactos que sea necesario establecer.<\/span><\/p>\n<p><span style=\"font-weight: 400;\">Los servicios prestados por IKONISCH respetan lo dispuesto en la Ley de Protecci\u00f3n de Datos de Car\u00e1cter Personal, por lo que los datos personales facilitados por los Clientes son recogidos por IKONISCH con la \u00fanica finalidad de gestionar la cuenta del Cliente, facturaci\u00f3n, comunicaci\u00f3n, an\u00e1lisis estad\u00edstico y acciones de marketing directo, asumiendo el compromiso de privacidad y seguridad en el tratamiento de los datos personales.<\/span><\/p>\n<p><span style=\"font-weight: 400;\">El Cliente autoriza a IKONISCH a enviarle informaci\u00f3n sobre productos y servicios que puedan ser de su inter\u00e9s, utilizando para ello sus datos personales. El Cliente podr\u00e1, en cualquier momento, solicitar el acceso, rectificaci\u00f3n y supresi\u00f3n de sus datos, a trav\u00e9s de los siguientes contactos:<\/span><\/p>\n<p><span style=\"font-weight: 400;\">Atenci\u00f3n al cliente:<\/span><\/p>\n<p><a href=\"mailto:info@ikonisch.pt\">info@ikonisch.pt<\/a><\/p>\n<h4><b>Modificaciones de las presentes Condiciones Generales<\/b><\/h4>\n<p><span style=\"font-weight: 400;\">IKONISCH se reserva el derecho de modificar las presentes Condiciones Generales oblig\u00e1ndose a publicar cualquier cambio en su p\u00e1gina web <\/span><a href=\"www.ikonisch.pt\">www.ikonisch.pt<\/a>.<\/p>\n<\/div><\/div><\/div><\/div><\/div><\/p>\n","protected":false},"excerpt":{"rendered":"","protected":false},"author":1,"featured_media":0,"parent":0,"menu_order":0,"comment_status":"closed","ping_status":"closed","template":"100-width.php","meta":{"_acf_changed":false,"inline_featured_image":false,"footnotes":""},"class_list":["post-11158","page","type-page","status-publish","hentry"],"acf":[],"aioseo_notices":[],"_links":{"self":[{"href":"https:\/\/ikonisch.pt\/es\/wp-json\/wp\/v2\/pages\/11158","targetHints":{"allow":["GET"]}}],"collection":[{"href":"https:\/\/ikonisch.pt\/es\/wp-json\/wp\/v2\/pages"}],"about":[{"href":"https:\/\/ikonisch.pt\/es\/wp-json\/wp\/v2\/types\/page"}],"author":[{"embeddable":true,"href":"https:\/\/ikonisch.pt\/es\/wp-json\/wp\/v2\/users\/1"}],"replies":[{"embeddable":true,"href":"https:\/\/ikonisch.pt\/es\/wp-json\/wp\/v2\/comments?post=11158"}],"version-history":[{"count":3,"href":"https:\/\/ikonisch.pt\/es\/wp-json\/wp\/v2\/pages\/11158\/revisions"}],"predecessor-version":[{"id":11468,"href":"https:\/\/ikonisch.pt\/es\/wp-json\/wp\/v2\/pages\/11158\/revisions\/11468"}],"wp:attachment":[{"href":"https:\/\/ikonisch.pt\/es\/wp-json\/wp\/v2\/media?parent=11158"}],"curies":[{"name":"wp","href":"https:\/\/api.w.org\/{rel}","templated":true}]}}