{"id":11447,"date":"2021-08-30T17:35:43","date_gmt":"2021-08-30T17:35:43","guid":{"rendered":"https:\/\/ikonisch.pt\/politica-de-privacidade\/"},"modified":"2023-01-16T15:44:21","modified_gmt":"2023-01-16T15:44:21","slug":"politica-de-privacidad","status":"publish","type":"page","link":"https:\/\/ikonisch.pt\/es\/politica-de-privacidad\/","title":{"rendered":"Pol\u00edtica de Privacidad"},"content":{"rendered":"<p><div class=\"fusion-fullwidth fullwidth-box fusion-builder-row-1 fusion-flex-container hundred-percent-fullwidth non-hundred-percent-height-scrolling\" style=\"--awb-border-radius-top-left:0px;--awb-border-radius-top-right:0px;--awb-border-radius-bottom-right:0px;--awb-border-radius-bottom-left:0px;--awb-padding-top:160px;--awb-padding-bottom:80px;--awb-padding-top-small:220px;--awb-padding-bottom-small:180px;--awb-background-color:#194b5f;--awb-flex-wrap:wrap;\" ><div class=\"fusion-builder-row fusion-row fusion-flex-align-items-flex-start fusion-flex-content-wrap\" style=\"width:104% !important;max-width:104% !important;margin-left: calc(-4% \/ 2 );margin-right: calc(-4% \/ 2 );\"><div class=\"fusion-layout-column fusion_builder_column fusion-builder-column-0 fusion_builder_column_1_1 1_1 fusion-flex-column fusion-animated\" style=\"--awb-bg-size:cover;--awb-width-large:100%;--awb-margin-top-large:0px;--awb-spacing-right-large:1.92%;--awb-margin-bottom-large:0px;--awb-spacing-left-large:1.92%;--awb-width-medium:100%;--awb-order-medium:0;--awb-spacing-right-medium:1.92%;--awb-spacing-left-medium:1.92%;--awb-width-small:100%;--awb-order-small:0;--awb-spacing-right-small:1.92%;--awb-spacing-left-small:1.92%;\" data-animationType=\"fadeInUp\" data-animationDuration=\"1.0\" data-animationOffset=\"top-into-view\"><div class=\"fusion-column-wrapper fusion-column-has-shadow fusion-flex-justify-content-flex-start fusion-content-layout-column\"><div class=\"fusion-title title fusion-title-1 fusion-sep-none fusion-title-center fusion-title-text fusion-title-size-one\" style=\"--awb-margin-right-small:20%;--awb-margin-left-small:20%;\"><h1 class=\"fusion-title-heading title-heading-center\">Pol\u00edtica de Privacidad<\/h1><\/div><\/div><\/div><\/div><\/div><div class=\"fusion-fullwidth fullwidth-box fusion-builder-row-2 fusion-flex-container cc-faqs nonhundred-percent-fullwidth non-hundred-percent-height-scrolling\" style=\"--awb-border-radius-top-left:0px;--awb-border-radius-top-right:0px;--awb-border-radius-bottom-right:0px;--awb-border-radius-bottom-left:0px;--awb-padding-top:80px;--awb-padding-bottom:80px;--awb-flex-wrap:wrap;\" ><div class=\"fusion-builder-row fusion-row fusion-flex-align-items-flex-start fusion-flex-content-wrap\" style=\"max-width:1497.6px;margin-left: calc(-4% \/ 2 );margin-right: calc(-4% \/ 2 );\"><div class=\"fusion-layout-column fusion_builder_column fusion-builder-column-1 fusion_builder_column_1_1 1_1 fusion-flex-column\" style=\"--awb-padding-top:60px px;--awb-bg-size:cover;--awb-width-large:100%;--awb-margin-top-large:0px;--awb-spacing-right-large:1.92%;--awb-margin-bottom-large:0px;--awb-spacing-left-large:1.92%;--awb-width-medium:100%;--awb-order-medium:0;--awb-spacing-right-medium:1.92%;--awb-spacing-left-medium:1.92%;--awb-width-small:100%;--awb-order-small:0;--awb-spacing-right-small:1.92%;--awb-spacing-left-small:1.92%;\"><div class=\"fusion-column-wrapper fusion-column-has-shadow fusion-flex-justify-content-flex-start fusion-content-layout-column\"><div class=\"fusion-text fusion-text-1\" style=\"--awb-text-transform:none;\"><h4>I \u2013 Descripci\u00f3n<\/h4>\n<p><span style=\"font-weight: 400;\">El sitio web www.ikonisch.pt pertenece a la empresa Alltop &#8211; Mobili\u00e1rio de Design, Ltda., en adelante la marca IKONISCH, entidad con sede social en Largo Ferreira Lapa n\u00ba 218 4150-323 Porto &#8211; Portugal y portadora del n\u00famero de identificaci\u00f3n fiscal 509902782.<\/span><\/p>\n<p><span style=\"font-weight: 400;\">La presente Pol\u00edtica de Privacidad tiene como objetivo garantizar sus condiciones de seguridad y privacidad como usuario de nuestra p\u00e1gina web, siendo \u00fanicamente solicitados y recogidos los datos necesarios para la prestaci\u00f3n del servicio, de acuerdo con las indicaciones expl\u00edcitas en la p\u00e1gina web. El usuario tiene plena libertad para acceder a sus datos, rectificarlos o eliminarlos.<\/span><\/p>\n<p><span style=\"font-weight: 400;\">Esta Pol\u00edtica de Privacidad describe la forma en que tratamos sus datos personales en la prestaci\u00f3n de nuestros servicios en el sitio web de IKONISCH. Al aceptar esta Pol\u00edtica de Privacidad y los T\u00e9rminos y Condiciones de Uso en el momento de su registro, usted da su consentimiento expreso a la recogida, almacenamiento, uso y divulgaci\u00f3n de sus datos personales tal y como se describe en esta Pol\u00edtica de Privacidad. Esta Pol\u00edtica de Privacidad se implement\u00f3 el 30 de octubre de 2020 y entra en vigor en el momento de su aceptaci\u00f3n.<\/span><\/p>\n<p><span style=\"font-weight: 400;\">Nos comprometemos con nuestros usuarios a lo siguiente:<\/span><\/p>\n<ul>\n<li style=\"font-weight: 400;\" aria-level=\"1\"><span style=\"font-weight: 400;\">Llevar a cabo el tratamiento de sus datos de forma l\u00edcita y de buena fe;<\/span><\/li>\n<li style=\"font-weight: 400;\" aria-level=\"1\"><span style=\"font-weight: 400;\">Permitir el acceso a la informaci\u00f3n registrada y su correcci\u00f3n, manteniendo los datos actualizados;<\/span><\/li>\n<li style=\"font-weight: 400;\" aria-level=\"1\"><span style=\"font-weight: 400;\">Garantizar gratuitamente el derecho de eliminaci\u00f3n de los datos utilizados, cuando lo solicite el titular;<\/span><\/li>\n<li style=\"font-weight: 400;\" aria-level=\"1\"><span style=\"font-weight: 400;\">Disponer de mecanismos de seguridad que impidan la consulta, modificaci\u00f3n, destrucci\u00f3n o adici\u00f3n de los datos por personas no autorizadas.<\/span><\/li>\n<\/ul>\n<p><span style=\"font-weight: 400;\">Algunos sitios web en los que operamos pueden estar sujetos a pol\u00edticas de privacidad diferentes. Las normas de privacidad y protecci\u00f3n de datos de nuestros socios son similares a las descritas en nuestra Pol\u00edtica de Privacidad, sin embargo, siempre estar\u00e1n sujetas a una u otra diferencia. Nuestro objetivo es proporcionar un conjunto coherente de normas de privacidad y protecci\u00f3n de datos a toda la comunidad IKONISCH, de conformidad con los requisitos legales aplicables.<\/span><\/p>\n<h4>II \u2013 <b>Tratamiento de datos<\/b><\/h4>\n<p><b>a) Responsable del tratamiento<\/b><\/p>\n<p><span style=\"font-weight: 400;\">Al utilizar los servicios de IKONISCH, usted acepta que Alltop Consultores, Lda procese sus datos personales. Alltop Consultores, Lda tratar\u00e1 sus datos personales con la finalidad de prestar los servicios ofrecidos por IKONISCH de acuerdo con los T\u00e9rminos y Condiciones de Uso y el alcance y contenido de la presente Pol\u00edtica de Privacidad.<\/span><\/p>\n<p><b>b) Recogida de datos personales<\/b><\/p>\n<p><span style=\"font-weight: 400;\">Nuestro sitio web puede consultarse sin necesidad de facilitar datos personales. Sin embargo, hay \u00e1reas que requieren informaci\u00f3n y es necesario que los usuarios faciliten sus datos personales para poder beneficiarse de los servicios ofrecidos.<\/span><\/p>\n<p><span style=\"font-weight: 400;\">Puede navegar por nuestro sitio web sin tener que identificarse ni revelar ning\u00fan dato personal. Si decide facilitarnos sus datos personales, da su consentimiento a la transferencia y almacenamiento de dicha informaci\u00f3n. Al facilitarnos sus datos personales, deja de ser an\u00f3nimo para nosotros. <\/span><\/p>\n<p><span style=\"font-weight: 400;\">La recogida de sus datos de identificaci\u00f3n se llevar\u00e1 a cabo por medio de un formulario de registro en l\u00ednea y se realizar\u00e1 de acuerdo con las normas de seguridad m\u00e1s estrictas.<\/span><\/p>\n<p><span style=\"font-weight: 400;\">Para registrarse en IKONISCH, debe proporcionar algunos datos personales, como nombre, direcci\u00f3n de correo electr\u00f3nico, n\u00famero de tel\u00e9fono, direcci\u00f3n, etc., necesarios para suscribirse a los servicios y al bolet\u00edn informativo del sitio<\/span><b>.<\/b><\/p>\n<p><span style=\"font-weight: 400;\">En particular, podemos recoger y almacenar los siguientes datos personales:<\/span><\/p>\n<ul>\n<li style=\"font-weight: 400;\" aria-level=\"1\"><span style=\"font-weight: 400;\">Direcci\u00f3n de correo electr\u00f3nico e informaci\u00f3n de contacto como nombre, direcci\u00f3n y n\u00famero de tel\u00e9fono;<\/span><\/li>\n<li style=\"font-weight: 400;\" aria-level=\"1\"><span style=\"font-weight: 400;\">Informaci\u00f3n comercial basada en sus actividades en nuestro sitio (como compras);<\/span><\/li>\n<li style=\"font-weight: 400;\" aria-level=\"1\"><span style=\"font-weight: 400;\">Datos de env\u00edo, facturaci\u00f3n y cualquier otra informaci\u00f3n que nos facilite para la compra de un art\u00edculo;<\/span><\/li>\n<li style=\"font-weight: 400;\" aria-level=\"1\"><span style=\"font-weight: 400;\">Foros comunitarios, chats, resoluci\u00f3n de conflictos, comentarios, correspondencia a trav\u00e9s de nuestro sitio y correspondencia enviada a nosotros;<\/span><\/li>\n<li style=\"font-weight: 400;\" aria-level=\"1\"><span style=\"font-weight: 400;\">Otra informaci\u00f3n que resulte de su interacci\u00f3n con nuestro sitio web, servicios, contenidos y publicidad, incluyendo su ordenador\/dispositivo e informaci\u00f3n relacionada, estad\u00edsticas sobre p\u00e1ginas vistas, tr\u00e1fico hacia\/desde sitios web, datos publicitarios, direcci\u00f3n IP y la informaci\u00f3n habitual registrada en el blog;<\/span><\/li>\n<li style=\"font-weight: 400;\" aria-level=\"1\"><span style=\"font-weight: 400;\">Informaci\u00f3n adicional solicitada por nosotros para autenticarle: si creemos que est\u00e1 infringiendo las pol\u00edticas de nuestro sitio, podemos pedirle, por ejemplo, que nos env\u00ede un documento de identidad reciente o facturas de servicios p\u00fablicos, como agua, electricidad o gas, para verificar su direcci\u00f3n, o que responda a preguntas adicionales en l\u00ednea para ayudar a verificar su identidad o la propiedad de cualquiera de los art\u00edculos mencionados.<\/span><\/li>\n<\/ul>\n<p><span style=\"font-weight: 400;\">Los datos recogidos se introducen en el sistema inform\u00e1tico y son objeto de tratamiento automatizado en los t\u00e9rminos aprobados por la Comisi\u00f3n Nacional de Protecci\u00f3n de Datos.<\/span><\/p>\n<p><span style=\"font-weight: 400;\">IKONISCH garantiza al usuario registrado la posibilidad, en los t\u00e9rminos de la Ley n\u00ba 67\/98, de 26 de octubre, de acceder a sus datos personales a trav\u00e9s de su p\u00e1gina personal y proceder a su rectificaci\u00f3n.<\/span><\/p>\n<p><span style=\"font-weight: 400;\">Su sesi\u00f3n en el sitio web de IKONISCH podr\u00e1 ser registrada para ser analizada de forma agregada y an\u00f3nima, con el fin de interpretar los patrones de uso de nuestro sitio web y mejorar, de forma continua, los niveles de satisfacci\u00f3n de los usuarios.<\/span><\/p>\n<p><span style=\"font-weight: 400;\">IKONISCH podr\u00e1 recurrir a terceros para llevar a cabo actividades publicitarias y supervisar las comunicaciones de marketing.<\/span><\/p>\n<p><span style=\"font-weight: 400;\">Terceros, como Google, pueden mostrar anuncios de IKONISCH en sitios web dentro de sus redes de contenido.<\/span><\/p>\n<p><span style=\"font-weight: 400;\">Terceros, como Google, pueden utilizar Cookies que sirven para optimizar anuncios basados en informaci\u00f3n sobre las visitas de los usuarios al sitio web de IKONISCH.<\/span><\/p>\n<p><b>c) Marketing<\/b><\/p>\n<p><span style=\"font-weight: 400;\">No vendemos ni alquilamos sus datos personales a terceros con fines comerciales sin su consentimiento expreso. Podemos interrelacionar sus datos con informaci\u00f3n de otros usuarios y con informaci\u00f3n que recopilemos de otras empresas para mejorar y personalizar nuestros servicios, contenidos y publicidad.<\/span><\/p>\n<p><span style=\"font-weight: 400;\">Si no desea recibir mensajes publicitarios nuestros o formar parte de nuestros programas publicitarios, s\u00f3lo tiene que indicar sus preferencias en el sitio web <\/span><a href=\"www.ikonisch.pt\">www.ikonisch.pt <\/a><span style=\"font-weight: 400;\">en su \u00e1rea de cliente o siguiendo las indicaciones que figuran en los mensajes publicitarios.<\/span><\/p>\n<p><b>d) Utilizaci\u00f3n de datos<\/b><\/p>\n<p><span style=\"font-weight: 400;\">Nuestro principal objetivo al recopilar datos personales es proporcionarle seguridad y garantizar el buen funcionamiento y la eficacia de nuestro sitio web para que disfrute de una experiencia de usuario personalizada.<\/span><\/p>\n<p><span style=\"font-weight: 400;\">Al consentir el uso de sus datos personales, estos se utilizar\u00e1n para:<\/span><\/p>\n<ul>\n<li>Facultar os servi\u00e7os e apoio ao consumidor que nos solicitar;<\/li>\n<li>Evitar atividades potencialmente proibidas ou il\u00edcitas e fazer cumprir os nossos Termos e Condi\u00e7\u00f5es de Utiliza\u00e7\u00e3o;<\/li>\n<li>Personalizar, analisar e melhorar os nossos servi\u00e7os, conte\u00fados e publicidade;<\/li>\n<li>Descrever os nossos servi\u00e7os e os de empresas do grupo, levar a cabo a\u00e7\u00f5es de marketing direcionado, proceder a atualiza\u00e7\u00f5es de servi\u00e7os e ofertas promocionais de acordo com as suas prefer\u00eancias;<\/li>\n<li>Comparar informa\u00e7\u00e3o para maior exatid\u00e3o;<\/li>\n<li>Possibilitar a presta\u00e7\u00e3o dos nossos servi\u00e7os e permitir a conclus\u00e3o das transa\u00e7\u00f5es;<\/li>\n<li>Emitir comprovativos de pagamento (faturas e recibos) ap\u00f3s verifica\u00e7\u00e3o da conformidade do respetivo pagamento;<\/li>\n<li>Fazer a expedi\u00e7\u00e3o dos artigos com seguran\u00e7a e efic\u00e1cia.<\/li>\n<\/ul>\n<p><span style=\"font-weight: 400;\">Adem\u00e1s, IKONISCH podr\u00e1 facilitar los datos personales a las entidades jur\u00eddicas competentes, en los casos en que dichos datos sean solicitados por dichas entidades, a ra\u00edz de investigaciones por posibles actividades il\u00edcitas, fraudulentas, infracci\u00f3n de derechos de propiedad industrial o intelectual.<\/span><\/p>\n<p><span style=\"font-weight: 400;\">IKONISCH tambi\u00e9n podr\u00e1 autorizar el uso de estos datos por otras empresas en campa\u00f1as de marketing y telemarketing para la promoci\u00f3n de la propia marca.<\/span><\/p>\n<p><b>e) Divulgaci\u00f3n de sus datos<\/b><\/p>\n<p><span style=\"font-weight: 400;\">Podremos comunicar sus datos personales para cumplir requisitos legales, hacer cumplir nuestras pol\u00edticas, responder a reclamaciones de que un anuncio u otro contenido infringe el derecho de un tercero o proteger los derechos, la propiedad o la seguridad de cualquier persona.<\/span><\/p>\n<p><span style=\"font-weight: 400;\">Los datos personales que comunicamos pueden incluir su identificaci\u00f3n de usuario e historial de identificaci\u00f3n de usuario, nombre, direcci\u00f3n, n\u00famero de tel\u00e9fono, direcci\u00f3n de correo electr\u00f3nico, informes de fraude o cualquier otro aspecto relevante.<\/span><\/p>\n<p><span style=\"font-weight: 400;\">Sus datos personales podr\u00e1n ser comunicados a los siguientes destinatarios:<\/span><\/p>\n<ul>\n<li style=\"font-weight: 400;\" aria-level=\"1\"><span style=\"font-weight: 400;\">A proveedores de servicios que, en virtud de un contrato, nos prestan dichos servicios en nuestras operaciones comerciales (como investigaciones de fraude, cobro de facturas, programas de afiliados y recompensas y atenci\u00f3n al cliente);<\/span><\/li>\n<li style=\"font-weight: 400;\" aria-level=\"1\"><span style=\"font-weight: 400;\">A terceros a los que se nos haya solicitado expresamente que enviemos su informaci\u00f3n o despu\u00e9s de que se le haya notificado expresamente y haya dado su consentimiento, cuando utilice un servicio concreto;<\/span><\/li>\n<li style=\"font-weight: 400;\" aria-level=\"1\"><span style=\"font-weight: 400;\">A las autoridades judiciales, otras entidades gubernamentales o terceros en respuesta a una solicitud de informaci\u00f3n relativa a una investigaci\u00f3n penal, una presunta actividad il\u00edcita o cualquier otra actividad que pueda hacer incurrir en responsabilidad a IKONISCH, o a cualquier otro usuario de nuestro sitio web;<\/span><\/li>\n<li style=\"font-weight: 400;\" aria-level=\"1\"><span style=\"font-weight: 400;\">A otras empresas con las que estemos considerando fusionarnos o por las que seamos adquiridos. Si esto ocurre, pediremos a la nueva empresa que cumpla esta Pol\u00edtica de Privacidad respetando sus datos personales; si sus datos personales se utilizan de forma contraria a esta pol\u00edtica, se le notificar\u00e1 con antelaci\u00f3n.<\/span><\/li>\n<\/ul>\n<p><span style=\"font-weight: 400;\">Sin perjuicio de lo anterior, con el fin de respetar su privacidad y mantener la comunidad libre de quienes intenten llevar a cabo actividades il\u00edcitas o fraudulentas en este sitio web, no revelaremos sus datos personales a las autoridades judiciales, otras entidades gubernamentales o terceros sin una orden judicial o un procedimiento legal similar, excepto en los casos en que, de buena fe, consideremos que la revelaci\u00f3n de los datos es necesaria para evitar da\u00f1os f\u00edsicos inminentes o p\u00e9rdidas financieras, o para informar de presuntas actividades il\u00edcitas.<\/span><\/p>\n<p><b>f) Intercambio y uso de la informaci\u00f3n<\/b><\/p>\n<p><span style=\"font-weight: 400;\">Si accede a nuestro sitio web desde un ordenador compartido o desde un ordenador en un cibercaf\u00e9, algunos de sus datos, como su identificaci\u00f3n de usuario o los avisos de IKONISCH, pueden ser vistos por terceros que utilicen posteriormente el ordenador.<\/span><\/p>\n<h4>III \u2013 <b>Herramientas y contenidos<\/b><\/h4>\n<p><b>a) Cookies<\/b><\/p>\n<p><span style=\"font-weight: 400;\">Utilizamos cookies (peque\u00f1os archivos ubicados en el disco duro de su ordenador), en algunas de nuestras p\u00e1ginas, para ayudar a analizar la navegaci\u00f3n en nuestro sitio web, personalizar nuestros servicios, contenidos y publicidad, evaluar la eficacia de las promociones y promover su confianza y seguridad.<\/span><\/p>\n<p><b>b) SPAM, programas esp\u00eda o falsificaci\u00f3n de datos<\/b><\/p>\n<p><span style=\"font-weight: 400;\">Para la protecci\u00f3n de todos los usuarios de nuestro sitio web, no toleramos el SPAM. Aseg\u00farese de configurar sus preferencias de comunicaci\u00f3n en el sitio web de IKONISCH para que podamos comunicarnos con usted de la forma que prefiera. Para denunciar spam relacionado con IKONISCH o mensajes de correo electr\u00f3nico fraudulentos, p\u00f3ngase en contacto con nosotros en <\/span><a href=\"mailto:info@ikonisch.pt\">info@ikonisch.pt <\/a><span style=\"font-weight: 400;\">o en Largo Ferreira Lapa n.\u00ba 218, 4150-323 Oporto, Portugal.<\/span><\/p>\n<p><span style=\"font-weight: 400;\">No puede utilizar nuestras herramientas de comunicaci\u00f3n para enviar SPAM o contenidos que infrinjan nuestras Condiciones de uso.<\/span><\/p>\n<p><span style=\"font-weight: 400;\">Podemos escanear autom\u00e1ticamente y filtrar manualmente los mensajes en busca de spam, virus, ataques de suplantaci\u00f3n de identidad y otras actividades maliciosas o ilegales o contenidos prohibidos, pero no almacenamos permanentemente los mensajes enviados desde estas herramientas.<\/span><\/p>\n<p><b>c) Archivos de registro estad\u00edstico<\/b><\/p>\n<p><span style=\"font-weight: 400;\">Se registran las direcciones IP de todos los enlaces realizados al sitio web de IKONISCH. Esta informaci\u00f3n se utilizar\u00e1 para realizar an\u00e1lisis estad\u00edsticos globales.<\/span><\/p>\n<p><span style=\"font-weight: 400;\">La informaci\u00f3n se analizar\u00e1 de forma agregada y an\u00f3nima. Los datos utilizados para este fin no contienen datos personales identificables ni informaci\u00f3n privada.<\/span><\/p>\n<p><span style=\"font-weight: 400;\">Los an\u00e1lisis a partir de la informaci\u00f3n estad\u00edstica agregada se llevar\u00e1n a cabo para interpretar los patrones de uso del sitio web y mejorar continuamente los niveles de servicio prestados al usuario. La informaci\u00f3n estad\u00edstica agregada resultante de los an\u00e1lisis realizados podr\u00e1 divulgarse a terceros o hacerse p\u00fablica.<\/span><\/p>\n<p><span style=\"font-weight: 400;\">Utilizamos otras empresas de publicidad para publicar anuncios cuando visita nuestro sitio web. Estas empresas pueden utilizar informaci\u00f3n (excepto su nombre, direcci\u00f3n, direcci\u00f3n de correo electr\u00f3nico y n\u00famero de tel\u00e9fono) sobre sus visitas a este y otros sitios web para ofrecerle publicidad sobre productos y servicios de su inter\u00e9s.<\/span><\/p>\n<h4>IV \u2013 <b>Disposiciones de seguridad<\/b><\/h4>\n<p><b>a) Protecci\u00f3n de cuentas<\/b><\/p>\n<p><span style=\"font-weight: 400;\">Su contrase\u00f1a es la clave de acceso a su cuenta. Utiliza n\u00fameros y letras \u00fanicos y caracteres especiales. Si comparte su contrase\u00f1a o sus datos personales con un tercero, recuerde que ser\u00e1 responsable de todas las acciones que se realicen con su nombre de cuenta. Si pierde el control de su contrase\u00f1a, puede perder el control sustancial sobre sus datos personales y estar sujeto a acciones tomadas en su nombre. Si su contrase\u00f1a ha sido comprometida por cualquier motivo, debe notificarlo inmediatamente a IKONISCH en <\/span><a href=\"mailto:info@ikonisch.pt\">info@ikonisch.pt <\/a><span style=\"font-weight: 400;\">en info@ikonisch.pt y cambiar su contrase\u00f1a.<\/span><\/p>\n<p><b>b) Acceso, revisi\u00f3n y modificaci\u00f3n de sus datos personales<\/b><\/p>\n<p><span style=\"font-weight: 400;\">Puede ver, revisar y modificar la mayor\u00eda de sus datos personales si se registra en el sitio web de IKONISCH. No modificaremos sus datos personales. Debe actualizar sus datos personales en cuanto haya cambios o inexactitudes.<\/span><\/p>\n<p><span style=\"font-weight: 400;\">Una vez cumplimentado el formulario de cierre de cuenta, cerraremos su cuenta y eliminaremos sus datos personales tan pronto como sea posible en funci\u00f3n de la actividad de su cuenta y de conformidad con la legislaci\u00f3n aplicable. Conservamos los datos personales de las cuentas cerradas con fines policiales para prevenir el fraude, cobrar los importes adeudados, resolver litigios, solucionar problemas, cooperar en investigaciones, hacer cumplir las Condiciones de uso y actuar de otras formas permitidas por la ley.<\/span><\/p>\n<h4>V &#8211; <b>Calidad y seguridad de la informaci\u00f3n<\/b><\/h4>\n<p><span style=\"font-weight: 400;\">Es nuestro objetivo garantizar la seguridad, calidad e integridad de la informaci\u00f3n facilitada por el usuario, habi\u00e9ndose implementado las medidas necesarias, tanto a nivel t\u00e9cnico como organizativo. Sus datos personales se almacenan en nuestros servidores con copias de seguridad las 24 horas del d\u00eda para garantizar la seguridad de la informaci\u00f3n. Utilizamos diversas herramientas (cifrado, contrase\u00f1as, seguridad f\u00edsica, etc.) para proteger sus datos personales contra la divulgaci\u00f3n y el acceso no autorizados. Para garantizar la m\u00e1xima seguridad en las \u00e1reas de nuestro sitio web en las que se recogen sus datos personales, su transmisi\u00f3n est\u00e1 encriptada.<\/span><\/p>\n<p><span style=\"font-weight: 400;\">Sin embargo, terceros no autorizados pueden interceptar o acceder ilegalmente a transmisiones o comunicaciones privadas. Por lo tanto, aunque hacemos un gran esfuerzo por proteger su privacidad, no garantizamos, y usted no debe esperar, que sus datos personales o comunicaciones privadas permanezcan siempre privados.<\/span><\/p>\n<h4>VI &#8211; <b>Utilizaci\u00f3n por terceros<\/b><\/h4>\n<p><span style=\"font-weight: 400;\">Salvo lo dispuesto expresamente en la presente Pol\u00edtica de Privacidad, este documento est\u00e1 destinado exclusivamente al uso y divulgaci\u00f3n de la informaci\u00f3n que usted nos facilite. Si revela sus datos a terceros, el uso y la divulgaci\u00f3n de la informaci\u00f3n que haga all\u00ed pueden estar sujetos a normas diferentes. IKONISCH no controla las pol\u00edticas de privacidad de terceros y usted estar\u00e1 sujeto a las pol\u00edticas de privacidad de dichos terceros cuando le sean aplicables. Le sugerimos que, antes de revelar sus datos personales a terceros, nos consulte a la direcci\u00f3n de correo electr\u00f3nico del Servicio de Atenci\u00f3n al Cliente: <\/span><a href=\"mailto:info@ikonisch.pt\">info@ikonisch.pt<\/a>.<\/p>\n<h4>VII \u2013 <b>Disposiciones finales<\/b><\/h4>\n<p><b>a) Generalidades<\/b><\/p>\n<p><span style=\"font-weight: 400;\">Podemos modificar la Pol\u00edtica de Privacidad en cualquier momento publicando los cambios en el sitio web www.ikonisch.pt. Todos los cambios entrar\u00e1n en vigor autom\u00e1ticamente 30 d\u00edas despu\u00e9s de su publicaci\u00f3n. Adem\u00e1s, se le notificar\u00e1 a trav\u00e9s del centro de mensajes de IKONISCH, o por correo electr\u00f3nico a la direcci\u00f3n que indique. Para cualquier aclaraci\u00f3n relacionada con la Pol\u00edtica de Privacidad, puede ponerse en contacto con el Responsable del Tratamiento mediante comunicaci\u00f3n escrita a la direcci\u00f3n Largo Ferreira Lapa n.\u00ba 218, 4150-323 Porto, o por correo electr\u00f3nico a <\/span><a href=\"mailto:info@ikonisch.pt\">info@ikonisch.pt<\/a>.<\/p>\n<p><b>b) Otros servicios<\/b><\/p>\n<p><span style=\"font-weight: 400;\">Otros servicios que puedan surgir y que requieran la introducci\u00f3n de datos personales est\u00e1n cubiertos por la Pol\u00edtica de Privacidad a la que se hace referencia en este documento.<\/span><\/p>\n<\/div><\/div><\/div><\/div><\/div><\/p>\n","protected":false},"excerpt":{"rendered":"","protected":false},"author":1,"featured_media":0,"parent":0,"menu_order":0,"comment_status":"closed","ping_status":"closed","template":"100-width.php","meta":{"_acf_changed":false,"inline_featured_image":false,"footnotes":""},"class_list":["post-11447","page","type-page","status-publish","hentry"],"acf":[],"aioseo_notices":[],"_links":{"self":[{"href":"https:\/\/ikonisch.pt\/es\/wp-json\/wp\/v2\/pages\/11447","targetHints":{"allow":["GET"]}}],"collection":[{"href":"https:\/\/ikonisch.pt\/es\/wp-json\/wp\/v2\/pages"}],"about":[{"href":"https:\/\/ikonisch.pt\/es\/wp-json\/wp\/v2\/types\/page"}],"author":[{"embeddable":true,"href":"https:\/\/ikonisch.pt\/es\/wp-json\/wp\/v2\/users\/1"}],"replies":[{"embeddable":true,"href":"https:\/\/ikonisch.pt\/es\/wp-json\/wp\/v2\/comments?post=11447"}],"version-history":[{"count":4,"href":"https:\/\/ikonisch.pt\/es\/wp-json\/wp\/v2\/pages\/11447\/revisions"}],"predecessor-version":[{"id":11456,"href":"https:\/\/ikonisch.pt\/es\/wp-json\/wp\/v2\/pages\/11447\/revisions\/11456"}],"wp:attachment":[{"href":"https:\/\/ikonisch.pt\/es\/wp-json\/wp\/v2\/media?parent=11447"}],"curies":[{"name":"wp","href":"https:\/\/api.w.org\/{rel}","templated":true}]}}