{"id":11457,"date":"2021-09-01T09:24:31","date_gmt":"2021-09-01T09:24:31","guid":{"rendered":"https:\/\/ikonisch.pt\/logistica\/"},"modified":"2024-08-02T13:35:32","modified_gmt":"2024-08-02T13:35:32","slug":"logistica","status":"publish","type":"page","link":"https:\/\/ikonisch.pt\/es\/logistica\/","title":{"rendered":"Log\u00edstica"},"content":{"rendered":"<p><div class=\"fusion-fullwidth fullwidth-box fusion-builder-row-1 fusion-flex-container hundred-percent-fullwidth non-hundred-percent-height-scrolling\" style=\"--awb-border-radius-top-left:0px;--awb-border-radius-top-right:0px;--awb-border-radius-bottom-right:0px;--awb-border-radius-bottom-left:0px;--awb-padding-top:160px;--awb-padding-bottom:80px;--awb-padding-top-small:220px;--awb-padding-bottom-small:180px;--awb-background-color:#194b5f;--awb-flex-wrap:wrap;\" ><div class=\"fusion-builder-row fusion-row fusion-flex-align-items-flex-start fusion-flex-content-wrap\" style=\"width:104% !important;max-width:104% !important;margin-left: calc(-4% \/ 2 );margin-right: calc(-4% \/ 2 );\"><div class=\"fusion-layout-column fusion_builder_column fusion-builder-column-0 fusion_builder_column_1_1 1_1 fusion-flex-column fusion-animated\" style=\"--awb-bg-size:cover;--awb-width-large:100%;--awb-margin-top-large:0px;--awb-spacing-right-large:1.92%;--awb-margin-bottom-large:0px;--awb-spacing-left-large:1.92%;--awb-width-medium:100%;--awb-order-medium:0;--awb-spacing-right-medium:1.92%;--awb-spacing-left-medium:1.92%;--awb-width-small:100%;--awb-order-small:0;--awb-spacing-right-small:1.92%;--awb-spacing-left-small:1.92%;\" data-animationType=\"fadeInUp\" data-animationDuration=\"1.0\" data-animationOffset=\"top-into-view\"><div class=\"fusion-column-wrapper fusion-column-has-shadow fusion-flex-justify-content-flex-start fusion-content-layout-column\"><div class=\"fusion-title title fusion-title-1 fusion-sep-none fusion-title-center fusion-title-text fusion-title-size-one\" style=\"--awb-margin-right-small:20%;--awb-margin-left-small:20%;\"><h1 class=\"fusion-title-heading title-heading-center\">Log\u00edstica<\/h1><\/div><\/div><\/div><\/div><\/div><div class=\"fusion-fullwidth fullwidth-box fusion-builder-row-2 fusion-flex-container cc-faqs nonhundred-percent-fullwidth non-hundred-percent-height-scrolling\" style=\"--awb-border-radius-top-left:0px;--awb-border-radius-top-right:0px;--awb-border-radius-bottom-right:0px;--awb-border-radius-bottom-left:0px;--awb-padding-top:80px;--awb-padding-bottom:80px;--awb-flex-wrap:wrap;\" ><div class=\"fusion-builder-row fusion-row fusion-flex-align-items-flex-start fusion-flex-content-wrap\" style=\"max-width:1497.6px;margin-left: calc(-4% \/ 2 );margin-right: calc(-4% \/ 2 );\"><div class=\"fusion-layout-column fusion_builder_column fusion-builder-column-1 fusion_builder_column_1_1 1_1 fusion-flex-column\" style=\"--awb-padding-top:60px px;--awb-bg-size:cover;--awb-width-large:100%;--awb-margin-top-large:0px;--awb-spacing-right-large:1.92%;--awb-margin-bottom-large:0px;--awb-spacing-left-large:1.92%;--awb-width-medium:100%;--awb-order-medium:0;--awb-spacing-right-medium:1.92%;--awb-spacing-left-medium:1.92%;--awb-width-small:100%;--awb-order-small:0;--awb-spacing-right-small:1.92%;--awb-spacing-left-small:1.92%;\"><div class=\"fusion-column-wrapper fusion-column-has-shadow fusion-flex-justify-content-flex-start fusion-content-layout-column\"><div class=\"fusion-text fusion-text-1\" style=\"--awb-text-transform:none;\"><p><span style=\"font-weight: 400\">Su pedido puede entregarse de tres formas distintas:<\/span><\/p>\n<ul>\n<li style=\"font-weight: 400\"><span style=\"font-weight: 400\">Recogida en nuestro almac\u00e9n o en nuestra tienda f\u00edsica (montada o desmontada);<\/span><\/li>\n<li style=\"font-weight: 400\"><span style=\"font-weight: 400\">Pedido en l\u00ednea y confirmaci\u00f3n de entrega por parte de uno de nuestros socios log\u00edsticos que realizar\u00e1 la entrega en la puerta\/entrada predio (montado o desmontado).<\/span><\/li>\n<li style=\"font-weight: 400\"><span style=\"font-weight: 400\">Pedido en l\u00ednea o presencial con entrega y montaje bajo nuestra responsabilidad.<\/span><\/li>\n<\/ul>\n<h4><b>Gastos de env\u00edo<\/b><\/h4>\n<p><span style=\"font-weight: 400\">Los gastos de env\u00edo dependen del tipo de productos que solicite:<\/span><\/p>\n<ul>\n<li style=\"font-weight: 400\"><span style=\"font-weight: 400\">Productos peque\u00f1os: sillas, taburetes, iluminaci\u00f3n, mesas auxiliares y accesorios;<\/span><\/li>\n<li style=\"font-weight: 400\"><span style=\"font-weight: 400\">Productos medios: sillas de oficina, sillones, taburetes, alfombras y mesas de centro;<\/span><\/li>\n<li style=\"font-weight: 400\"><span style=\"font-weight: 400\">Productos grandes: escritorios, mesas, sof\u00e1s, armarios, librer\u00edas, mamparas y sillones, incluidos pufs.<\/span><\/li>\n<\/ul>\n<p><span style=\"font-weight: 400\">Si el pedido consta de varios productos, los gastos de env\u00edo por producto se sumar\u00e1n hasta alcanzar el gasto de env\u00edo m\u00e1ximo.<\/span><\/p>\n<p><span style=\"font-weight: 400\">IKONISCH realiza env\u00edos a Portugal continental, Madeira y Azores, Espa\u00f1a continental, Baleares y Canarias. Si desea que su pedido se entregue en otro pa\u00eds, dentro o fuera de la UE, solicite un presupuesto.<\/span><\/p>\n<p><span style=\"font-weight: 400\">Los gastos de env\u00edo mencionados en el presupuesto cubren los gastos de transporte. Cualquier coste adicional para pa\u00edses no pertenecientes a la UE, como derechos de aduana e impuestos especiales (incluidos el IVA, los derechos de importaci\u00f3n y los gastos administrativos), son cobrados aparte por la autoridad fiscal local. Para m\u00e1s informaci\u00f3n sobre aduanas y costes aduaneros, p\u00f3ngase en contacto con su autoridad fiscal local.<\/span><\/p>\n<h4><b>Plazo de entrega<\/b><\/h4>\n<p><span style=\"font-weight: 400\">El plazo de entrega depende del m\u00e9todo de env\u00edo (recogida, entrega o instalaci\u00f3n), de si el pedido est\u00e1 en existencias y de si se ha efectuado el pago (excepto para el pago despu\u00e9s de la entrega).<br \/>\n<\/span><span style=\"font-weight: 400\">Para el env\u00edo o la instalaci\u00f3n de productos de gran tama\u00f1o o un gran n\u00famero de productos, el plazo de entrega puede ser m\u00e1s largo. P\u00f3ngase en contacto con nuestro servicio de atenci\u00f3n al cliente para obtener m\u00e1s informaci\u00f3n.<\/span><\/p>\n<p><span style=\"font-weight: 400\">En caso de fin de existencias de los art\u00edculos pedidos, el plazo de entrega ser\u00e1 v\u00e1lido a partir del momento en que el producto llegue al almac\u00e9n de IKONISCH. El plazo de entrega de un producto que no est\u00e1 en existencias es de aproximadamente 4 a 6 semanas, dependiendo tambi\u00e9n de la disponibilidad del almac\u00e9n. Si desea conocer el plazo exacto de entrega de un producto o de su pedido completo, el servicio de atenci\u00f3n al cliente puede ayudarle.<\/span><\/p>\n<p><span style=\"font-weight: 400\">Todos los gastos de env\u00edo se calcular\u00e1n en el momento de la compra. La metodolog\u00eda adoptada internamente en IKONISCH consistir\u00e1 en contactar con nuestros tres socios log\u00edsticos, envi\u00e1ndoles los datos necesarios, y obtener as\u00ed la mejor oferta. La entrega se realizar\u00e1 en un plazo de 72 horas.<\/span><\/p>\n<h4><b>Devoluciones<\/b><\/h4>\n<p><span style=\"font-weight: 400\">Existe un control de calidad a la salida del almac\u00e9n mediante el cual se comprueban todos nuestros muebles, sillas y sof\u00e1s reacondicionados, antes de empaquetar los pedidos, para garantizar que se ajustan a los est\u00e1ndares de calidad que definimos.<\/span><\/p>\n<p><span style=\"font-weight: 400\">Las solicitudes de devoluci\u00f3n se aceptar\u00e1n en las siguientes condiciones:<\/span><\/p>\n<p><span style=\"font-weight: 400\">Si no est\u00e1 satisfecho con la calidad de los productos o si le hemos enviado un producto equivocado, debe informarnos en las 24 horas siguientes a la recepci\u00f3n de la entrega. Puede ponerse en contacto con el equipo de atenci\u00f3n al cliente en el tel\u00e9fono <\/span><a href=\"tel:+351913068270\">+351 913 068 270<\/a> <span style=\"font-weight: 400\">o por correo electr\u00f3nico a<\/span> <a href=\"mailto:info@ikonisch.pt\">info@ikonisch.pt<\/a>.<\/p>\n<p><span style=\"font-weight: 400\">En un plazo m\u00e1ximo de 48 horas, nuestro equipo se pondr\u00e1 en contacto con usted para organizar la recogida del producto, su reparaci\u00f3n, el reembolso o para solicitar un cambio. Es muy importante que compruebe los productos\/equipos en el momento de la entrega y nos informe inmediatamente si hay alg\u00fan fallo.<\/span><\/p>\n<p><b>NOTA:<\/b> <span style=\"font-weight: 400\">Las fotos de los da\u00f1os son muy \u00fatiles y ayudar\u00e1n a acelerar el proceso. Env\u00ede las fotos por correo electr\u00f3nico a info@ikonisch.pt indicando su nombre y n\u00famero de pedido.<\/span><\/p>\n<h4><b>Garant\u00eda, asistencia y reparaciones<\/b><\/h4>\n<p><span style=\"font-weight: 400\">La garant\u00eda var\u00eda seg\u00fan el producto y la marca, pero siempre ser\u00e1 de un m\u00ednimo de 1 a\u00f1o para todos los productos reacondicionados. Esta variaci\u00f3n depende del estado de conservaci\u00f3n de los muebles y accesorios, y cuanto m\u00e1s recientes, mayor es la garant\u00eda, que puede alcanzar hasta 5 a\u00f1os contra defectos de fabricaci\u00f3n.<\/span><br \/>\n<span style=\"font-weight: 400\">Ofrecemos una garant\u00eda m\u00ednima de 2 a\u00f1os para los productos de nuestra \u00abnueva\u00bb colecci\u00f3n.<\/span><\/p>\n<p><b>\u00bfNo est\u00e1 satisfecho con su compra o cree que el producto es defectuoso?<\/b><\/p>\n<p><span style=\"font-weight: 400\">P\u00f3ngase en contacto con nosotros por tel\u00e9fono o correo electr\u00f3nico. Mencione su n\u00famero de pedido y descr\u00edbanos el motivo de su insatisfacci\u00f3n o queja. Nos pondremos en contacto con usted en un plazo de dos d\u00edas laborables y encontraremos una soluci\u00f3n inmediata, de mutuo acuerdo.<\/span><\/p>\n<p><b>\u00bfNo est\u00e1 satisfecho con la tramitaci\u00f3n de su queja?<\/b><\/p>\n<p><span style=\"font-weight: 400\">Puede utilizar nuestro libro de reclamaciones disponible en la tienda <\/span><b>o enviar un correo electr\u00f3nico formal (inserir livro de reclama\u00e7\u00f5es online) <\/b><span style=\"font-weight: 400\">que ser\u00e1 analizado por nuestro gabinete jur\u00eddico y contestado en un plazo de 5 d\u00edas laborables a la direcci\u00f3n <\/span><a href=\"mailto:info@ikonisch.pt\">info@ikonisch.pt<\/a> <span style=\"font-weight: 400\">o por carta certificada a la direcci\u00f3n<\/span>:<\/p>\n<p><a href=\"https:\/\/maps.app.goo.gl\/MPgDRPXjwzHzHh75A\">Edif\u00edcio Primagr\u00e9s<\/a><br \/>\n<a href=\"https:\/\/maps.app.goo.gl\/MPgDRPXjwzHzHh75A\">Rua do Cov\u00e3o, Pavilh\u00e3o 1 e 2<\/a><br \/>\n<a href=\"https:\/\/maps.app.goo.gl\/MPgDRPXjwzHzHh75A\">Valongo Do Vouga<\/a><br \/>\n<a href=\"https:\/\/maps.app.goo.gl\/MPgDRPXjwzHzHh75A\">3750-811 &#8211; \u00c1gueda<\/a><br \/>\n<a href=\"https:\/\/maps.app.goo.gl\/MPgDRPXjwzHzHh75A\">Portugal<\/a><\/p>\n<h4><b>Asistencia postventa<\/b><\/h4>\n<p><span style=\"font-weight: 400\">Nuestra empresa garantiza siempre la asistencia posventa durante toda la vida \u00fatil del mueble que adquiera. Para ello, deber\u00e1 presentar siempre el justificante de compra (factura o recibo). En caso de garant\u00eda caducada, elaboramos un presupuesto que ser\u00e1 enviado para su aprobaci\u00f3n con la fecha prevista de entrega del mueble y, confirmaci\u00f3n del pago, se emitir\u00e1 un recibo para que pueda presentarlo en el momento de la entrega o recogida en nuestros almacenes.<\/span><\/p>\n<h4><b>Reparaciones<\/b><\/h4>\n<p><span style=\"font-weight: 400\">Todas las piezas vendidas por IKONISCH tienen la garant\u00eda de mantenimiento con piezas originales de sus fabricantes, lo que puede hacerse de dos maneras:<\/span><\/p>\n<ul>\n<li><span style=\"font-weight: 400\">El cliente viene a nuestras instalaciones a depositar la pieza para la cual desea el mantenimiento o reparaci\u00f3n y, mediante una evaluaci\u00f3n y respectivo presupuesto, puede autorizar la ejecuci\u00f3n del trabajo, efectuando el pago del 100% de la factura en el momento de la entrega del mueble, despu\u00e9s de comprobar y confirmar el trabajo realizado.<\/span><\/li>\n<li><span style=\"font-weight: 400\">Tambi\u00e9n puede solicitar nuestros servicios log\u00edsticos, a trav\u00e9s de nuestro servicio de atenci\u00f3n al cliente en info@ikonisch.pt, con la indicaci\u00f3n de recoger la(s) pieza(s) en cualquier lugar de la Pen\u00ednsula Ib\u00e9rica o Islas con el fin de ejecutar los trabajos de mantenimiento o reparaci\u00f3n de la(s) pieza(s). Al recibir la(s) pieza(s), revisaremos su solicitud y cotizaremos el valor del trabajo y de las piezas, si es necesario para su aprobaci\u00f3n. Tras el pago de 50%, se proceder\u00e1 al trabajo y, antes de la entrega por parte de nuestro transportista, deber\u00e1 efectuarse un segundo pago de los restantes 50%. Cabe se\u00f1alar que los gastos de transporte correr\u00e1n siempre a cargo del cliente, que podr\u00e1 beneficiarse de descuentos por cantidad y de los acuerdos de colaboraci\u00f3n existentes con nuestros socios log\u00edsticos.<\/span><\/li>\n<\/ul>\n<\/div><\/div><\/div><\/div><\/div><\/p>\n","protected":false},"excerpt":{"rendered":"","protected":false},"author":1,"featured_media":0,"parent":0,"menu_order":0,"comment_status":"closed","ping_status":"closed","template":"100-width.php","meta":{"_acf_changed":false,"inline_featured_image":false,"footnotes":""},"class_list":["post-11457","page","type-page","status-publish","hentry"],"acf":[],"aioseo_notices":[],"_links":{"self":[{"href":"https:\/\/ikonisch.pt\/es\/wp-json\/wp\/v2\/pages\/11457","targetHints":{"allow":["GET"]}}],"collection":[{"href":"https:\/\/ikonisch.pt\/es\/wp-json\/wp\/v2\/pages"}],"about":[{"href":"https:\/\/ikonisch.pt\/es\/wp-json\/wp\/v2\/types\/page"}],"author":[{"embeddable":true,"href":"https:\/\/ikonisch.pt\/es\/wp-json\/wp\/v2\/users\/1"}],"replies":[{"embeddable":true,"href":"https:\/\/ikonisch.pt\/es\/wp-json\/wp\/v2\/comments?post=11457"}],"version-history":[{"count":3,"href":"https:\/\/ikonisch.pt\/es\/wp-json\/wp\/v2\/pages\/11457\/revisions"}],"predecessor-version":[{"id":25148,"href":"https:\/\/ikonisch.pt\/es\/wp-json\/wp\/v2\/pages\/11457\/revisions\/25148"}],"wp:attachment":[{"href":"https:\/\/ikonisch.pt\/es\/wp-json\/wp\/v2\/media?parent=11457"}],"curies":[{"name":"wp","href":"https:\/\/api.w.org\/{rel}","templated":true}]}}