{"id":11495,"date":"2021-08-27T16:35:42","date_gmt":"2021-08-27T16:35:42","guid":{"rendered":"https:\/\/ikonisch.pt\/faqs\/"},"modified":"2023-01-16T18:13:22","modified_gmt":"2023-01-16T18:13:22","slug":"faqs","status":"publish","type":"page","link":"https:\/\/ikonisch.pt\/es\/faqs\/","title":{"rendered":"FAQs"},"content":{"rendered":"<p><div class=\"fusion-fullwidth fullwidth-box fusion-builder-row-1 fusion-flex-container hundred-percent-fullwidth non-hundred-percent-height-scrolling\" style=\"--awb-border-radius-top-left:0px;--awb-border-radius-top-right:0px;--awb-border-radius-bottom-right:0px;--awb-border-radius-bottom-left:0px;--awb-padding-top:160px;--awb-padding-bottom:80px;--awb-padding-top-small:220px;--awb-padding-bottom-small:180px;--awb-background-color:#194b5f;--awb-flex-wrap:wrap;\" ><div class=\"fusion-builder-row fusion-row fusion-flex-align-items-flex-start fusion-flex-content-wrap\" style=\"width:104% !important;max-width:104% !important;margin-left: calc(-4% \/ 2 );margin-right: calc(-4% \/ 2 );\"><div class=\"fusion-layout-column fusion_builder_column fusion-builder-column-0 fusion_builder_column_1_1 1_1 fusion-flex-column fusion-animated\" style=\"--awb-bg-size:cover;--awb-width-large:100%;--awb-margin-top-large:0px;--awb-spacing-right-large:1.92%;--awb-margin-bottom-large:0px;--awb-spacing-left-large:1.92%;--awb-width-medium:100%;--awb-order-medium:0;--awb-spacing-right-medium:1.92%;--awb-spacing-left-medium:1.92%;--awb-width-small:100%;--awb-order-small:0;--awb-spacing-right-small:1.92%;--awb-spacing-left-small:1.92%;\" data-animationType=\"fadeInUp\" data-animationDuration=\"1.0\" data-animationOffset=\"top-into-view\"><div class=\"fusion-column-wrapper fusion-column-has-shadow fusion-flex-justify-content-flex-start fusion-content-layout-column\"><div class=\"fusion-title title fusion-title-1 fusion-sep-none fusion-title-center fusion-title-text fusion-title-size-one\" style=\"--awb-margin-right-small:20%;--awb-margin-left-small:20%;\"><h1 class=\"fusion-title-heading title-heading-center\">FAQs<\/h1><\/div><\/div><\/div><\/div><\/div><div class=\"fusion-fullwidth fullwidth-box fusion-builder-row-2 fusion-flex-container cc-faqs nonhundred-percent-fullwidth non-hundred-percent-height-scrolling\" style=\"--awb-border-radius-top-left:0px;--awb-border-radius-top-right:0px;--awb-border-radius-bottom-right:0px;--awb-border-radius-bottom-left:0px;--awb-padding-top:80px;--awb-padding-bottom:80px;--awb-flex-wrap:wrap;\" ><div class=\"fusion-builder-row fusion-row fusion-flex-align-items-flex-start fusion-flex-content-wrap\" style=\"max-width:1497.6px;margin-left: calc(-4% \/ 2 );margin-right: calc(-4% \/ 2 );\"><div class=\"fusion-layout-column fusion_builder_column fusion-builder-column-1 fusion_builder_column_1_1 1_1 fusion-flex-column\" style=\"--awb-padding-top:60px px;--awb-bg-size:cover;--awb-width-large:100%;--awb-margin-top-large:0px;--awb-spacing-right-large:1.92%;--awb-margin-bottom-large:0px;--awb-spacing-left-large:1.92%;--awb-width-medium:100%;--awb-order-medium:0;--awb-spacing-right-medium:1.92%;--awb-spacing-left-medium:1.92%;--awb-width-small:100%;--awb-order-small:0;--awb-spacing-right-small:1.92%;--awb-spacing-left-small:1.92%;\"><div class=\"fusion-column-wrapper fusion-column-has-shadow fusion-flex-justify-content-flex-start fusion-content-layout-column\"><style type=\"text\/css\">.fusion-faqs-wrapper #accordian-1 .fusion-panel { border-color:#e2e2e2; }.fusion-faqs-wrapper #accordian-1 .fusion-panel:hover{ border-color: #e2e2e2; }.fusion-accordian #accordian-1 .panel-title a .fa-fusion-box:before{ font-size: 40px;width: 40px;}.fusion-accordian #accordian-1 .panel-title a .fa-fusion-box{ color: #194b5f;}.fusion-accordian #accordian-1.fusion-toggle-icon-right .fusion-toggle-heading{ margin-right: 58px;}.fusion-accordian  #accordian-1 .panel-title a{font-size:24px;font-family:\"Barlow\";font-style:normal;font-weight:500;}.fusion-accordian  #accordian-1 .panel-title a:not(:hover){}.fusion-accordian  #accordian-1 .toggle-content{font-family:\"Barlow\";font-style:normal;font-weight:regular;}.fusion-accordian #accordian-1 .panel-title a:hover,.fusion-accordian #accordian-1 .panel-title a.hover { color: #194b5f;}.fusion-faq-shortcode .fusion-accordian #accordian-1 .fusion-toggle-boxed-mode:hover .panel-title a { color: #194b5f;}.fusion-accordian #accordian-1.fusion-toggle-icon-unboxed .panel-title a:hover .fa-fusion-box,.fusion-accordian #accordian-1.fusion-toggle-icon-unboxed .panel-title a.hover .fa-fusion-box { color: #194b5f; }<\/style><div class=\"fusion-faq-shortcode\" style=\"\"><div class=\"fusion-faqs-wrapper\"><div class=\"accordian fusion-accordian\"><div class=\"panel-group  fusion-toggle-icon-right fusion-toggle-icon-unboxed\" id=\"accordian-1\"><div class=\"fusion-panel panel-default fusion-faq-post fusion-faq-post-11493 \"><span class=\"entry-title rich-snippet-hidden\">\u00bfPor qu\u00e9 comprar muebles de marca reacondicionados?<\/span><span class=\"vcard rich-snippet-hidden\"><span class=\"fn\"><a href=\"https:\/\/ikonisch.pt\/es\/author\/ikadmin\/\" title=\"Entradas de IKadmin\" rel=\"author\">IKadmin<\/a><\/span><\/span><span class=\"updated rich-snippet-hidden\">2023-01-16T16:33:42+00:00<\/span><div class=\"panel-heading\"><h4 id=\"faq_1-11493\" class=\"panel-title toggle\"><a data-toggle=\"collapse\" class=\"collapsed\" data-parent=\"#accordian-1\" data-target=\"#collapse-1-11493\" href=\"#collapse-1-11493\" aria-expanded=\"false\"><div class=\"fusion-toggle-icon-wrapper\"><div class=\"fusion-toggle-icon-wrapper-main\"><div class=\"fusion-toggle-icon-wrapper-sub\"><i class=\"fa-fusion-box active-icon awb-icon-minus\" aria-hidden=\"true\"><\/i><i class=\"fa-fusion-box inactive-icon awb-icon-plus\" aria-hidden=\"true\"><\/i><\/div><\/div><\/div><div class=\"fusion-toggle-heading\">\u00bfPor qu\u00e9 comprar muebles de marca reacondicionados?<\/div><\/a><\/h4><\/div><div id=\"collapse-1-11493\" aria-labelledby=\"faq_1-11493\" class=\"panel-collapse collapse\"><div class=\"panel-body toggle-content post-content\"><p>Al comprar muebles de dise\u00f1o reacondicionados para su hogar u oficina, estar\u00e1 comprando muebles de marca con una calidad equivalente a los nuevos. Sin embargo, hay muchas otras ventajas, como ser respetuoso con el medio ambiente al reducir la cantidad de materiales que se env\u00edan a los vertederos.<\/p>\n<\/div><\/div><\/div><div class=\"fusion-panel panel-default fusion-faq-post fusion-faq-post-11491 \"><span class=\"entry-title rich-snippet-hidden\">\u00bfQu\u00e9 son muebles de marca reacondicionados?<\/span><span class=\"vcard rich-snippet-hidden\"><span class=\"fn\"><a href=\"https:\/\/ikonisch.pt\/es\/author\/ikadmin\/\" title=\"Entradas de IKadmin\" rel=\"author\">IKadmin<\/a><\/span><\/span><span class=\"updated rich-snippet-hidden\">2023-01-16T16:32:45+00:00<\/span><div class=\"panel-heading\"><h4 id=\"faq_1-11491\" class=\"panel-title toggle\"><a data-toggle=\"collapse\" class=\"collapsed\" data-parent=\"#accordian-1\" data-target=\"#collapse-1-11491\" href=\"#collapse-1-11491\" aria-expanded=\"false\"><div class=\"fusion-toggle-icon-wrapper\"><div class=\"fusion-toggle-icon-wrapper-main\"><div class=\"fusion-toggle-icon-wrapper-sub\"><i class=\"fa-fusion-box active-icon awb-icon-minus\" aria-hidden=\"true\"><\/i><i class=\"fa-fusion-box inactive-icon awb-icon-plus\" aria-hidden=\"true\"><\/i><\/div><\/div><\/div><div class=\"fusion-toggle-heading\">\u00bfQu\u00e9 son muebles de marca reacondicionados?<\/div><\/a><\/h4><\/div><div id=\"collapse-1-11491\" aria-labelledby=\"faq_1-11491\" class=\"panel-collapse collapse\"><div class=\"panel-body toggle-content post-content\"><p>Son muebles para el hogar, hoteles, restaurantes y oficinas de las mejores marcas del mundo con dise\u00f1os ic\u00f3nicos, renovados y con poco uso. En IKONISCH s\u00f3lo vendemos muebles de marca originales y usados. Los devolvemos cuidadosamente a su estado \u00abcomo nuevos\u00bb, conservando todas las caracter\u00edsticas originales (normas y especificaciones de los fabricantes). Comprobamos todos los productos antes de comprarlos con un alto nivel de calidad en mente, asegur\u00e1ndonos de que su reacondicionamiento se lleva a cabo con el menor impacto posible en los materiales y en la pieza, para garantizar que queden \u00abcomo nuevos\u00bb.<\/p>\n<\/div><\/div><\/div><div class=\"fusion-panel panel-default fusion-faq-post fusion-faq-post-11488 \"><span class=\"entry-title rich-snippet-hidden\">\u00bfCu\u00e1les son las ventajas de los productos IKONISCH?<\/span><span class=\"vcard rich-snippet-hidden\"><span class=\"fn\"><a href=\"https:\/\/ikonisch.pt\/es\/author\/ikadmin\/\" title=\"Entradas de IKadmin\" rel=\"author\">IKadmin<\/a><\/span><\/span><span class=\"updated rich-snippet-hidden\">2023-01-16T16:31:25+00:00<\/span><div class=\"panel-heading\"><h4 id=\"faq_1-11488\" class=\"panel-title toggle\"><a data-toggle=\"collapse\" class=\"collapsed\" data-parent=\"#accordian-1\" data-target=\"#collapse-1-11488\" href=\"#collapse-1-11488\" aria-expanded=\"false\"><div class=\"fusion-toggle-icon-wrapper\"><div class=\"fusion-toggle-icon-wrapper-main\"><div class=\"fusion-toggle-icon-wrapper-sub\"><i class=\"fa-fusion-box active-icon awb-icon-minus\" aria-hidden=\"true\"><\/i><i class=\"fa-fusion-box inactive-icon awb-icon-plus\" aria-hidden=\"true\"><\/i><\/div><\/div><\/div><div class=\"fusion-toggle-heading\">\u00bfCu\u00e1les son las ventajas de los productos IKONISCH?<\/div><\/a><\/h4><\/div><div id=\"collapse-1-11488\" aria-labelledby=\"faq_1-11488\" class=\"panel-collapse collapse\"><div class=\"panel-body toggle-content post-content\"><ul>\n<li>Mobiliario original de marca usado totalmente reacondicionado en estado \u00abcomo nuevo\u00bb;<\/li>\n<li>Mayor vida \u00fatil del producto;<\/li>\n<li>Economizar. Los productos reacondicionados, bajo su condici\u00f3n de \u00abcomo nuevos\u00bb, tienen un precio m\u00e1s bajo, con hasta un 80% de descuento respecto a los adquiridos en tiendas y agentes de marca;<\/li>\n<li>Todos nuestros productos se reacondicionan cuidadosamente. Las piezas de repuesto, en caso necesario, son siempre originales, y la limpieza se realiza con los mejores productos del mercado, garantizando as\u00ed un reacondicionamiento profesional y riguroso.<\/li>\n<\/ul>\n<\/div><\/div><\/div><div class=\"fusion-panel panel-default fusion-faq-post fusion-faq-post-11486 \"><span class=\"entry-title rich-snippet-hidden\">\u00bfLos productos IKONISCH tienen garant\u00eda?<\/span><span class=\"vcard rich-snippet-hidden\"><span class=\"fn\"><a href=\"https:\/\/ikonisch.pt\/es\/author\/ikadmin\/\" title=\"Entradas de IKadmin\" rel=\"author\">IKadmin<\/a><\/span><\/span><span class=\"updated rich-snippet-hidden\">2023-01-16T16:29:38+00:00<\/span><div class=\"panel-heading\"><h4 id=\"faq_1-11486\" class=\"panel-title toggle\"><a data-toggle=\"collapse\" class=\"collapsed\" data-parent=\"#accordian-1\" data-target=\"#collapse-1-11486\" href=\"#collapse-1-11486\" aria-expanded=\"false\"><div class=\"fusion-toggle-icon-wrapper\"><div class=\"fusion-toggle-icon-wrapper-main\"><div class=\"fusion-toggle-icon-wrapper-sub\"><i class=\"fa-fusion-box active-icon awb-icon-minus\" aria-hidden=\"true\"><\/i><i class=\"fa-fusion-box inactive-icon awb-icon-plus\" aria-hidden=\"true\"><\/i><\/div><\/div><\/div><div class=\"fusion-toggle-heading\">\u00bfLos productos IKONISCH tienen garant\u00eda?<\/div><\/a><\/h4><\/div><div id=\"collapse-1-11486\" aria-labelledby=\"faq_1-11486\" class=\"panel-collapse collapse\"><div class=\"panel-body toggle-content post-content\"><p>IKONISCH ofrece una garant\u00eda de 1 a\u00f1o para todos los productos que vende reacondicionados, contra presentaci\u00f3n de factura o justificante de pago con fecha\/datos visibles. Si es necesario sustituir piezas o accesorios, garantizamos su sustituci\u00f3n por piezas originales de los fabricantes de los muebles o sillas.<\/p>\n<p>La garant\u00eda legal del fabricante de la marca no se transfiere a los nuevos propietarios, ya que IKONISCH no es el representante legal de todas las marcas que revende.<\/p>\n<\/div><\/div><\/div><div class=\"fusion-panel panel-default fusion-faq-post fusion-faq-post-11484 \"><span class=\"entry-title rich-snippet-hidden\">\u00bfQu\u00e9 impacto tiene en el medio ambiente la venta de muebles reacondicionados?<\/span><span class=\"vcard rich-snippet-hidden\"><span class=\"fn\"><a href=\"https:\/\/ikonisch.pt\/es\/author\/ikadmin\/\" title=\"Entradas de IKadmin\" rel=\"author\">IKadmin<\/a><\/span><\/span><span class=\"updated rich-snippet-hidden\">2023-01-16T16:28:37+00:00<\/span><div class=\"panel-heading\"><h4 id=\"faq_1-11484\" class=\"panel-title toggle\"><a data-toggle=\"collapse\" class=\"collapsed\" data-parent=\"#accordian-1\" data-target=\"#collapse-1-11484\" href=\"#collapse-1-11484\" aria-expanded=\"false\"><div class=\"fusion-toggle-icon-wrapper\"><div class=\"fusion-toggle-icon-wrapper-main\"><div class=\"fusion-toggle-icon-wrapper-sub\"><i class=\"fa-fusion-box active-icon awb-icon-minus\" aria-hidden=\"true\"><\/i><i class=\"fa-fusion-box inactive-icon awb-icon-plus\" aria-hidden=\"true\"><\/i><\/div><\/div><\/div><div class=\"fusion-toggle-heading\">\u00bfQu\u00e9 impacto tiene en el medio ambiente la venta de muebles reacondicionados?<\/div><\/a><\/h4><\/div><div id=\"collapse-1-11484\" aria-labelledby=\"faq_1-11484\" class=\"panel-collapse collapse\"><div class=\"panel-body toggle-content post-content\"><p>Una de las grandes razones por las que nos encanta nuestro trabajo es la certeza de que estamos contribuyendo a mejorar el medio ambiente, sabiendo que nuestros productos reacondicionados utilizan menos recursos naturales. Y todos los productos que no pueden reutilizarse en el proceso de reacondicionamiento se reciclan directamente.<\/p>\n<\/div><\/div><\/div><div class=\"fusion-panel panel-default fusion-faq-post fusion-faq-post-11481 \"><span class=\"entry-title rich-snippet-hidden\">\u00bfIKONISCH vende peque\u00f1as y grandes cantidades de muebles para el hogar, hoteles, restaurantes y oficinas?<\/span><span class=\"vcard rich-snippet-hidden\"><span class=\"fn\"><a href=\"https:\/\/ikonisch.pt\/es\/author\/ikadmin\/\" title=\"Entradas de IKadmin\" rel=\"author\">IKadmin<\/a><\/span><\/span><span class=\"updated rich-snippet-hidden\">2023-01-16T16:27:29+00:00<\/span><div class=\"panel-heading\"><h4 id=\"faq_1-11481\" class=\"panel-title toggle\"><a data-toggle=\"collapse\" class=\"collapsed\" data-parent=\"#accordian-1\" data-target=\"#collapse-1-11481\" href=\"#collapse-1-11481\" aria-expanded=\"false\"><div class=\"fusion-toggle-icon-wrapper\"><div class=\"fusion-toggle-icon-wrapper-main\"><div class=\"fusion-toggle-icon-wrapper-sub\"><i class=\"fa-fusion-box active-icon awb-icon-minus\" aria-hidden=\"true\"><\/i><i class=\"fa-fusion-box inactive-icon awb-icon-plus\" aria-hidden=\"true\"><\/i><\/div><\/div><\/div><div class=\"fusion-toggle-heading\">\u00bfIKONISCH vende peque\u00f1as y grandes cantidades de muebles para el hogar, hoteles, restaurantes y oficinas?<\/div><\/a><\/h4><\/div><div id=\"collapse-1-11481\" aria-labelledby=\"faq_1-11481\" class=\"panel-collapse collapse\"><div class=\"panel-body toggle-content post-content\"><p>La respuesta es \u00abS\u00cd\u00bb, s\u00f3lo tiene que finalizar la compra en nuestra tienda online. Es tan sencillo como eso o ponerse en contacto con nosotros por correo electr\u00f3nico o tel\u00e9fono para transacciones de mayor cantidad, como dise\u00f1o de interiores, recetas y articulaciones. Ll\u00e1menos o env\u00edenos un correo electr\u00f3nico y uno de nuestros especialistas se pondr\u00e1 en contacto con usted.<\/p>\n<\/div><\/div><\/div><div class=\"fusion-panel panel-default fusion-faq-post fusion-faq-post-11477 \"><span class=\"entry-title rich-snippet-hidden\">\u00bfOfrecen descuentos por compras en cantidad?<\/span><span class=\"vcard rich-snippet-hidden\"><span class=\"fn\"><a href=\"https:\/\/ikonisch.pt\/es\/author\/ikadmin\/\" title=\"Entradas de IKadmin\" rel=\"author\">IKadmin<\/a><\/span><\/span><span class=\"updated rich-snippet-hidden\">2023-01-16T16:25:36+00:00<\/span><div class=\"panel-heading\"><h4 id=\"faq_1-11477\" class=\"panel-title toggle\"><a data-toggle=\"collapse\" class=\"collapsed\" data-parent=\"#accordian-1\" data-target=\"#collapse-1-11477\" href=\"#collapse-1-11477\" aria-expanded=\"false\"><div class=\"fusion-toggle-icon-wrapper\"><div class=\"fusion-toggle-icon-wrapper-main\"><div class=\"fusion-toggle-icon-wrapper-sub\"><i class=\"fa-fusion-box active-icon awb-icon-minus\" aria-hidden=\"true\"><\/i><i class=\"fa-fusion-box inactive-icon awb-icon-plus\" aria-hidden=\"true\"><\/i><\/div><\/div><\/div><div class=\"fusion-toggle-heading\">\u00bfOfrecen descuentos por compras en cantidad?<\/div><\/a><\/h4><\/div><div id=\"collapse-1-11477\" aria-labelledby=\"faq_1-11477\" class=\"panel-collapse collapse\"><div class=\"panel-body toggle-content post-content\"><p>S\u00ed, en compras superiores a 5 piezas, podemos ofrecerle un descuento en funci\u00f3n del valor final. Ll\u00e1menos o env\u00edenos un correo electr\u00f3nico y uno de nuestros especialistas en ventas se pondr\u00e1 en contacto con usted.<\/p>\n<\/div><\/div><\/div><div class=\"fusion-panel panel-default fusion-faq-post fusion-faq-post-11474 \"><span class=\"entry-title rich-snippet-hidden\">\u00bfA qu\u00e9 pa\u00edses venden y entregan?<\/span><span class=\"vcard rich-snippet-hidden\"><span class=\"fn\"><a href=\"https:\/\/ikonisch.pt\/es\/author\/ikadmin\/\" title=\"Entradas de IKadmin\" rel=\"author\">IKadmin<\/a><\/span><\/span><span class=\"updated rich-snippet-hidden\">2023-01-16T16:24:28+00:00<\/span><div class=\"panel-heading\"><h4 id=\"faq_1-11474\" class=\"panel-title toggle\"><a data-toggle=\"collapse\" class=\"collapsed\" data-parent=\"#accordian-1\" data-target=\"#collapse-1-11474\" href=\"#collapse-1-11474\" aria-expanded=\"false\"><div class=\"fusion-toggle-icon-wrapper\"><div class=\"fusion-toggle-icon-wrapper-main\"><div class=\"fusion-toggle-icon-wrapper-sub\"><i class=\"fa-fusion-box active-icon awb-icon-minus\" aria-hidden=\"true\"><\/i><i class=\"fa-fusion-box inactive-icon awb-icon-plus\" aria-hidden=\"true\"><\/i><\/div><\/div><\/div><div class=\"fusion-toggle-heading\">\u00bfA qu\u00e9 pa\u00edses venden y entregan?<\/div><\/a><\/h4><\/div><div id=\"collapse-1-11474\" aria-labelledby=\"faq_1-11474\" class=\"panel-collapse collapse\"><div class=\"panel-body toggle-content post-content\"><p>IKONISCH vende muebles usados de marca para el hogar, hoteles, restaurantes y oficinas a Portugal continental, Espa\u00f1a y las Islas, y a otros pa\u00edses del mundo, con condiciones de entrega y transporte a acordar.<\/p>\n<\/div><\/div><\/div><div class=\"fusion-panel panel-default fusion-faq-post fusion-faq-post-11472 \"><span class=\"entry-title rich-snippet-hidden\">\u00bfDisponen de un showroom que podamos visitar?<\/span><span class=\"vcard rich-snippet-hidden\"><span class=\"fn\"><a href=\"https:\/\/ikonisch.pt\/es\/author\/ikadmin\/\" title=\"Entradas de IKadmin\" rel=\"author\">IKadmin<\/a><\/span><\/span><span class=\"updated rich-snippet-hidden\">2023-01-16T16:21:06+00:00<\/span><div class=\"panel-heading\"><h4 id=\"faq_1-11472\" class=\"panel-title toggle\"><a data-toggle=\"collapse\" class=\"collapsed\" data-parent=\"#accordian-1\" data-target=\"#collapse-1-11472\" href=\"#collapse-1-11472\" aria-expanded=\"false\"><div class=\"fusion-toggle-icon-wrapper\"><div class=\"fusion-toggle-icon-wrapper-main\"><div class=\"fusion-toggle-icon-wrapper-sub\"><i class=\"fa-fusion-box active-icon awb-icon-minus\" aria-hidden=\"true\"><\/i><i class=\"fa-fusion-box inactive-icon awb-icon-plus\" aria-hidden=\"true\"><\/i><\/div><\/div><\/div><div class=\"fusion-toggle-heading\">\u00bfDisponen de un showroom que podamos visitar?<\/div><\/a><\/h4><\/div><div id=\"collapse-1-11472\" aria-labelledby=\"faq_1-11472\" class=\"panel-collapse collapse\"><div class=\"panel-body toggle-content post-content\"><p>Estamos en Largo Ferreira Lapa n.\u00ba 218, 4150-323 Oporto.<\/p>\n<p>Le recomendamos que llame con antelaci\u00f3n para concertar una visita acompa\u00f1ado por un profesional de ventas.<\/p>\n<\/div><\/div><\/div><div class=\"fusion-panel panel-default fusion-faq-post fusion-faq-post-11470 \"><span class=\"entry-title rich-snippet-hidden\">\u00bfPuedo modificar o anular mi pedido?<\/span><span class=\"vcard rich-snippet-hidden\"><span class=\"fn\"><a href=\"https:\/\/ikonisch.pt\/es\/author\/ikadmin\/\" title=\"Entradas de IKadmin\" rel=\"author\">IKadmin<\/a><\/span><\/span><span class=\"updated rich-snippet-hidden\">2023-01-16T16:19:20+00:00<\/span><div class=\"panel-heading\"><h4 id=\"faq_1-11470\" class=\"panel-title toggle\"><a data-toggle=\"collapse\" class=\"collapsed\" data-parent=\"#accordian-1\" data-target=\"#collapse-1-11470\" href=\"#collapse-1-11470\" aria-expanded=\"false\"><div class=\"fusion-toggle-icon-wrapper\"><div class=\"fusion-toggle-icon-wrapper-main\"><div class=\"fusion-toggle-icon-wrapper-sub\"><i class=\"fa-fusion-box active-icon awb-icon-minus\" aria-hidden=\"true\"><\/i><i class=\"fa-fusion-box inactive-icon awb-icon-plus\" aria-hidden=\"true\"><\/i><\/div><\/div><\/div><div class=\"fusion-toggle-heading\">\u00bfPuedo modificar o anular mi pedido?<\/div><\/a><\/h4><\/div><div id=\"collapse-1-11470\" aria-labelledby=\"faq_1-11470\" class=\"panel-collapse collapse\"><div class=\"panel-body toggle-content post-content\"><p>S\u00ed, siempre que se solicite con 24 horas de antelaci\u00f3n. No ser\u00e1 solicitada ninguna justificaci\u00f3n o ser\u00e1n hechas preguntas.<\/p>\n<\/div><\/div><\/div><\/div><\/div><\/div><\/div><\/div><\/div><\/div><\/div><div class=\"fusion-fullwidth fullwidth-box fusion-builder-row-3 fusion-flex-container cc-section-services cc-container-padding-mobile nonhundred-percent-fullwidth non-hundred-percent-height-scrolling\" style=\"--awb-border-radius-top-left:0px;--awb-border-radius-top-right:0px;--awb-border-radius-bottom-right:0px;--awb-border-radius-bottom-left:0px;--awb-padding-top:80px;--awb-padding-bottom:60px;--awb-padding-top-small:60px;--awb-padding-bottom-small:60px;--awb-margin-top:0px;--awb-margin-bottom:0px;--awb-background-color:#f1eae7;--awb-flex-wrap:wrap;\" ><\/div>\n<\/p>\n","protected":false},"excerpt":{"rendered":"","protected":false},"author":1,"featured_media":0,"parent":0,"menu_order":0,"comment_status":"closed","ping_status":"closed","template":"100-width.php","meta":{"_acf_changed":false,"inline_featured_image":false,"footnotes":""},"class_list":["post-11495","page","type-page","status-publish","hentry"],"acf":[],"aioseo_notices":[],"_links":{"self":[{"href":"https:\/\/ikonisch.pt\/es\/wp-json\/wp\/v2\/pages\/11495","targetHints":{"allow":["GET"]}}],"collection":[{"href":"https:\/\/ikonisch.pt\/es\/wp-json\/wp\/v2\/pages"}],"about":[{"href":"https:\/\/ikonisch.pt\/es\/wp-json\/wp\/v2\/types\/page"}],"author":[{"embeddable":true,"href":"https:\/\/ikonisch.pt\/es\/wp-json\/wp\/v2\/users\/1"}],"replies":[{"embeddable":true,"href":"https:\/\/ikonisch.pt\/es\/wp-json\/wp\/v2\/comments?post=11495"}],"version-history":[{"count":2,"href":"https:\/\/ikonisch.pt\/es\/wp-json\/wp\/v2\/pages\/11495\/revisions"}],"predecessor-version":[{"id":11498,"href":"https:\/\/ikonisch.pt\/es\/wp-json\/wp\/v2\/pages\/11495\/revisions\/11498"}],"wp:attachment":[{"href":"https:\/\/ikonisch.pt\/es\/wp-json\/wp\/v2\/media?parent=11495"}],"curies":[{"name":"wp","href":"https:\/\/api.w.org\/{rel}","templated":true}]}}