{"id":11356,"date":"2021-09-01T11:49:12","date_gmt":"2021-09-01T11:49:12","guid":{"rendered":"https:\/\/ikonisch.pt\/produtos\/silla-aeron-standard-talla-b-herman-miller\/"},"modified":"2022-12-21T16:41:33","modified_gmt":"2022-12-21T16:41:33","slug":"silla-aeron-standard-talla-b-herman-miller","status":"publish","type":"product","link":"https:\/\/ikonisch.pt\/es\/produtos\/silla-aeron-standard-talla-b-herman-miller\/","title":{"rendered":"Silla Aeron Standard &#8211; Talla B &#8211; Herman Miller"},"content":{"rendered":"<p>Herman Miller es una empresa estadounidense que centra sus actividades europeas en el mobiliario de oficina. Sus sillas de oficina son conocidas por su confort y dise\u00f1o ergon\u00f3mico inigualables, como las sillas Aeron y Mirra. Con una extensa l\u00ednea de productos, que incluye escritorios, sof\u00e1s y otros muebles de oficina, Herman Miller ocupa una posici\u00f3n \u00fanica entre los fabricantes de muebles por haber cultivado el talento de un gran n\u00famero de dise\u00f1adores modernistas, produciendo un n\u00famero significativo de piezas que ahora se consideran iconos del dise\u00f1o industrial.<\/p>\n","protected":false},"excerpt":{"rendered":"<p><span data-sheets-value=\"{&quot;1&quot;:2,&quot;2&quot;:&quot;Silla operativa, respaldo medio, con brazos ajustables. Talla B, sin soporte lumbar (puede adquirirse por separado). Asiento y respaldo en tejido de malla en color grafito. Base y estructura de aluminio pintado en color grafito.&quot;}\" data-sheets-userformat=\"{&quot;2&quot;:4993,&quot;3&quot;:{&quot;1&quot;:0},&quot;10&quot;:0,&quot;11&quot;:4,&quot;12&quot;:0,&quot;15&quot;:&quot;Arial&quot;}\">Silla operativa, respaldo medio, con brazos ajustables. Talla B, sin soporte lumbar (puede adquirirse por separado). Asiento y respaldo en tejido de malla en color grafito. Base y estructura de aluminio pintado en color grafito.<\/span><\/p>\n","protected":false},"featured_media":10199,"template":"","meta":{"_acf_changed":false,"inline_featured_image":false},"product_brand":[],"product_cat":[691],"product_tag":[1420,741,763],"class_list":{"0":"post-11356","1":"product","2":"type-product","3":"status-publish","4":"has-post-thumbnail","6":"product_cat-oficina","7":"product_tag-bill-stumpf-es","8":"product_tag-don-chadwick-es","9":"product_tag-herman-miller-es","11":"first","12":"instock","13":"shipping-taxable","14":"purchasable","15":"product-type-simple"},"acf":[],"aioseo_notices":[],"_links":{"self":[{"href":"https:\/\/ikonisch.pt\/es\/wp-json\/wp\/v2\/product\/11356","targetHints":{"allow":["GET"]}}],"collection":[{"href":"https:\/\/ikonisch.pt\/es\/wp-json\/wp\/v2\/product"}],"about":[{"href":"https:\/\/ikonisch.pt\/es\/wp-json\/wp\/v2\/types\/product"}],"wp:featuredmedia":[{"embeddable":true,"href":"https:\/\/ikonisch.pt\/es\/wp-json\/wp\/v2\/media\/10199"}],"wp:attachment":[{"href":"https:\/\/ikonisch.pt\/es\/wp-json\/wp\/v2\/media?parent=11356"}],"wp:term":[{"taxonomy":"product_brand","embeddable":true,"href":"https:\/\/ikonisch.pt\/es\/wp-json\/wp\/v2\/product_brand?post=11356"},{"taxonomy":"product_cat","embeddable":true,"href":"https:\/\/ikonisch.pt\/es\/wp-json\/wp\/v2\/product_cat?post=11356"},{"taxonomy":"product_tag","embeddable":true,"href":"https:\/\/ikonisch.pt\/es\/wp-json\/wp\/v2\/product_tag?post=11356"}],"curies":[{"name":"wp","href":"https:\/\/api.w.org\/{rel}","templated":true}]}}