{"id":11370,"date":"2022-10-07T15:09:47","date_gmt":"2022-10-07T15:09:47","guid":{"rendered":"https:\/\/ikonisch.pt\/produtos\/silla-grand-prix-fritz-hansen\/"},"modified":"2023-01-16T18:34:21","modified_gmt":"2023-01-16T18:34:21","slug":"silla-grand-prix-fritz-hansen","status":"publish","type":"product","link":"https:\/\/ikonisch.pt\/es\/produtos\/silla-grand-prix-fritz-hansen\/","title":{"rendered":"Silla Grand Prix &#8211; Fritz Hansen"},"content":{"rendered":"","protected":false},"excerpt":{"rendered":"<p><span data-sheets-value=\"{&quot;1&quot;:2,&quot;2&quot;:&quot;Dise\u00f1ado por Arne Jacobsen para Fritz Hansen, la Grand Prix es un icono del dise\u00f1o y lleva el nombre del premio hom\u00f3nimo que recibi\u00f3 en 1957 en la Trienal de Mil\u00e1n. Este modelo 4130 sin tapicer\u00eda es sin\u00f3nimo de toda su estructura de madera moldeada. El acabado final es de terciopelo negro, lo que revela las vetas y ciertos matices de la madera.&quot;}\" data-sheets-userformat=\"{&quot;2&quot;:4993,&quot;3&quot;:{&quot;1&quot;:0},&quot;10&quot;:0,&quot;11&quot;:4,&quot;12&quot;:0,&quot;15&quot;:&quot;Arial&quot;}\">Dise\u00f1ado por Arne Jacobsen para Fritz Hansen, la Grand Prix es un icono del dise\u00f1o y lleva el nombre del premio hom\u00f3nimo que recibi\u00f3 en 1957 en la Trienal de Mil\u00e1n. Este modelo 4130 sin tapicer\u00eda es sin\u00f3nimo de toda su estructura de madera moldeada. El acabado final es de terciopelo negro, lo que revela las vetas y ciertos matices de la madera.<\/span><\/p>\n","protected":false},"featured_media":10930,"template":"","meta":{"_acf_changed":false,"inline_featured_image":false},"product_brand":[],"product_cat":[689],"product_tag":[711,756],"class_list":{"0":"post-11370","1":"product","2":"type-product","3":"status-publish","4":"has-post-thumbnail","6":"product_cat-sillas","7":"product_tag-arne-jacobsen-es","8":"product_tag-fritz-hansen-es","10":"first","11":"outofstock","12":"shipping-taxable","13":"purchasable","14":"product-type-simple"},"acf":[],"aioseo_notices":[],"_links":{"self":[{"href":"https:\/\/ikonisch.pt\/es\/wp-json\/wp\/v2\/product\/11370","targetHints":{"allow":["GET"]}}],"collection":[{"href":"https:\/\/ikonisch.pt\/es\/wp-json\/wp\/v2\/product"}],"about":[{"href":"https:\/\/ikonisch.pt\/es\/wp-json\/wp\/v2\/types\/product"}],"wp:featuredmedia":[{"embeddable":true,"href":"https:\/\/ikonisch.pt\/es\/wp-json\/wp\/v2\/media\/10930"}],"wp:attachment":[{"href":"https:\/\/ikonisch.pt\/es\/wp-json\/wp\/v2\/media?parent=11370"}],"wp:term":[{"taxonomy":"product_brand","embeddable":true,"href":"https:\/\/ikonisch.pt\/es\/wp-json\/wp\/v2\/product_brand?post=11370"},{"taxonomy":"product_cat","embeddable":true,"href":"https:\/\/ikonisch.pt\/es\/wp-json\/wp\/v2\/product_cat?post=11370"},{"taxonomy":"product_tag","embeddable":true,"href":"https:\/\/ikonisch.pt\/es\/wp-json\/wp\/v2\/product_tag?post=11370"}],"curies":[{"name":"wp","href":"https:\/\/api.w.org\/{rel}","templated":true}]}}