{"id":11371,"date":"2022-10-07T14:58:58","date_gmt":"2022-10-07T14:58:58","guid":{"rendered":"https:\/\/ikonisch.pt\/produtos\/silla-smoke-moooi\/"},"modified":"2022-10-07T14:58:58","modified_gmt":"2022-10-07T14:58:58","slug":"silla-smoke-moooi","status":"publish","type":"product","link":"https:\/\/ikonisch.pt\/es\/produtos\/silla-smoke-moooi\/","title":{"rendered":"Silla Smoke &#8211; Moooi"},"content":{"rendered":"","protected":false},"excerpt":{"rendered":"<p><span data-sheets-value=\"{&quot;1&quot;:2,&quot;2&quot;:&quot;Dise\u00f1ada por Maarten Baas para Moooi, la silla Smoke es una audaz interpretaci\u00f3n de un dise\u00f1o cl\u00e1sico. El proceso de quema de la madera hace que cada unidad producida sea \u00fanica al adoptar uno de los cinco submodelos disponibles: las sillas renacen de sus cenizas adquiriendo una est\u00e9tica propia e inusual. Silla con estructura de madera quemada con acabado de resina epoxi. Asiento y respaldo de cuero negro natural sobre espuma.&quot;}\" data-sheets-userformat=\"{&quot;2&quot;:4993,&quot;3&quot;:{&quot;1&quot;:0},&quot;10&quot;:0,&quot;11&quot;:4,&quot;12&quot;:0,&quot;15&quot;:&quot;Arial&quot;}\">Dise\u00f1ada por Maarten Baas para Moooi, la silla Smoke es una audaz interpretaci\u00f3n de un dise\u00f1o cl\u00e1sico. El proceso de quema de la madera hace que cada unidad producida sea \u00fanica al adoptar uno de los cinco submodelos disponibles: las sillas renacen de sus cenizas adquiriendo una est\u00e9tica propia e inusual. Silla con estructura de madera quemada con acabado de resina epoxi. Asiento y respaldo de cuero negro natural sobre espuma.<\/span><\/p>\n","protected":false},"featured_media":10987,"template":"","meta":{"_acf_changed":false,"inline_featured_image":false},"product_brand":[],"product_cat":[690,689],"product_tag":[791,801],"class_list":{"0":"post-11371","1":"product","2":"type-product","3":"status-publish","4":"has-post-thumbnail","6":"product_cat-hogar","7":"product_cat-sillas","8":"product_tag-maarten-baas-es","9":"product_tag-moooi-es","11":"first","12":"outofstock","13":"shipping-taxable","14":"purchasable","15":"product-type-simple"},"acf":[],"aioseo_notices":[],"_links":{"self":[{"href":"https:\/\/ikonisch.pt\/es\/wp-json\/wp\/v2\/product\/11371","targetHints":{"allow":["GET"]}}],"collection":[{"href":"https:\/\/ikonisch.pt\/es\/wp-json\/wp\/v2\/product"}],"about":[{"href":"https:\/\/ikonisch.pt\/es\/wp-json\/wp\/v2\/types\/product"}],"wp:featuredmedia":[{"embeddable":true,"href":"https:\/\/ikonisch.pt\/es\/wp-json\/wp\/v2\/media\/10987"}],"wp:attachment":[{"href":"https:\/\/ikonisch.pt\/es\/wp-json\/wp\/v2\/media?parent=11371"}],"wp:term":[{"taxonomy":"product_brand","embeddable":true,"href":"https:\/\/ikonisch.pt\/es\/wp-json\/wp\/v2\/product_brand?post=11371"},{"taxonomy":"product_cat","embeddable":true,"href":"https:\/\/ikonisch.pt\/es\/wp-json\/wp\/v2\/product_cat?post=11371"},{"taxonomy":"product_tag","embeddable":true,"href":"https:\/\/ikonisch.pt\/es\/wp-json\/wp\/v2\/product_tag?post=11371"}],"curies":[{"name":"wp","href":"https:\/\/api.w.org\/{rel}","templated":true}]}}