{"id":11433,"date":"2022-11-11T17:59:40","date_gmt":"2022-11-11T17:59:40","guid":{"rendered":"https:\/\/ikonisch.pt\/produtos\/cadeira-operativa-meda-2-vitra\/"},"modified":"2023-07-12T19:01:29","modified_gmt":"2023-07-12T19:01:29","slug":"cadeira-operativa-meda-2-vitra","status":"publish","type":"product","link":"https:\/\/ikonisch.pt\/es\/produtos\/cadeira-operativa-meda-2-vitra\/","title":{"rendered":"Cadeira Operativa Meda 2 &#8211; Vitra"},"content":{"rendered":"<p>Vitra es una empresa Suiza dedicada a mejorar la calidad de hogares, oficinas y espacios p\u00fablicos mediante el poder del dise\u00f1o. Una colecci\u00f3n de Vitra incluye varios productos ic\u00f3nicos de dise\u00f1adores de renombre mundial, como la Lounge Chair de Ray &amp; Charles Eames y la Panton Chair, que lleva el nombre de Verner Panton. Los diferentes estilos de la marca demuestran su versatilidad y cada dise\u00f1ador individual tiene su propia firma de dise\u00f1o.<\/p>\n","protected":false},"excerpt":{"rendered":"<p><span data-sheets-value=\"{&quot;1&quot;:2,&quot;2&quot;:&quot;Silla giratoria, respaldo medio, con brazos fijos de aluminio. Asiento en piel natural y respaldo en tejido de malla. Sistema de reclinaci\u00f3n de respaldo natural. Base de 4 radios en aluminio con terminales deslizantes en PP.&quot;}\" data-sheets-userformat=\"{&quot;2&quot;:4993,&quot;3&quot;:{&quot;1&quot;:0},&quot;10&quot;:0,&quot;11&quot;:4,&quot;12&quot;:0,&quot;15&quot;:&quot;Arial&quot;}\">Dise\u00f1ada por Albert Meda para Vitra, la silla Meda 2 es una silla giratoria, respaldo medio, con brazos fijos de aluminio. Asiento en piel natural y respaldo en tejido de malla. Sistema de reclinaci\u00f3n de respaldo. Base de 5 radios en aluminio con terminales deslizantes en PP.<\/span><\/p>\n","protected":false},"featured_media":15263,"template":"","meta":{"_acf_changed":false,"inline_featured_image":false},"product_brand":[],"product_cat":[691],"product_tag":[1230,848],"class_list":{"0":"post-11433","1":"product","2":"type-product","3":"status-publish","4":"has-post-thumbnail","6":"product_cat-oficina","7":"product_tag-alberto-meda-es","8":"product_tag-vitra-es","10":"first","11":"outofstock","12":"shipping-taxable","13":"purchasable","14":"product-type-simple"},"acf":[],"aioseo_notices":[],"_links":{"self":[{"href":"https:\/\/ikonisch.pt\/es\/wp-json\/wp\/v2\/product\/11433","targetHints":{"allow":["GET"]}}],"collection":[{"href":"https:\/\/ikonisch.pt\/es\/wp-json\/wp\/v2\/product"}],"about":[{"href":"https:\/\/ikonisch.pt\/es\/wp-json\/wp\/v2\/types\/product"}],"wp:featuredmedia":[{"embeddable":true,"href":"https:\/\/ikonisch.pt\/es\/wp-json\/wp\/v2\/media\/15263"}],"wp:attachment":[{"href":"https:\/\/ikonisch.pt\/es\/wp-json\/wp\/v2\/media?parent=11433"}],"wp:term":[{"taxonomy":"product_brand","embeddable":true,"href":"https:\/\/ikonisch.pt\/es\/wp-json\/wp\/v2\/product_brand?post=11433"},{"taxonomy":"product_cat","embeddable":true,"href":"https:\/\/ikonisch.pt\/es\/wp-json\/wp\/v2\/product_cat?post=11433"},{"taxonomy":"product_tag","embeddable":true,"href":"https:\/\/ikonisch.pt\/es\/wp-json\/wp\/v2\/product_tag?post=11433"}],"curies":[{"name":"wp","href":"https:\/\/api.w.org\/{rel}","templated":true}]}}