{"id":11434,"date":"2022-11-11T17:48:40","date_gmt":"2022-11-11T17:48:40","guid":{"rendered":"https:\/\/ikonisch.pt\/produtos\/base-de-mesa-nomos-tecno\/"},"modified":"2023-05-11T14:10:12","modified_gmt":"2023-05-11T14:10:12","slug":"base-de-mesa-nomos-tecno","status":"publish","type":"product","link":"https:\/\/ikonisch.pt\/es\/produtos\/base-de-mesa-nomos-tecno\/","title":{"rendered":"Base de Mesa Nomos &#8211; Tecno"},"content":{"rendered":"<p><br data-mce-bogus=\"1\"><\/p>\n","protected":false},"excerpt":{"rendered":"<p>Dise\u00f1ada por Norman Foster en 1986, la premiada mesa Nomos marc\u00f3 un hito en el dise\u00f1o industrial. Su soporte central cromado sostiene las cuatro piernas que incluyen las pateras redondas. A la misma estructura central se incorporan las cuatro piezas de aluminio moldeado que soportan las ventosas para fijar el cristal. Acabado final con tinta texturada negro mate. <\/p>\n<p>Contamos con varias soluciones para el tablero de esta mesa, desde el tablero original de cristal hasta otros personalizados.<\/p>\n","protected":false},"featured_media":11026,"template":"","meta":{"_acf_changed":false,"inline_featured_image":false},"product_brand":[],"product_cat":[694,691],"product_tag":[814,836],"class_list":{"0":"post-11434","1":"product","2":"type-product","3":"status-publish","4":"has-post-thumbnail","6":"product_cat-mesas-es","7":"product_cat-oficina","8":"product_tag-norman-foster-es","9":"product_tag-tecno-es","11":"first","12":"outofstock","13":"shipping-taxable","14":"purchasable","15":"product-type-simple"},"acf":[],"aioseo_notices":[],"_links":{"self":[{"href":"https:\/\/ikonisch.pt\/es\/wp-json\/wp\/v2\/product\/11434","targetHints":{"allow":["GET"]}}],"collection":[{"href":"https:\/\/ikonisch.pt\/es\/wp-json\/wp\/v2\/product"}],"about":[{"href":"https:\/\/ikonisch.pt\/es\/wp-json\/wp\/v2\/types\/product"}],"wp:featuredmedia":[{"embeddable":true,"href":"https:\/\/ikonisch.pt\/es\/wp-json\/wp\/v2\/media\/11026"}],"wp:attachment":[{"href":"https:\/\/ikonisch.pt\/es\/wp-json\/wp\/v2\/media?parent=11434"}],"wp:term":[{"taxonomy":"product_brand","embeddable":true,"href":"https:\/\/ikonisch.pt\/es\/wp-json\/wp\/v2\/product_brand?post=11434"},{"taxonomy":"product_cat","embeddable":true,"href":"https:\/\/ikonisch.pt\/es\/wp-json\/wp\/v2\/product_cat?post=11434"},{"taxonomy":"product_tag","embeddable":true,"href":"https:\/\/ikonisch.pt\/es\/wp-json\/wp\/v2\/product_tag?post=11434"}],"curies":[{"name":"wp","href":"https:\/\/api.w.org\/{rel}","templated":true}]}}