{"id":11435,"date":"2022-09-21T13:33:53","date_gmt":"2022-09-21T13:33:53","guid":{"rendered":"https:\/\/ikonisch.pt\/produtos\/silla-comforto-62-haworth\/"},"modified":"2026-03-26T13:37:44","modified_gmt":"2026-03-26T13:37:44","slug":"silla-comforto-62-haworth","status":"publish","type":"product","link":"https:\/\/ikonisch.pt\/es\/produtos\/silla-comforto-62-haworth\/","title":{"rendered":"Silla Comforto 62 &#8211; Haworth"},"content":{"rendered":"","protected":false},"excerpt":{"rendered":"<p><span data-sheets-value=\"{&quot;1&quot;:2,&quot;2&quot;:&quot;Silla operativa con respaldo alto y giratorio. Asiento de tela, brazos de goma y respaldo de malla con soporte lumbar asim\u00e9trico ajustable en altura. Base de cinco radios de pl\u00e1stico y sistema de elevaci\u00f3n neum\u00e1tica. Ajuste de la profundidad del asiento y reclinaci\u00f3n del respaldo en tres niveles con palanca de presi\u00f3n. Brazos ajustables en altura, anchura y distancia.&quot;}\" data-sheets-userformat=\"{&quot;2&quot;:4993,&quot;3&quot;:{&quot;1&quot;:0},&quot;10&quot;:0,&quot;11&quot;:4,&quot;12&quot;:0,&quot;15&quot;:&quot;Arial&quot;}\">Silla de oficina giratoria con respaldo alto. Asiento de tejido, brazos de goma y respaldo de malla con soporte lumbar asim\u00e9trico ajustable en altura. Base de cinco radios de pl\u00e1stico y sistema de elevaci\u00f3n neum\u00e1tica. Ajuste de la profundidad del asiento y reclinaci\u00f3n del respaldo en tres niveles con palanca de presi\u00f3n. Brazos ajustables en altura, anchura y distancia.<\/span><\/p>\n","protected":false},"featured_media":15232,"template":"","meta":{"_acf_changed":false,"inline_featured_image":false},"product_brand":[],"product_cat":[691],"product_tag":[761],"class_list":{"0":"post-11435","1":"product","2":"type-product","3":"status-publish","4":"has-post-thumbnail","6":"product_cat-oficina","7":"product_tag-haworth-es","9":"first","10":"instock","11":"featured","12":"shipping-taxable","13":"purchasable","14":"product-type-simple"},"acf":[],"aioseo_notices":[],"_links":{"self":[{"href":"https:\/\/ikonisch.pt\/es\/wp-json\/wp\/v2\/product\/11435","targetHints":{"allow":["GET"]}}],"collection":[{"href":"https:\/\/ikonisch.pt\/es\/wp-json\/wp\/v2\/product"}],"about":[{"href":"https:\/\/ikonisch.pt\/es\/wp-json\/wp\/v2\/types\/product"}],"wp:featuredmedia":[{"embeddable":true,"href":"https:\/\/ikonisch.pt\/es\/wp-json\/wp\/v2\/media\/15232"}],"wp:attachment":[{"href":"https:\/\/ikonisch.pt\/es\/wp-json\/wp\/v2\/media?parent=11435"}],"wp:term":[{"taxonomy":"product_brand","embeddable":true,"href":"https:\/\/ikonisch.pt\/es\/wp-json\/wp\/v2\/product_brand?post=11435"},{"taxonomy":"product_cat","embeddable":true,"href":"https:\/\/ikonisch.pt\/es\/wp-json\/wp\/v2\/product_cat?post=11435"},{"taxonomy":"product_tag","embeddable":true,"href":"https:\/\/ikonisch.pt\/es\/wp-json\/wp\/v2\/product_tag?post=11435"}],"curies":[{"name":"wp","href":"https:\/\/api.w.org\/{rel}","templated":true}]}}