{"id":11437,"date":"2022-05-31T15:11:17","date_gmt":"2022-05-31T15:11:17","guid":{"rendered":"https:\/\/ikonisch.pt\/produtos\/silla-operativa-rh-logic-400-brazos-360-flokk\/"},"modified":"2023-05-11T15:20:00","modified_gmt":"2023-05-11T15:20:00","slug":"silla-operativa-rh-logic-400-brazos-360-flokk","status":"publish","type":"product","link":"https:\/\/ikonisch.pt\/es\/produtos\/silla-operativa-rh-logic-400-brazos-360-flokk\/","title":{"rendered":"Silla Operativa RH Logic 400 (Brazos 360) &#8211; Flokk"},"content":{"rendered":"","protected":false},"excerpt":{"rendered":"<p><span data-sheets-value=\"{&quot;1&quot;:2,&quot;2&quot;:&quot;Silla operativa con respaldo alto y giratorio, con reposacabezas giratorio ajustable en altura. Asiento y respaldo de tela. Base de aluminio de cinco radios y siete mandos de ajuste. Tres mandos a lo largo del asiento permiten la elevaci\u00f3n neum\u00e1tica, el ajuste del \u00e1ngulo del respaldo y el ajuste de la profundidad del asiento. La palanca del respaldo permite ajustar la altura y la bomba de presi\u00f3n para llenar el soporte lumbar. Las dos manivelas situadas bajo el asiento permiten ajustar la presi\u00f3n y bloquear el movimiento del respaldo y del asiento. Brazos ajustables en altura y amplitud de 360 grados.&quot;}\" data-sheets-userformat=\"{&quot;2&quot;:4993,&quot;3&quot;:{&quot;1&quot;:0},&quot;10&quot;:0,&quot;11&quot;:4,&quot;12&quot;:0,&quot;15&quot;:&quot;Arial&quot;}\">Silla de oficina giratoria con respaldo <\/span>alto, reposacabeza giratorio y ajustable en altura. Asiento y respaldo de tejido. Base de aluminio de cinco radios y siete mandos de ajuste. Tres mandos a lo largo del asiento permiten la elevaci\u00f3n neum\u00e1tica, el ajuste del \u00e1ngulo del respaldo y la profundidad del asiento. La palanca del respaldo permite ajustar la altura y la bomba de presi\u00f3n para llenar el soporte lumbar. Las dos manivelas situadas bajo el asiento permiten ajustar la presi\u00f3n y bloquear el movimiento del respaldo y del asiento. Brazos ajustables en altura y amplitud de 360 grados.<\/p>\n","protected":false},"featured_media":15245,"template":"","meta":{"_acf_changed":false,"inline_featured_image":false},"product_brand":[],"product_cat":[691],"product_tag":[753],"class_list":{"0":"post-11437","1":"product","2":"type-product","3":"status-publish","4":"has-post-thumbnail","6":"product_cat-oficina","7":"product_tag-flokk-es","9":"first","10":"outofstock","11":"shipping-taxable","12":"purchasable","13":"product-type-simple"},"acf":[],"aioseo_notices":[],"_links":{"self":[{"href":"https:\/\/ikonisch.pt\/es\/wp-json\/wp\/v2\/product\/11437","targetHints":{"allow":["GET"]}}],"collection":[{"href":"https:\/\/ikonisch.pt\/es\/wp-json\/wp\/v2\/product"}],"about":[{"href":"https:\/\/ikonisch.pt\/es\/wp-json\/wp\/v2\/types\/product"}],"wp:featuredmedia":[{"embeddable":true,"href":"https:\/\/ikonisch.pt\/es\/wp-json\/wp\/v2\/media\/15245"}],"wp:attachment":[{"href":"https:\/\/ikonisch.pt\/es\/wp-json\/wp\/v2\/media?parent=11437"}],"wp:term":[{"taxonomy":"product_brand","embeddable":true,"href":"https:\/\/ikonisch.pt\/es\/wp-json\/wp\/v2\/product_brand?post=11437"},{"taxonomy":"product_cat","embeddable":true,"href":"https:\/\/ikonisch.pt\/es\/wp-json\/wp\/v2\/product_cat?post=11437"},{"taxonomy":"product_tag","embeddable":true,"href":"https:\/\/ikonisch.pt\/es\/wp-json\/wp\/v2\/product_tag?post=11437"}],"curies":[{"name":"wp","href":"https:\/\/api.w.org\/{rel}","templated":true}]}}