{"id":11438,"date":"2022-05-10T12:13:10","date_gmt":"2022-05-10T12:13:10","guid":{"rendered":"https:\/\/ikonisch.pt\/produtos\/base-de-mesa-segmented-vitra\/"},"modified":"2023-05-11T15:46:00","modified_gmt":"2023-05-11T15:46:00","slug":"base-de-mesa-segmented-vitra","status":"publish","type":"product","link":"https:\/\/ikonisch.pt\/es\/produtos\/base-de-mesa-segmented-vitra\/","title":{"rendered":"Base de Mesa Segmented &#8211; Vitra"},"content":{"rendered":"","protected":false},"excerpt":{"rendered":"<p><span data-sheets-value=\"{&quot;1&quot;:2,&quot;2&quot;:&quot;Dise\u00f1ado por Charles y Ray Eames y fabricado por Vitra, el modelo Segmented soporta un tablero que puede utilizarse vers\u00e1tilmente como mesa de trabajo, de reuni\u00f3n o de comedor. Marco dividido de cuatro radios en aluminio cromado.\u00a0Disponemos de varias soluciones para la tapa de esta mesa, desde la tapa original chapada, hasta otras personalizadas.&quot;}\" data-sheets-userformat=\"{&quot;2&quot;:4993,&quot;3&quot;:{&quot;1&quot;:0},&quot;10&quot;:0,&quot;11&quot;:4,&quot;12&quot;:0,&quot;15&quot;:&quot;Arial&quot;}\">Dise\u00f1ado por Charles y Ray Eames y fabricado por Vitra, el modelo Segmented soporta un tablero que puede utilizarse vers\u00e1tilmente como mesa de trabajo, de reuni\u00f3n o de comedor. Estructura de cuatro radios bipartida en aluminio cromado. <\/span><\/p>\n<p><span data-sheets-value=\"{&quot;1&quot;:2,&quot;2&quot;:&quot;Dise\u00f1ado por Charles y Ray Eames y fabricado por Vitra, el modelo Segmented soporta un tablero que puede utilizarse vers\u00e1tilmente como mesa de trabajo, de reuni\u00f3n o de comedor. Marco dividido de cuatro radios en aluminio cromado.\u00a0Disponemos de varias soluciones para la tapa de esta mesa, desde la tapa original chapada, hasta otras personalizadas.&quot;}\" data-sheets-userformat=\"{&quot;2&quot;:4993,&quot;3&quot;:{&quot;1&quot;:0},&quot;10&quot;:0,&quot;11&quot;:4,&quot;12&quot;:0,&quot;15&quot;:&quot;Arial&quot;}\">Disponemos de varias soluciones de tableros para este soporte, desde el original hasta otros personalizados.<\/span><\/p>\n","protected":false},"featured_media":15329,"template":"","meta":{"_acf_changed":false,"inline_featured_image":false},"product_brand":[],"product_cat":[694,691],"product_tag":[735,848],"class_list":{"0":"post-11438","1":"product","2":"type-product","3":"status-publish","4":"has-post-thumbnail","6":"product_cat-mesas-es","7":"product_cat-oficina","8":"product_tag-charles-ray-eames-es","9":"product_tag-vitra-es","11":"first","12":"outofstock","13":"shipping-taxable","14":"purchasable","15":"product-type-simple"},"acf":[],"aioseo_notices":[],"_links":{"self":[{"href":"https:\/\/ikonisch.pt\/es\/wp-json\/wp\/v2\/product\/11438","targetHints":{"allow":["GET"]}}],"collection":[{"href":"https:\/\/ikonisch.pt\/es\/wp-json\/wp\/v2\/product"}],"about":[{"href":"https:\/\/ikonisch.pt\/es\/wp-json\/wp\/v2\/types\/product"}],"wp:featuredmedia":[{"embeddable":true,"href":"https:\/\/ikonisch.pt\/es\/wp-json\/wp\/v2\/media\/15329"}],"wp:attachment":[{"href":"https:\/\/ikonisch.pt\/es\/wp-json\/wp\/v2\/media?parent=11438"}],"wp:term":[{"taxonomy":"product_brand","embeddable":true,"href":"https:\/\/ikonisch.pt\/es\/wp-json\/wp\/v2\/product_brand?post=11438"},{"taxonomy":"product_cat","embeddable":true,"href":"https:\/\/ikonisch.pt\/es\/wp-json\/wp\/v2\/product_cat?post=11438"},{"taxonomy":"product_tag","embeddable":true,"href":"https:\/\/ikonisch.pt\/es\/wp-json\/wp\/v2\/product_tag?post=11438"}],"curies":[{"name":"wp","href":"https:\/\/api.w.org\/{rel}","templated":true}]}}