{"id":11528,"date":"2022-05-31T14:33:57","date_gmt":"2022-05-31T14:33:57","guid":{"rendered":"https:\/\/ikonisch.pt\/produtos\/sofa-jasper-morrison-vitra\/"},"modified":"2024-02-15T12:15:03","modified_gmt":"2024-02-15T12:15:03","slug":"sofa-jasper-morrison-vitra","status":"publish","type":"product","link":"https:\/\/ikonisch.pt\/es\/produtos\/sofa-jasper-morrison-vitra\/","title":{"rendered":"Sof\u00e1 Jasper Morrison &#8211; Vitra"},"content":{"rendered":"","protected":false},"excerpt":{"rendered":"<p><span data-sheets-value=\"{&quot;1&quot;:2,&quot;2&quot;:&quot;Dise\u00f1ado por Jasper Morrison para Vitra, este modelo fue concebido con la intenci\u00f3n de reinventar el cl\u00e1sico &quot;chesterfield&quot;. Sof\u00e1 de dos plazas con estructura de madera recubierta de espuma moldeada y acabado en tejido gris Alcantara. Se apoya en cuatro pies de aluminio.&quot;}\" data-sheets-userformat=\"{&quot;2&quot;:4993,&quot;3&quot;:{&quot;1&quot;:0},&quot;10&quot;:0,&quot;11&quot;:4,&quot;12&quot;:0,&quot;15&quot;:&quot;Arial&quot;}\">Dise\u00f1ado por Jasper Morrison para Vitra, este modelo fue concebido para reinventar el cl\u00e1sico \u00abchesterfield\u00bb. Sof\u00e1 de dos plazas con estructura de madera recubierta de espuma moldeada y acabado en tejido gris Alcantara. Se apoya en cuatro pies de aluminio.<\/span><\/p>\n","protected":false},"featured_media":15350,"template":"","meta":{"_acf_changed":false,"inline_featured_image":false},"product_brand":[],"product_cat":[690,697],"product_tag":[773,848],"class_list":{"0":"post-11528","1":"product","2":"type-product","3":"status-publish","4":"has-post-thumbnail","6":"product_cat-hogar","7":"product_cat-sofas-y-sillones","8":"product_tag-jasper-morrison-es","9":"product_tag-vitra-es","11":"first","12":"outofstock","13":"shipping-taxable","14":"purchasable","15":"product-type-simple"},"acf":[],"aioseo_notices":[],"_links":{"self":[{"href":"https:\/\/ikonisch.pt\/es\/wp-json\/wp\/v2\/product\/11528","targetHints":{"allow":["GET"]}}],"collection":[{"href":"https:\/\/ikonisch.pt\/es\/wp-json\/wp\/v2\/product"}],"about":[{"href":"https:\/\/ikonisch.pt\/es\/wp-json\/wp\/v2\/types\/product"}],"wp:featuredmedia":[{"embeddable":true,"href":"https:\/\/ikonisch.pt\/es\/wp-json\/wp\/v2\/media\/15350"}],"wp:attachment":[{"href":"https:\/\/ikonisch.pt\/es\/wp-json\/wp\/v2\/media?parent=11528"}],"wp:term":[{"taxonomy":"product_brand","embeddable":true,"href":"https:\/\/ikonisch.pt\/es\/wp-json\/wp\/v2\/product_brand?post=11528"},{"taxonomy":"product_cat","embeddable":true,"href":"https:\/\/ikonisch.pt\/es\/wp-json\/wp\/v2\/product_cat?post=11528"},{"taxonomy":"product_tag","embeddable":true,"href":"https:\/\/ikonisch.pt\/es\/wp-json\/wp\/v2\/product_tag?post=11528"}],"curies":[{"name":"wp","href":"https:\/\/api.w.org\/{rel}","templated":true}]}}