{"id":11529,"date":"2022-10-07T15:17:46","date_gmt":"2022-10-07T15:17:46","guid":{"rendered":"https:\/\/ikonisch.pt\/produtos\/silla-dal-base-la-fonda-vitra\/"},"modified":"2022-10-07T15:17:46","modified_gmt":"2022-10-07T15:17:46","slug":"silla-dal-base-la-fonda-vitra","status":"publish","type":"product","link":"https:\/\/ikonisch.pt\/es\/produtos\/silla-dal-base-la-fonda-vitra\/","title":{"rendered":"Silla DAL Base La Fonda &#8211; Vitra"},"content":{"rendered":"","protected":false},"excerpt":{"rendered":"<p><span data-sheets-value=\"{&quot;1&quot;:2,&quot;2&quot;:&quot;Dise\u00f1ada por Charles y Ray Eames en 1950, la Plastic Chair fue la primera silla de pl\u00e1stico producida en serie. Las siglas DAL corresponden a la base de aluminio pulido &quot;La Fonda&quot;, tambi\u00e9n dise\u00f1ada por la pareja para el restaurante La Fonda del Sol, en Nueva York, a petici\u00f3n de Alexander Girard. nEste modelo producido por Vitra tiene su carcasa de pl\u00e1stico blanco tapizada con tela Hopsak amarillo\/verde pastel&quot; ref. 71 con ribete blanco.&quot;}\" data-sheets-userformat=\"{&quot;2&quot;:4993,&quot;3&quot;:{&quot;1&quot;:0},&quot;10&quot;:0,&quot;11&quot;:4,&quot;12&quot;:0,&quot;15&quot;:&quot;Arial&quot;}\">Dise\u00f1ada por Charles y Ray Eames en 1950, la Plastic Chair fue la primera silla de pl\u00e1stico producida en serie. Las siglas DAL corresponden a la base de aluminio pulido \u00abLa Fonda\u00bb, tambi\u00e9n dise\u00f1ada por la pareja para el restaurante La Fonda del Sol, en Nueva York, a petici\u00f3n de Alexander Girard.<br \/>\nEste modelo producido por Vitra tiene su carcasa de pl\u00e1stico blanco tapizada con tela Hopsak amarillo\/verde pastel\u00bb ref. 71 con ribete blanco.<\/span><\/p>\n","protected":false},"featured_media":10950,"template":"","meta":{"_acf_changed":false,"inline_featured_image":false},"product_brand":[],"product_cat":[698,689],"product_tag":[735,848],"class_list":{"0":"post-11529","1":"product","2":"type-product","3":"status-publish","4":"has-post-thumbnail","6":"product_cat-coleccion-vintage","7":"product_cat-sillas","8":"product_tag-charles-ray-eames-es","9":"product_tag-vitra-es","11":"first","12":"outofstock","13":"shipping-taxable","14":"purchasable","15":"product-type-simple"},"acf":[],"aioseo_notices":[],"_links":{"self":[{"href":"https:\/\/ikonisch.pt\/es\/wp-json\/wp\/v2\/product\/11529","targetHints":{"allow":["GET"]}}],"collection":[{"href":"https:\/\/ikonisch.pt\/es\/wp-json\/wp\/v2\/product"}],"about":[{"href":"https:\/\/ikonisch.pt\/es\/wp-json\/wp\/v2\/types\/product"}],"wp:featuredmedia":[{"embeddable":true,"href":"https:\/\/ikonisch.pt\/es\/wp-json\/wp\/v2\/media\/10950"}],"wp:attachment":[{"href":"https:\/\/ikonisch.pt\/es\/wp-json\/wp\/v2\/media?parent=11529"}],"wp:term":[{"taxonomy":"product_brand","embeddable":true,"href":"https:\/\/ikonisch.pt\/es\/wp-json\/wp\/v2\/product_brand?post=11529"},{"taxonomy":"product_cat","embeddable":true,"href":"https:\/\/ikonisch.pt\/es\/wp-json\/wp\/v2\/product_cat?post=11529"},{"taxonomy":"product_tag","embeddable":true,"href":"https:\/\/ikonisch.pt\/es\/wp-json\/wp\/v2\/product_tag?post=11529"}],"curies":[{"name":"wp","href":"https:\/\/api.w.org\/{rel}","templated":true}]}}