{"id":11601,"date":"2023-01-31T11:31:49","date_gmt":"2023-01-31T11:31:49","guid":{"rendered":"https:\/\/ikonisch.pt\/produtos\/mesa-usm-haller\/"},"modified":"2024-10-18T11:44:57","modified_gmt":"2024-10-18T11:44:57","slug":"mesa-usm-haller","status":"publish","type":"product","link":"https:\/\/ikonisch.pt\/es\/produtos\/mesa-usm-haller\/","title":{"rendered":"Mesa USM Haller"},"content":{"rendered":"","protected":false},"excerpt":{"rendered":"<p><span data-sheets-value=\"{&quot;1&quot;:2,&quot;2&quot;:&quot;Mesa cl\u00e1sica de dise\u00f1o ic\u00f3nico de USM Haller caracterizada por su estructura de bola y tubo cromado. El sistema de base USM Haller, dise\u00f1ado en 1964, se ha convertido en sin\u00f3nimo de elegancia y modernismo. Ideal para crear un escritorio \u00fanico, atemporal y elegante. Es perfecto para cualquier hogar y oficina, independientemente de la est\u00e9tica personal. Incorpora un sistema patentado de ajuste de la altura del tablero, que hace que la mesa sea a\u00fan m\u00e1s vers\u00e1til. Las piezas USM Haller est\u00e1n construidas con los materiales m\u00e1s finos y duraderos. Y sus t\u00e9cnicos suizos construyen y montan cada mesa con precisi\u00f3n. Tapa de cristal pintado de 20 mm de grosor.&quot;}\" data-sheets-userformat=\"{&quot;2&quot;:4993,&quot;3&quot;:{&quot;1&quot;:0},&quot;10&quot;:0,&quot;11&quot;:4,&quot;12&quot;:0,&quot;15&quot;:&quot;Arial&quot;}\">Mesa cl\u00e1sica de dise\u00f1o ic\u00f3nico de USM Haller caracterizada por su estructura de bola y tubo cromado. El sistema de la base USM Haller, dise\u00f1ada en 1964, se ha convertido en sin\u00f3nimo de elegancia y modernismo. Atemporal y elegante. Es perfecta para cualquier hogar y oficina, independientemente de la est\u00e9tica personal. Incorpora un sistema patentado de ajuste de la altura del tablero, que hace que la mesa sea a\u00fan m\u00e1s vers\u00e1til. Las piezas USM Haller est\u00e1n construidas con los materiales m\u00e1s finos y duraderos.\u00a0<\/span><\/p>\n<p><span data-sheets-value=\"{&quot;1&quot;:2,&quot;2&quot;:&quot;Mesa cl\u00e1sica de dise\u00f1o ic\u00f3nico de USM Haller caracterizada por su estructura de bola y tubo cromado. El sistema de base USM Haller, dise\u00f1ado en 1964, se ha convertido en sin\u00f3nimo de elegancia y modernismo. Ideal para crear un escritorio \u00fanico, atemporal y elegante. Es perfecto para cualquier hogar y oficina, independientemente de la est\u00e9tica personal. Incorpora un sistema patentado de ajuste de la altura del tablero, que hace que la mesa sea a\u00fan m\u00e1s vers\u00e1til. Las piezas USM Haller est\u00e1n construidas con los materiales m\u00e1s finos y duraderos. Y sus t\u00e9cnicos suizos construyen y montan cada mesa con precisi\u00f3n. Tapa de cristal pintado de 20 mm de grosor.&quot;}\" data-sheets-userformat=\"{&quot;2&quot;:4993,&quot;3&quot;:{&quot;1&quot;:0},&quot;10&quot;:0,&quot;11&quot;:4,&quot;12&quot;:0,&quot;15&quot;:&quot;Arial&quot;}\">Tapa de vidrio pintado de 20 mm de espesor.<\/span><\/p>\n<p><strong>Realizamos entregas a nivel mundial. Para env\u00edos fuera de Portugal y Espa\u00f1a, por favor, cont\u00e1ctenos para recibir un presupuesto personalizado.<\/strong><\/p>\n<p>Para m\u00e1s informaci\u00f3n sobre precios, p\u00f3ngase en contacto con nosotros por correo electr\u00f3nico en\u00a0<a href=\"mailto:info@ikonisch.pt\"><strong>info@ikonisch.pt<\/strong><\/a>\u00a0o por tel\u00e9fono en el\u00a0<strong>+351 913 068 270<\/strong>.<\/p>\n","protected":false},"featured_media":31556,"template":"","meta":{"_acf_changed":false,"inline_featured_image":false},"product_brand":[],"product_cat":[694,691],"product_tag":[1744,842],"class_list":{"0":"post-11601","1":"product","2":"type-product","3":"status-publish","4":"has-post-thumbnail","6":"product_cat-mesas-es","7":"product_cat-oficina","8":"product_tag-fritz-haller-es","9":"product_tag-usm-haller-es","11":"first","12":"outofstock","13":"shipping-taxable","14":"purchasable","15":"product-type-simple"},"acf":[],"aioseo_notices":[],"_links":{"self":[{"href":"https:\/\/ikonisch.pt\/es\/wp-json\/wp\/v2\/product\/11601","targetHints":{"allow":["GET"]}}],"collection":[{"href":"https:\/\/ikonisch.pt\/es\/wp-json\/wp\/v2\/product"}],"about":[{"href":"https:\/\/ikonisch.pt\/es\/wp-json\/wp\/v2\/types\/product"}],"wp:featuredmedia":[{"embeddable":true,"href":"https:\/\/ikonisch.pt\/es\/wp-json\/wp\/v2\/media\/31556"}],"wp:attachment":[{"href":"https:\/\/ikonisch.pt\/es\/wp-json\/wp\/v2\/media?parent=11601"}],"wp:term":[{"taxonomy":"product_brand","embeddable":true,"href":"https:\/\/ikonisch.pt\/es\/wp-json\/wp\/v2\/product_brand?post=11601"},{"taxonomy":"product_cat","embeddable":true,"href":"https:\/\/ikonisch.pt\/es\/wp-json\/wp\/v2\/product_cat?post=11601"},{"taxonomy":"product_tag","embeddable":true,"href":"https:\/\/ikonisch.pt\/es\/wp-json\/wp\/v2\/product_tag?post=11601"}],"curies":[{"name":"wp","href":"https:\/\/api.w.org\/{rel}","templated":true}]}}