{"id":11602,"date":"2023-01-31T10:49:48","date_gmt":"2023-01-31T10:49:48","guid":{"rendered":"https:\/\/ikonisch.pt\/produtos\/silla-operativa-think-steelcase\/"},"modified":"2023-05-11T13:28:16","modified_gmt":"2023-05-11T13:28:16","slug":"silla-operativa-think-steelcase","status":"publish","type":"product","link":"https:\/\/ikonisch.pt\/es\/produtos\/silla-operativa-think-steelcase\/","title":{"rendered":"Silla Operativa Think &#8211; Steelcase"},"content":{"rendered":"","protected":false},"excerpt":{"rendered":"<p><span data-sheets-value=\"{&quot;1&quot;:2,&quot;2&quot;:&quot;Silla redonda y giratoria de respaldo medio. Respaldo de malla 3D y estructura de nylon con asiento de tela y brazos de goma. Base de cinco radios en polipropileno y sistema de elevaci\u00f3n neum\u00e1tico. Ajuste de la profundidad del asiento y reclinaci\u00f3n del respaldo.&quot;}\" data-sheets-userformat=\"{&quot;2&quot;:4993,&quot;3&quot;:{&quot;1&quot;:0},&quot;10&quot;:0,&quot;11&quot;:4,&quot;12&quot;:0,&quot;15&quot;:&quot;Arial&quot;}\">Silla redonda y giratoria de respaldo medio. Respaldo en malla 3D y estructura de nylon con asiento de tejido y brazos de goma. Base de cinco radios en polipropileno y sistema de elevaci\u00f3n neum\u00e1tica. Ajuste de la profundidad del asiento y reclinaci\u00f3n del respaldo.<\/span><\/p>\n","protected":false},"featured_media":17230,"template":"","meta":{"_acf_changed":false,"inline_featured_image":false},"product_brand":[],"product_cat":[691],"product_tag":[831],"class_list":{"0":"post-11602","1":"product","2":"type-product","3":"status-publish","4":"has-post-thumbnail","6":"product_cat-oficina","7":"product_tag-steelcase-es","9":"first","10":"outofstock","11":"shipping-taxable","12":"purchasable","13":"product-type-simple"},"acf":[],"aioseo_notices":[],"_links":{"self":[{"href":"https:\/\/ikonisch.pt\/es\/wp-json\/wp\/v2\/product\/11602","targetHints":{"allow":["GET"]}}],"collection":[{"href":"https:\/\/ikonisch.pt\/es\/wp-json\/wp\/v2\/product"}],"about":[{"href":"https:\/\/ikonisch.pt\/es\/wp-json\/wp\/v2\/types\/product"}],"wp:featuredmedia":[{"embeddable":true,"href":"https:\/\/ikonisch.pt\/es\/wp-json\/wp\/v2\/media\/17230"}],"wp:attachment":[{"href":"https:\/\/ikonisch.pt\/es\/wp-json\/wp\/v2\/media?parent=11602"}],"wp:term":[{"taxonomy":"product_brand","embeddable":true,"href":"https:\/\/ikonisch.pt\/es\/wp-json\/wp\/v2\/product_brand?post=11602"},{"taxonomy":"product_cat","embeddable":true,"href":"https:\/\/ikonisch.pt\/es\/wp-json\/wp\/v2\/product_cat?post=11602"},{"taxonomy":"product_tag","embeddable":true,"href":"https:\/\/ikonisch.pt\/es\/wp-json\/wp\/v2\/product_tag?post=11602"}],"curies":[{"name":"wp","href":"https:\/\/api.w.org\/{rel}","templated":true}]}}