{"id":11604,"date":"2022-12-12T10:50:49","date_gmt":"2022-12-12T10:50:49","guid":{"rendered":"https:\/\/ikonisch.pt\/produtos\/silla-wink-cassina\/"},"modified":"2024-02-12T13:38:51","modified_gmt":"2024-02-12T13:38:51","slug":"silla-wink-cassina","status":"publish","type":"product","link":"https:\/\/ikonisch.pt\/es\/produtos\/silla-wink-cassina\/","title":{"rendered":"Silla Wink &#8211; Cassina"},"content":{"rendered":"","protected":false},"excerpt":{"rendered":"<p><span data-sheets-value=\"{&quot;1&quot;:2,&quot;2&quot;:&quot;Dise\u00f1ada por Toshiyuki Kita para Cassina, la silla Wink, con su doble reposacabezas abatible, permite una postura correcta y es ergon\u00f3micamente vers\u00e1til, transform\u00e1ndose en una chaise longue. Estructura tubular de acero con base retr\u00e1ctil recubierta de espuma de poliuretano con acabado final en cuero natural negro. &quot;}\" data-sheets-userformat=\"{&quot;2&quot;:4993,&quot;3&quot;:{&quot;1&quot;:0},&quot;10&quot;:0,&quot;11&quot;:4,&quot;12&quot;:0,&quot;15&quot;:&quot;Arial&quot;}\">Dise\u00f1ada por Toshiyuki Kita para Cassina, la silla Wink, con su doble reposacabezas abatible, permite una postura correcta y es ergon\u00f3micamente vers\u00e1til, transform\u00e1ndose en una chaise longue. Estructura tubular de acero con base retr\u00e1ctil recubierta de espuma de poliuretano con acabado final en cuero natural negro. <\/span><\/p>\n","protected":false},"featured_media":11231,"template":"","meta":{"_acf_changed":false,"inline_featured_image":false},"product_brand":[],"product_cat":[697],"product_tag":[732,1219],"class_list":{"0":"post-11604","1":"product","2":"type-product","3":"status-publish","4":"has-post-thumbnail","6":"product_cat-sofas-y-sillones","7":"product_tag-cassina-es","8":"product_tag-toshiyuki-kita-es","10":"first","11":"outofstock","12":"shipping-taxable","13":"purchasable","14":"product-type-simple"},"acf":[],"aioseo_notices":[],"_links":{"self":[{"href":"https:\/\/ikonisch.pt\/es\/wp-json\/wp\/v2\/product\/11604","targetHints":{"allow":["GET"]}}],"collection":[{"href":"https:\/\/ikonisch.pt\/es\/wp-json\/wp\/v2\/product"}],"about":[{"href":"https:\/\/ikonisch.pt\/es\/wp-json\/wp\/v2\/types\/product"}],"wp:featuredmedia":[{"embeddable":true,"href":"https:\/\/ikonisch.pt\/es\/wp-json\/wp\/v2\/media\/11231"}],"wp:attachment":[{"href":"https:\/\/ikonisch.pt\/es\/wp-json\/wp\/v2\/media?parent=11604"}],"wp:term":[{"taxonomy":"product_brand","embeddable":true,"href":"https:\/\/ikonisch.pt\/es\/wp-json\/wp\/v2\/product_brand?post=11604"},{"taxonomy":"product_cat","embeddable":true,"href":"https:\/\/ikonisch.pt\/es\/wp-json\/wp\/v2\/product_cat?post=11604"},{"taxonomy":"product_tag","embeddable":true,"href":"https:\/\/ikonisch.pt\/es\/wp-json\/wp\/v2\/product_tag?post=11604"}],"curies":[{"name":"wp","href":"https:\/\/api.w.org\/{rel}","templated":true}]}}