{"id":11611,"date":"2023-02-08T15:20:50","date_gmt":"2023-02-08T15:20:50","guid":{"rendered":"https:\/\/ikonisch.pt\/?post_type=product&#038;p=11611"},"modified":"2023-05-11T13:19:19","modified_gmt":"2023-05-11T13:19:19","slug":"sofa-ammannati-vitelli","status":"publish","type":"product","link":"https:\/\/ikonisch.pt\/es\/produtos\/sofa-ammannati-vitelli\/","title":{"rendered":"Sofa Ammannati &amp; Vitelli"},"content":{"rendered":"","protected":false},"excerpt":{"rendered":"<p><span data-sheets-value=\"{&quot;1&quot;:2,&quot;2&quot;:&quot;Sof\u00e1 doble fabricado en Portugal en los a\u00f1os 70 bajo patente, de origen italiano, por los dise\u00f1adores Tatina Ammannati &amp; Giampiero Vitelli. nTiene un dise\u00f1o elegante y esbelto con tapicer\u00eda revestida en tela roja, y una estructura en forma de &quot;T&quot; invertida de acero cromado con detalles en el mismo acabado que la tela de la tapicer\u00eda.nAltura del asiento: 43 cmnProfundidad del asiento: 48 cmnAltura del respaldo: 47 cm&quot;}\" data-sheets-userformat=\"{&quot;2&quot;:4993,&quot;3&quot;:{&quot;1&quot;:0},&quot;10&quot;:0,&quot;11&quot;:4,&quot;12&quot;:0,&quot;15&quot;:&quot;Arial&quot;}\">Sof\u00e1 doble fabricado en Portugal en los a\u00f1os 70 bajo patente, de origen italiano, dise\u00f1o de Tatina Ammannati &amp; Giampiero Vitelli.<br \/>\nTiene un dise\u00f1o elegante y esbelto con tapicer\u00eda revestida en tejido rojo y una estructura en forma de \u00abT\u00bb invertida en acero cromado, con detalles en el mismo acabado que el tejido de la tapicer\u00eda.<\/span><\/p>\n<p><span data-sheets-value=\"{&quot;1&quot;:2,&quot;2&quot;:&quot;Sof\u00e1 doble fabricado en Portugal en los a\u00f1os 70 bajo patente, de origen italiano, por los dise\u00f1adores Tatina Ammannati &amp; Giampiero Vitelli. nTiene un dise\u00f1o elegante y esbelto con tapicer\u00eda revestida en tela roja, y una estructura en forma de &quot;T&quot; invertida de acero cromado con detalles en el mismo acabado que la tela de la tapicer\u00eda.nAltura del asiento: 43 cmnProfundidad del asiento: 48 cmnAltura del respaldo: 47 cm&quot;}\" data-sheets-userformat=\"{&quot;2&quot;:4993,&quot;3&quot;:{&quot;1&quot;:0},&quot;10&quot;:0,&quot;11&quot;:4,&quot;12&quot;:0,&quot;15&quot;:&quot;Arial&quot;}\"><br \/>\nAltura del asiento: 43 cm<br \/>\nProfundidad del asiento: 48 cm<br \/>\nAltura del respaldo: 47 cm<\/span><\/p>\n","protected":false},"featured_media":11635,"template":"","meta":{"_acf_changed":false,"inline_featured_image":false},"product_brand":[],"product_cat":[697],"product_tag":[704],"class_list":{"0":"post-11611","1":"product","2":"type-product","3":"status-publish","4":"has-post-thumbnail","6":"product_cat-sofas-y-sillones","7":"product_tag-ammannati-vitelli-es","9":"first","10":"outofstock","11":"shipping-taxable","12":"purchasable","13":"product-type-simple"},"acf":[],"aioseo_notices":[],"_links":{"self":[{"href":"https:\/\/ikonisch.pt\/es\/wp-json\/wp\/v2\/product\/11611","targetHints":{"allow":["GET"]}}],"collection":[{"href":"https:\/\/ikonisch.pt\/es\/wp-json\/wp\/v2\/product"}],"about":[{"href":"https:\/\/ikonisch.pt\/es\/wp-json\/wp\/v2\/types\/product"}],"wp:featuredmedia":[{"embeddable":true,"href":"https:\/\/ikonisch.pt\/es\/wp-json\/wp\/v2\/media\/11635"}],"wp:attachment":[{"href":"https:\/\/ikonisch.pt\/es\/wp-json\/wp\/v2\/media?parent=11611"}],"wp:term":[{"taxonomy":"product_brand","embeddable":true,"href":"https:\/\/ikonisch.pt\/es\/wp-json\/wp\/v2\/product_brand?post=11611"},{"taxonomy":"product_cat","embeddable":true,"href":"https:\/\/ikonisch.pt\/es\/wp-json\/wp\/v2\/product_cat?post=11611"},{"taxonomy":"product_tag","embeddable":true,"href":"https:\/\/ikonisch.pt\/es\/wp-json\/wp\/v2\/product_tag?post=11611"}],"curies":[{"name":"wp","href":"https:\/\/api.w.org\/{rel}","templated":true}]}}