{"id":11665,"date":"2023-02-13T09:52:50","date_gmt":"2023-02-13T09:52:50","guid":{"rendered":"https:\/\/ikonisch.pt\/?post_type=product&#038;p=11665"},"modified":"2024-02-12T12:46:54","modified_gmt":"2024-02-12T12:46:54","slug":"mesa-container-table-classic-moooi","status":"publish","type":"product","link":"https:\/\/ikonisch.pt\/es\/produtos\/mesa-container-table-classic-moooi\/","title":{"rendered":"Mesa Container Table Classic &#8211; Moooi"},"content":{"rendered":"","protected":false},"excerpt":{"rendered":"<p><span data-sheets-value=\"{&quot;1&quot;:2,&quot;2&quot;:&quot;Dise\u00f1ada por el estudio Marcel Wanders para Moooi, la mesa es descrita por el dise\u00f1ador como la base alrededor de la cual construir tu hogar. nCon un dise\u00f1o de l\u00edneas ligeras y formas minimalistas, la Container Table Classic es una pieza ic\u00f3nica que hace sentir su presencia.nSe trata de una pieza vers\u00e1til apta para cualquier entorno; hogar, oficina y espacios p\u00fablicos.nTiene una tapa redonda de madera revestida de chapa de roble lacado negro, de aproximadamente 4cm de espesor y 140cm de di\u00e1metro, ideal para sentar a 6 personas.nTiene la base &quot;Container Table Foot Classic 7143&quot; en polietileno (PE) en color negro RAL 9017 y di\u00e1metro de 43cm.&quot;}\" data-sheets-userformat=\"{&quot;2&quot;:4993,&quot;3&quot;:{&quot;1&quot;:0},&quot;10&quot;:0,&quot;11&quot;:4,&quot;12&quot;:0,&quot;15&quot;:&quot;Arial&quot;}\">Dise\u00f1ada por el estudio Marcel Wanders para Moooi, la mesa es descripta por el dise\u00f1ador como la base alrededor de la cual construir su hogar.<br \/>\nCon un dise\u00f1o de l\u00edneas ligeras y formas minimalistas, la Container Table Classic es una pieza ic\u00f3nica que hace sentir su presencia.<br \/>\nSe trata de una pieza vers\u00e1til apta para cualquier ambiente; hogar, oficina y espacios p\u00fablicos.<br \/>\nTiene una tapa redonda de madera revestida de chapa de roble lacado negro, de aproximadamente 4cm de espesor y 140cm de di\u00e1metro, ideal para ubicar a 6 personas.<br \/>\nLa base \u00abContainer Table Foot Classic 7143\u00bb realizada en polietileno (PE) en color negro RAL 9017 y di\u00e1metro de 43cm.<\/span><\/p>\n","protected":false},"featured_media":18099,"template":"","meta":{"_acf_changed":false,"inline_featured_image":false},"product_brand":[],"product_cat":[694],"product_tag":[1148,801],"class_list":{"0":"post-11665","1":"product","2":"type-product","3":"status-publish","4":"has-post-thumbnail","6":"product_cat-mesas-es","7":"product_tag-marcel-wanders-es","8":"product_tag-moooi-es","10":"first","11":"outofstock","12":"shipping-taxable","13":"purchasable","14":"product-type-simple"},"acf":[],"aioseo_notices":[],"_links":{"self":[{"href":"https:\/\/ikonisch.pt\/es\/wp-json\/wp\/v2\/product\/11665","targetHints":{"allow":["GET"]}}],"collection":[{"href":"https:\/\/ikonisch.pt\/es\/wp-json\/wp\/v2\/product"}],"about":[{"href":"https:\/\/ikonisch.pt\/es\/wp-json\/wp\/v2\/types\/product"}],"wp:featuredmedia":[{"embeddable":true,"href":"https:\/\/ikonisch.pt\/es\/wp-json\/wp\/v2\/media\/18099"}],"wp:attachment":[{"href":"https:\/\/ikonisch.pt\/es\/wp-json\/wp\/v2\/media?parent=11665"}],"wp:term":[{"taxonomy":"product_brand","embeddable":true,"href":"https:\/\/ikonisch.pt\/es\/wp-json\/wp\/v2\/product_brand?post=11665"},{"taxonomy":"product_cat","embeddable":true,"href":"https:\/\/ikonisch.pt\/es\/wp-json\/wp\/v2\/product_cat?post=11665"},{"taxonomy":"product_tag","embeddable":true,"href":"https:\/\/ikonisch.pt\/es\/wp-json\/wp\/v2\/product_tag?post=11665"}],"curies":[{"name":"wp","href":"https:\/\/api.w.org\/{rel}","templated":true}]}}