{"id":11668,"date":"2023-02-13T10:17:41","date_gmt":"2023-02-13T10:17:41","guid":{"rendered":"https:\/\/ikonisch.pt\/?post_type=product&#038;p=11668"},"modified":"2023-05-12T15:05:27","modified_gmt":"2023-05-12T15:05:27","slug":"silla-tulip-chromcraft-70s","status":"publish","type":"product","link":"https:\/\/ikonisch.pt\/es\/produtos\/silla-tulip-chromcraft-70s\/","title":{"rendered":"Silla Tulip &#8211; Chromcraft 70&#8217;s"},"content":{"rendered":"","protected":false},"excerpt":{"rendered":"<p>Silla de comedor vintage, de dise\u00f1o ic\u00f3nico \u00abTulip Chair\u00bb, inspirada en la naturaleza. Dise\u00f1ada por Eero Saarinen y producida por Chromcraft (USA). Cuenta con un elegante dise\u00f1o de l\u00edneas suaves, caracter\u00edstica del Modernismo, y es considerada un cl\u00e1sico del dise\u00f1o industrial. Base cromada en forma de tulip\u00e1n, asiento giratorio moldeado en lucite ahumado y asientos originales en vinil blanco. Con algunas marcas superficiales y desgaste en condiciones vintage, con algunos signos de uso.<\/p>\n<p>Atenci\u00f3n: Valor unitario<\/p>\n","protected":false},"featured_media":11726,"template":"","meta":{"_acf_changed":false,"inline_featured_image":false},"product_brand":[],"product_cat":[698,689],"product_tag":[],"class_list":{"0":"post-11668","1":"product","2":"type-product","3":"status-publish","4":"has-post-thumbnail","6":"product_cat-coleccion-vintage","7":"product_cat-sillas","9":"first","10":"outofstock","11":"shipping-taxable","12":"purchasable","13":"product-type-simple"},"acf":[],"aioseo_notices":[],"_links":{"self":[{"href":"https:\/\/ikonisch.pt\/es\/wp-json\/wp\/v2\/product\/11668","targetHints":{"allow":["GET"]}}],"collection":[{"href":"https:\/\/ikonisch.pt\/es\/wp-json\/wp\/v2\/product"}],"about":[{"href":"https:\/\/ikonisch.pt\/es\/wp-json\/wp\/v2\/types\/product"}],"wp:featuredmedia":[{"embeddable":true,"href":"https:\/\/ikonisch.pt\/es\/wp-json\/wp\/v2\/media\/11726"}],"wp:attachment":[{"href":"https:\/\/ikonisch.pt\/es\/wp-json\/wp\/v2\/media?parent=11668"}],"wp:term":[{"taxonomy":"product_brand","embeddable":true,"href":"https:\/\/ikonisch.pt\/es\/wp-json\/wp\/v2\/product_brand?post=11668"},{"taxonomy":"product_cat","embeddable":true,"href":"https:\/\/ikonisch.pt\/es\/wp-json\/wp\/v2\/product_cat?post=11668"},{"taxonomy":"product_tag","embeddable":true,"href":"https:\/\/ikonisch.pt\/es\/wp-json\/wp\/v2\/product_tag?post=11668"}],"curies":[{"name":"wp","href":"https:\/\/api.w.org\/{rel}","templated":true}]}}