{"id":11804,"date":"2023-02-15T11:33:01","date_gmt":"2023-02-15T11:33:02","guid":{"rendered":"https:\/\/ikonisch.pt\/?post_type=product&#038;p=11804"},"modified":"2023-05-11T13:07:02","modified_gmt":"2023-05-11T13:07:02","slug":"sillon-glove-moltenic","status":"publish","type":"product","link":"https:\/\/ikonisch.pt\/es\/produtos\/sillon-glove-moltenic\/","title":{"rendered":"Sill\u00f3n Glove &#8211; Molteni&amp;C"},"content":{"rendered":"","protected":false},"excerpt":{"rendered":"<p>Dise\u00f1ado por Patricia Urquiola para Molteni&amp;C, el sill\u00f3n Glove presenta una ligera estructura met\u00e1lica compuesta por perfiles continuos donde el detalle de una curva crea una silueta sin a\u00f1adidos ni accesorios. Una muestra impecable de minimalismo. Envolviendo la estructura se coloc\u00f3 estrat\u00e9gicamente la tapicer\u00eda que presenta una superficie de tejido el\u00e1stico que proporciona puro confort. El sill\u00f3n Glove fue galardonado en el The Chicago Athenaeum como Good Design Award 2007. Altura del asiento: 40 cm<\/p>\n<p>Atenci\u00f3n: Valor unitario<\/p>\n","protected":false},"featured_media":15365,"template":"","meta":{"_acf_changed":false,"inline_featured_image":false},"product_brand":[],"product_cat":[697],"product_tag":[],"class_list":{"0":"post-11804","1":"product","2":"type-product","3":"status-publish","4":"has-post-thumbnail","6":"product_cat-sofas-y-sillones","8":"first","9":"outofstock","10":"shipping-taxable","11":"purchasable","12":"product-type-simple"},"acf":[],"aioseo_notices":[],"_links":{"self":[{"href":"https:\/\/ikonisch.pt\/es\/wp-json\/wp\/v2\/product\/11804","targetHints":{"allow":["GET"]}}],"collection":[{"href":"https:\/\/ikonisch.pt\/es\/wp-json\/wp\/v2\/product"}],"about":[{"href":"https:\/\/ikonisch.pt\/es\/wp-json\/wp\/v2\/types\/product"}],"wp:featuredmedia":[{"embeddable":true,"href":"https:\/\/ikonisch.pt\/es\/wp-json\/wp\/v2\/media\/15365"}],"wp:attachment":[{"href":"https:\/\/ikonisch.pt\/es\/wp-json\/wp\/v2\/media?parent=11804"}],"wp:term":[{"taxonomy":"product_brand","embeddable":true,"href":"https:\/\/ikonisch.pt\/es\/wp-json\/wp\/v2\/product_brand?post=11804"},{"taxonomy":"product_cat","embeddable":true,"href":"https:\/\/ikonisch.pt\/es\/wp-json\/wp\/v2\/product_cat?post=11804"},{"taxonomy":"product_tag","embeddable":true,"href":"https:\/\/ikonisch.pt\/es\/wp-json\/wp\/v2\/product_tag?post=11804"}],"curies":[{"name":"wp","href":"https:\/\/api.w.org\/{rel}","templated":true}]}}