{"id":11873,"date":"2023-02-15T11:55:53","date_gmt":"2023-02-15T11:55:53","guid":{"rendered":"https:\/\/ikonisch.pt\/?post_type=product&#038;p=11873"},"modified":"2024-02-12T13:37:09","modified_gmt":"2024-02-12T13:37:09","slug":"silla-04-vitra","status":"publish","type":"product","link":"https:\/\/ikonisch.pt\/es\/produtos\/silla-04-vitra\/","title":{"rendered":"Silla .04 &#8211; Vitra"},"content":{"rendered":"","protected":false},"excerpt":{"rendered":"<p><span data-sheets-value=\"{&quot;1&quot;:2,&quot;2&quot;:&quot;La silla de oficina .04, dise\u00f1ada por Maarten Van Severen para Vitra, tiene un aspecto claramente distinto de las t\u00edpicas sillas de oficina. Sin embargo, gracias a sus caracter\u00edsticas ergon\u00f3micas, sigue siendo c\u00f3moda incluso durante largos periodos de asiento, y su discreto dise\u00f1o la convierte en una opci\u00f3n perfecta para estudios y espacios de oficina informales.nSilla giratoria y basculante con estructura de aluminio, asiento de espuma revestida de cuero.nAltura del asiento: 42\/54 cm&quot;}\" data-sheets-userformat=\"{&quot;2&quot;:4993,&quot;3&quot;:{&quot;1&quot;:0},&quot;10&quot;:0,&quot;11&quot;:4,&quot;12&quot;:0,&quot;15&quot;:&quot;Arial&quot;}\">La silla de oficina .04, dise\u00f1ada por Maarten Van Severen para Vitra, tiene un aspecto claramente distinto de las t\u00edpicas sillas de oficina. Sin embargo, gracias a sus caracter\u00edsticas ergon\u00f3micas, sigue siendo confortable incluso durante largos periodos de asiento, y su dise\u00f1o discreto la convierte en una opci\u00f3n perfecta para estudios y espacios de oficina informales.<br \/>\n<\/span><\/p>\n<p><span data-sheets-value=\"{&quot;1&quot;:2,&quot;2&quot;:&quot;La silla de oficina .04, dise\u00f1ada por Maarten Van Severen para Vitra, tiene un aspecto claramente distinto de las t\u00edpicas sillas de oficina. Sin embargo, gracias a sus caracter\u00edsticas ergon\u00f3micas, sigue siendo c\u00f3moda incluso durante largos periodos de asiento, y su discreto dise\u00f1o la convierte en una opci\u00f3n perfecta para estudios y espacios de oficina informales.nSilla giratoria y basculante con estructura de aluminio, asiento de espuma revestida de cuero.nAltura del asiento: 42\/54 cm&quot;}\" data-sheets-userformat=\"{&quot;2&quot;:4993,&quot;3&quot;:{&quot;1&quot;:0},&quot;10&quot;:0,&quot;11&quot;:4,&quot;12&quot;:0,&quot;15&quot;:&quot;Arial&quot;}\">Silla giratoria y basculante con estructura de aluminio, asiento de espuma revestido de cuero. Altura del asiento: 42\/54 cm<\/span><\/p>\n","protected":false},"featured_media":11876,"template":"","meta":{"_acf_changed":false,"inline_featured_image":false},"product_brand":[],"product_cat":[691],"product_tag":[1216,848],"class_list":{"0":"post-11873","1":"product","2":"type-product","3":"status-publish","4":"has-post-thumbnail","6":"product_cat-oficina","7":"product_tag-maarten-van-severen-es","8":"product_tag-vitra-es","10":"first","11":"outofstock","12":"shipping-taxable","13":"purchasable","14":"product-type-simple"},"acf":[],"aioseo_notices":[],"_links":{"self":[{"href":"https:\/\/ikonisch.pt\/es\/wp-json\/wp\/v2\/product\/11873","targetHints":{"allow":["GET"]}}],"collection":[{"href":"https:\/\/ikonisch.pt\/es\/wp-json\/wp\/v2\/product"}],"about":[{"href":"https:\/\/ikonisch.pt\/es\/wp-json\/wp\/v2\/types\/product"}],"wp:featuredmedia":[{"embeddable":true,"href":"https:\/\/ikonisch.pt\/es\/wp-json\/wp\/v2\/media\/11876"}],"wp:attachment":[{"href":"https:\/\/ikonisch.pt\/es\/wp-json\/wp\/v2\/media?parent=11873"}],"wp:term":[{"taxonomy":"product_brand","embeddable":true,"href":"https:\/\/ikonisch.pt\/es\/wp-json\/wp\/v2\/product_brand?post=11873"},{"taxonomy":"product_cat","embeddable":true,"href":"https:\/\/ikonisch.pt\/es\/wp-json\/wp\/v2\/product_cat?post=11873"},{"taxonomy":"product_tag","embeddable":true,"href":"https:\/\/ikonisch.pt\/es\/wp-json\/wp\/v2\/product_tag?post=11873"}],"curies":[{"name":"wp","href":"https:\/\/api.w.org\/{rel}","templated":true}]}}