{"id":11929,"date":"2023-02-15T12:19:28","date_gmt":"2023-02-15T12:19:29","guid":{"rendered":"https:\/\/ikonisch.pt\/?post_type=product&#038;p=11929"},"modified":"2024-07-18T11:32:54","modified_gmt":"2024-07-18T11:32:54","slug":"silla-aleph-bluebelle-driade","status":"publish","type":"product","link":"https:\/\/ikonisch.pt\/es\/produtos\/silla-aleph-bluebelle-driade\/","title":{"rendered":"Silla Aleph &#8216;Bluebelle&#8217; &#8211; Driade"},"content":{"rendered":"","protected":false},"excerpt":{"rendered":"<p><span data-sheets-value=\"{&quot;1&quot;:2,&quot;2&quot;:&quot;Dise\u00f1ada por Ross Lovegrove para Driade, producida en Italia en 1999, la silla Aleph conocida como &quot;Bluebelle&quot; sobresale por su perfil innovador y dise\u00f1o \u00fanico.nAsiento en material pl\u00e1stico blanco y azul, base con ruedas y estructura en metal esmaltado blanco. Altura del asiento: 42\/55cm&quot;.&quot;}\" data-sheets-userformat=\"{&quot;2&quot;:4993,&quot;3&quot;:{&quot;1&quot;:0},&quot;10&quot;:0,&quot;11&quot;:4,&quot;12&quot;:0,&quot;15&quot;:&quot;Arial&quot;}\">Dise\u00f1ada por Ross Lovegrove para Driade, producida en Italia en 1999, la silla Aleph conocida como \u00abBluebelle\u00bb se destaca por su perfil innovador y dise\u00f1o \u00fanico.<br \/>\nAsiento en material pl\u00e1stico blanco y azul, base con ruedas y estructura en metal esmaltado blanco. Altura del asiento: 42\/55cm.<\/span><\/p>\n","protected":false},"featured_media":11932,"template":"","meta":{"_acf_changed":false,"inline_featured_image":false},"product_brand":[],"product_cat":[691],"product_tag":[1789],"class_list":{"0":"post-11929","1":"product","2":"type-product","3":"status-publish","4":"has-post-thumbnail","6":"product_cat-oficina","7":"product_tag-ross-lovegrove-es","9":"first","10":"outofstock","11":"shipping-taxable","12":"purchasable","13":"product-type-simple"},"acf":[],"aioseo_notices":[],"_links":{"self":[{"href":"https:\/\/ikonisch.pt\/es\/wp-json\/wp\/v2\/product\/11929","targetHints":{"allow":["GET"]}}],"collection":[{"href":"https:\/\/ikonisch.pt\/es\/wp-json\/wp\/v2\/product"}],"about":[{"href":"https:\/\/ikonisch.pt\/es\/wp-json\/wp\/v2\/types\/product"}],"wp:featuredmedia":[{"embeddable":true,"href":"https:\/\/ikonisch.pt\/es\/wp-json\/wp\/v2\/media\/11932"}],"wp:attachment":[{"href":"https:\/\/ikonisch.pt\/es\/wp-json\/wp\/v2\/media?parent=11929"}],"wp:term":[{"taxonomy":"product_brand","embeddable":true,"href":"https:\/\/ikonisch.pt\/es\/wp-json\/wp\/v2\/product_brand?post=11929"},{"taxonomy":"product_cat","embeddable":true,"href":"https:\/\/ikonisch.pt\/es\/wp-json\/wp\/v2\/product_cat?post=11929"},{"taxonomy":"product_tag","embeddable":true,"href":"https:\/\/ikonisch.pt\/es\/wp-json\/wp\/v2\/product_tag?post=11929"}],"curies":[{"name":"wp","href":"https:\/\/api.w.org\/{rel}","templated":true}]}}