{"id":11997,"date":"2023-02-15T12:08:32","date_gmt":"2023-05-12T14:38:53","guid":{"rendered":"https:\/\/ikonisch.pt\/?post_type=product&#038;p=11997"},"modified":"2024-02-12T13:33:17","modified_gmt":"2024-02-12T13:33:17","slug":"taburete-babar-arper","status":"publish","type":"product","link":"https:\/\/ikonisch.pt\/es\/produtos\/taburete-babar-arper\/","title":{"rendered":"Taburete Babar &#8211; Arper"},"content":{"rendered":"","protected":false},"excerpt":{"rendered":"<p>El taburete Babar, dise\u00f1ado por Simon Pengelly para Arper, cuenta con un dise\u00f1o de formas sencillas, casi intuitivas. Desprende un aire l\u00fadico y sofisticado que se contradice con la complejidad t\u00e9cnica y amplitud funcional que posee. La colecci\u00f3n Babar se distingue por su funcionalidad y elegancia, adecuada para una gran variedad de necesidades tanto en ambientes contractuales como residenciales: desde espacios de hosteler\u00eda hasta comedores \u00edntimos.<\/p>\n<p>Caracterizado por una base central de acero y un v\u00e1stago de ABS, la posibilidad de regular la altura lo convierte en un taburete muy vers\u00e1til. Asiento sin respaldo de poliuretano.<\/p>\n<p>El taburete Babar fue galardonado con el t\u00edtulo \u00ab\u00bbInterior Innovation Award &#8211; Winner 2011&#8243;\u00bb por el Premio a la Innovaci\u00f3n Interior 2011 &#8211; organizado por el Consejo Alem\u00e1n de Dise\u00f1o con motivo de la imm cologne y LivingKitchen 2001&#8243;.<\/p>\n","protected":false},"featured_media":11905,"template":"","meta":{"_acf_changed":false,"inline_featured_image":false},"product_brand":[],"product_cat":[688],"product_tag":[712,1207],"class_list":{"0":"post-11997","1":"product","2":"type-product","3":"status-publish","4":"has-post-thumbnail","6":"product_cat-bancos-y-pufs","7":"product_tag-arper-es","8":"product_tag-simon-pengelly-es","10":"first","11":"outofstock","12":"shipping-taxable","13":"purchasable","14":"product-type-simple"},"acf":[],"aioseo_notices":[],"_links":{"self":[{"href":"https:\/\/ikonisch.pt\/es\/wp-json\/wp\/v2\/product\/11997","targetHints":{"allow":["GET"]}}],"collection":[{"href":"https:\/\/ikonisch.pt\/es\/wp-json\/wp\/v2\/product"}],"about":[{"href":"https:\/\/ikonisch.pt\/es\/wp-json\/wp\/v2\/types\/product"}],"wp:featuredmedia":[{"embeddable":true,"href":"https:\/\/ikonisch.pt\/es\/wp-json\/wp\/v2\/media\/11905"}],"wp:attachment":[{"href":"https:\/\/ikonisch.pt\/es\/wp-json\/wp\/v2\/media?parent=11997"}],"wp:term":[{"taxonomy":"product_brand","embeddable":true,"href":"https:\/\/ikonisch.pt\/es\/wp-json\/wp\/v2\/product_brand?post=11997"},{"taxonomy":"product_cat","embeddable":true,"href":"https:\/\/ikonisch.pt\/es\/wp-json\/wp\/v2\/product_cat?post=11997"},{"taxonomy":"product_tag","embeddable":true,"href":"https:\/\/ikonisch.pt\/es\/wp-json\/wp\/v2\/product_tag?post=11997"}],"curies":[{"name":"wp","href":"https:\/\/api.w.org\/{rel}","templated":true}]}}