{"id":11998,"date":"2023-02-13T10:35:38","date_gmt":"2023-05-12T14:55:23","guid":{"rendered":"https:\/\/ikonisch.pt\/?post_type=product&#038;p=11998"},"modified":"2023-05-12T14:55:23","modified_gmt":"2023-05-12T14:55:23","slug":"silla-mirra-1-herman-miller","status":"publish","type":"product","link":"https:\/\/ikonisch.pt\/es\/produtos\/silla-mirra-1-herman-miller\/","title":{"rendered":"Silla Mirra 1 &#8211; Herman Miller"},"content":{"rendered":"","protected":false},"excerpt":{"rendered":"<p>Silla Mirra 1 dise\u00f1ada en 2003 por Studio 7.5 en Berl\u00edn, para Herman Miller. La silla presenta un soporte flexible, con formas geom\u00e9tricas, que bordean autom\u00e1ticamente la espalda del usuario. Dispone de nueve ajustes destinados a ayudar con la ergonom\u00eda de la misma: altura del asiento, profundidad del asiento, tensi\u00f3n de inclinaci\u00f3n, limitador de inclinaci\u00f3n, inclinaci\u00f3n para el frente, altura del brazo, ancho de brazo, \u00e1ngulo del brazo y tensi\u00f3n lumbar. Seg\u00fan el fabricante, la silla est\u00e1 hecha en un 42% de material reciclado; y al final de su vida \u00fatil ser\u00e1 96% reciclable.<\/p>\n<p>La silla Mirra cuenta con diversos premios, entre ellos el Premio de Excelencia Ergon\u00f3mica (2004) otorgado por la Asociaci\u00f3n de Investigaci\u00f3n de la Industria del Mobiliario (FIRA)<\/p>\n","protected":false},"featured_media":11765,"template":"","meta":{"_acf_changed":false,"inline_featured_image":false},"product_brand":[],"product_cat":[691],"product_tag":[763],"class_list":{"0":"post-11998","1":"product","2":"type-product","3":"status-publish","4":"has-post-thumbnail","6":"product_cat-oficina","7":"product_tag-herman-miller-es","9":"first","10":"outofstock","11":"shipping-taxable","12":"purchasable","13":"product-type-simple"},"acf":[],"aioseo_notices":[],"_links":{"self":[{"href":"https:\/\/ikonisch.pt\/es\/wp-json\/wp\/v2\/product\/11998","targetHints":{"allow":["GET"]}}],"collection":[{"href":"https:\/\/ikonisch.pt\/es\/wp-json\/wp\/v2\/product"}],"about":[{"href":"https:\/\/ikonisch.pt\/es\/wp-json\/wp\/v2\/types\/product"}],"wp:featuredmedia":[{"embeddable":true,"href":"https:\/\/ikonisch.pt\/es\/wp-json\/wp\/v2\/media\/11765"}],"wp:attachment":[{"href":"https:\/\/ikonisch.pt\/es\/wp-json\/wp\/v2\/media?parent=11998"}],"wp:term":[{"taxonomy":"product_brand","embeddable":true,"href":"https:\/\/ikonisch.pt\/es\/wp-json\/wp\/v2\/product_brand?post=11998"},{"taxonomy":"product_cat","embeddable":true,"href":"https:\/\/ikonisch.pt\/es\/wp-json\/wp\/v2\/product_cat?post=11998"},{"taxonomy":"product_tag","embeddable":true,"href":"https:\/\/ikonisch.pt\/es\/wp-json\/wp\/v2\/product_tag?post=11998"}],"curies":[{"name":"wp","href":"https:\/\/api.w.org\/{rel}","templated":true}]}}