{"id":12022,"date":"2023-02-16T11:01:44","date_gmt":"2023-02-24T15:32:17","guid":{"rendered":"https:\/\/ikonisch.pt\/?post_type=product&#038;p=12022"},"modified":"2023-05-10T16:03:09","modified_gmt":"2023-05-10T16:03:09","slug":"conjunto-de-sofa-vintage-rojo-duplo-e-individuales-jose-espinho","status":"publish","type":"product","link":"https:\/\/ikonisch.pt\/es\/produtos\/conjunto-de-sofa-vintage-rojo-duplo-e-individuales-jose-espinho\/","title":{"rendered":"Conjunto de Sof\u00e1 Vintage Rojo Doble e Individuales &#8211; Jos\u00e9 Espinho"},"content":{"rendered":"","protected":false},"excerpt":{"rendered":"<p>Conjunto de sof\u00e1s Vintage doble e individuales dise\u00f1ados por el ic\u00f3nico Jos\u00e9 Espinho uno de los pioneros del dise\u00f1o de muebles en Portugal.<\/p>\n<p>Sof\u00e1 fabricado alrededor de 1960 con estructura de madera y pies en madera de sucupira. Asiento y respaldo en piel sint\u00e9tica roja, reposabrazos y laterales en piel sint\u00e9tica negra.<\/p>\n<p>Altura del asiento: 36 cm<\/p>\n","protected":false},"featured_media":12003,"template":"","meta":{"_acf_changed":false,"inline_featured_image":false},"product_brand":[],"product_cat":[698,697],"product_tag":[],"class_list":{"0":"post-12022","1":"product","2":"type-product","3":"status-publish","4":"has-post-thumbnail","6":"product_cat-coleccion-vintage","7":"product_cat-sofas-y-sillones","9":"first","10":"outofstock","11":"shipping-taxable","12":"purchasable","13":"product-type-simple"},"acf":[],"aioseo_notices":[],"_links":{"self":[{"href":"https:\/\/ikonisch.pt\/es\/wp-json\/wp\/v2\/product\/12022","targetHints":{"allow":["GET"]}}],"collection":[{"href":"https:\/\/ikonisch.pt\/es\/wp-json\/wp\/v2\/product"}],"about":[{"href":"https:\/\/ikonisch.pt\/es\/wp-json\/wp\/v2\/types\/product"}],"wp:featuredmedia":[{"embeddable":true,"href":"https:\/\/ikonisch.pt\/es\/wp-json\/wp\/v2\/media\/12003"}],"wp:attachment":[{"href":"https:\/\/ikonisch.pt\/es\/wp-json\/wp\/v2\/media?parent=12022"}],"wp:term":[{"taxonomy":"product_brand","embeddable":true,"href":"https:\/\/ikonisch.pt\/es\/wp-json\/wp\/v2\/product_brand?post=12022"},{"taxonomy":"product_cat","embeddable":true,"href":"https:\/\/ikonisch.pt\/es\/wp-json\/wp\/v2\/product_cat?post=12022"},{"taxonomy":"product_tag","embeddable":true,"href":"https:\/\/ikonisch.pt\/es\/wp-json\/wp\/v2\/product_tag?post=12022"}],"curies":[{"name":"wp","href":"https:\/\/api.w.org\/{rel}","templated":true}]}}