{"id":12182,"date":"2023-02-28T12:25:19","date_gmt":"2023-02-28T12:25:19","guid":{"rendered":"https:\/\/ikonisch.pt\/produtos\/lampara-de-sobremesa-de-light-flos\/"},"modified":"2023-05-10T15:52:59","modified_gmt":"2023-05-10T15:52:59","slug":"lampara-de-sobremesa-de-light-flos","status":"publish","type":"product","link":"https:\/\/ikonisch.pt\/es\/produtos\/lampara-de-sobremesa-de-light-flos\/","title":{"rendered":"L\u00e1mpara de Sobremesa D&#8217;E-Light &#8211; Flos"},"content":{"rendered":"","protected":false},"excerpt":{"rendered":"<p><span data-sheets-value=\"{&quot;1&quot;:2,&quot;2&quot;:&quot;La l\u00e1mpara de sobremesa D'E-light dise\u00f1ada por Philippe Starck para Flos tiene un dise\u00f1o elegante, moderno y multifuncional. nLa l\u00e1mpara cuenta con un lugar en la parte superior para guardar y cargar dispositivos Apple tipo iPad, iPod, etc. de 30 clavijas. La parte superior es de aluminio fundido, el v\u00e1stago de aluminio y la base de zamac para aumentar la estabilidad.&quot;}\" data-sheets-userformat=\"{&quot;2&quot;:4993,&quot;3&quot;:{&quot;1&quot;:0},&quot;10&quot;:0,&quot;11&quot;:4,&quot;12&quot;:0,&quot;15&quot;:&quot;Arial&quot;}\">L\u00e1mpara de sobremesa D&#8217;E-light dise\u00f1ada por Philippe Starck para Flos tiene un dise\u00f1o elegante, moderno y multifuncional.<br \/>\nLa l\u00e1mpara cuenta con un lugar en la parte superior para guardar y cargar dispositivos Apple iPad, iPod, etc. de 30 pines. La parte superior es de aluminio fundido, el v\u00e1stago de aluminio y la base de zamac para aumentar la estabilidad.<\/span><\/p>\n","protected":false},"featured_media":12030,"template":"","meta":{"_acf_changed":false,"inline_featured_image":false},"product_brand":[],"product_cat":[693],"product_tag":[907,908],"class_list":{"0":"post-12182","1":"product","2":"type-product","3":"status-publish","4":"has-post-thumbnail","6":"product_cat-iluminacion","7":"product_tag-flos-es","8":"product_tag-philippe-starck-es","10":"first","11":"outofstock","12":"shipping-taxable","13":"purchasable","14":"product-type-simple"},"acf":[],"aioseo_notices":[],"_links":{"self":[{"href":"https:\/\/ikonisch.pt\/es\/wp-json\/wp\/v2\/product\/12182","targetHints":{"allow":["GET"]}}],"collection":[{"href":"https:\/\/ikonisch.pt\/es\/wp-json\/wp\/v2\/product"}],"about":[{"href":"https:\/\/ikonisch.pt\/es\/wp-json\/wp\/v2\/types\/product"}],"wp:featuredmedia":[{"embeddable":true,"href":"https:\/\/ikonisch.pt\/es\/wp-json\/wp\/v2\/media\/12030"}],"wp:attachment":[{"href":"https:\/\/ikonisch.pt\/es\/wp-json\/wp\/v2\/media?parent=12182"}],"wp:term":[{"taxonomy":"product_brand","embeddable":true,"href":"https:\/\/ikonisch.pt\/es\/wp-json\/wp\/v2\/product_brand?post=12182"},{"taxonomy":"product_cat","embeddable":true,"href":"https:\/\/ikonisch.pt\/es\/wp-json\/wp\/v2\/product_cat?post=12182"},{"taxonomy":"product_tag","embeddable":true,"href":"https:\/\/ikonisch.pt\/es\/wp-json\/wp\/v2\/product_tag?post=12182"}],"curies":[{"name":"wp","href":"https:\/\/api.w.org\/{rel}","templated":true}]}}