{"id":12189,"date":"2023-02-28T10:52:47","date_gmt":"2023-02-28T10:52:47","guid":{"rendered":"https:\/\/ikonisch.pt\/produtos\/mesa-de-centro-flow-mdf-italia\/"},"modified":"2023-05-12T13:33:14","modified_gmt":"2023-05-12T13:33:14","slug":"mesa-de-centro-flow-mdf-italia","status":"publish","type":"product","link":"https:\/\/ikonisch.pt\/es\/produtos\/mesa-de-centro-flow-mdf-italia\/","title":{"rendered":"Mesa de Centro Flow &#8211; MDF Italia"},"content":{"rendered":"","protected":false},"excerpt":{"rendered":"<p><span data-sheets-value=\"{&quot;1&quot;:2,&quot;2&quot;:&quot;Dise\u00f1ada por Jean Marie Massaud para la colecci\u00f3n Flow de MDF Italia, la mesa de centro Flow tiene un tablero giratorio y ofrece l\u00edneas fluidas y curvas que se adaptan a cualquier ambiente y es una extensi\u00f3n de la sencillez y la elegancia cultivadas en la colecci\u00f3n Flow.nBase de mesa central de aluminio lacado en blanco mate. Tablero de la mesa en CRISTALPLANT\u00ae blanco mate, compuesto por un alto porcentaje de minerales naturales (derivados del ATH de la bauxita) y un peque\u00f1o porcentaje de poli\u00e9steres y pol\u00edmeros acr\u00edlicos extremadamente puros; se trata, por tanto, de un producto material hipoalerg\u00e9nico y no t\u00f3xico. CRISTALPLANT\u00ae es una superficie s\u00f3lida y 100% reciclable.nCubierta con un di\u00e1metro de 70 cm y una altura de 30 cm.&quot;}\" data-sheets-userformat=\"{&quot;2&quot;:4993,&quot;3&quot;:{&quot;1&quot;:0},&quot;10&quot;:0,&quot;11&quot;:4,&quot;12&quot;:0,&quot;15&quot;:&quot;Arial&quot;}\">Dise\u00f1ada por Jean Marie Massaud para la colecci\u00f3n Flow de MDF Italia, la mesa de centro Flow tiene un tablero giratorio y ofrece l\u00edneas fluidas y curvas que se adaptan a cualquier ambiente y es una extensi\u00f3n de la sencillez y elegancia cultivada en la colecci\u00f3n Flow.<br \/>\n<\/span><\/p>\n<p><span data-sheets-value=\"{&quot;1&quot;:2,&quot;2&quot;:&quot;Dise\u00f1ada por Jean Marie Massaud para la colecci\u00f3n Flow de MDF Italia, la mesa de centro Flow tiene un tablero giratorio y ofrece l\u00edneas fluidas y curvas que se adaptan a cualquier ambiente y es una extensi\u00f3n de la sencillez y la elegancia cultivadas en la colecci\u00f3n Flow.nBase de mesa central de aluminio lacado en blanco mate. Tablero de la mesa en CRISTALPLANT\u00ae blanco mate, compuesto por un alto porcentaje de minerales naturales (derivados del ATH de la bauxita) y un peque\u00f1o porcentaje de poli\u00e9steres y pol\u00edmeros acr\u00edlicos extremadamente puros; se trata, por tanto, de un producto material hipoalerg\u00e9nico y no t\u00f3xico. CRISTALPLANT\u00ae es una superficie s\u00f3lida y 100% reciclable.nCubierta con un di\u00e1metro de 70 cm y una altura de 30 cm.&quot;}\" data-sheets-userformat=\"{&quot;2&quot;:4993,&quot;3&quot;:{&quot;1&quot;:0},&quot;10&quot;:0,&quot;11&quot;:4,&quot;12&quot;:0,&quot;15&quot;:&quot;Arial&quot;}\">Base de mesa central en aluminio lacado en blanco mate. Tablero de la mesa en CRISTALPLANT\u00ae blanco mate, compuesto por un alto porcentaje de minerales naturales (derivados del ATH de la bauxita) y un peque\u00f1o porcentaje de poli\u00e9steres y pol\u00edmeros acr\u00edlicos extremadamente puros; por tanto se trata de un material hipoalerg\u00e9nico y no t\u00f3xico. CRISTALPLANT\u00ae es una superficie s\u00f3lida y 100% reciclable.<br \/>\n<\/span><\/p>\n<p><span data-sheets-value=\"{&quot;1&quot;:2,&quot;2&quot;:&quot;Dise\u00f1ada por Jean Marie Massaud para la colecci\u00f3n Flow de MDF Italia, la mesa de centro Flow tiene un tablero giratorio y ofrece l\u00edneas fluidas y curvas que se adaptan a cualquier ambiente y es una extensi\u00f3n de la sencillez y la elegancia cultivadas en la colecci\u00f3n Flow.nBase de mesa central de aluminio lacado en blanco mate. Tablero de la mesa en CRISTALPLANT\u00ae blanco mate, compuesto por un alto porcentaje de minerales naturales (derivados del ATH de la bauxita) y un peque\u00f1o porcentaje de poli\u00e9steres y pol\u00edmeros acr\u00edlicos extremadamente puros; se trata, por tanto, de un producto material hipoalerg\u00e9nico y no t\u00f3xico. CRISTALPLANT\u00ae es una superficie s\u00f3lida y 100% reciclable.nCubierta con un di\u00e1metro de 70 cm y una altura de 30 cm.&quot;}\" data-sheets-userformat=\"{&quot;2&quot;:4993,&quot;3&quot;:{&quot;1&quot;:0},&quot;10&quot;:0,&quot;11&quot;:4,&quot;12&quot;:0,&quot;15&quot;:&quot;Arial&quot;}\">Tablero con un di\u00e1metro de 70 cm y una altura de 30 cm.<\/span><\/p>\n","protected":false},"featured_media":12069,"template":"","meta":{"_acf_changed":false,"inline_featured_image":false},"product_brand":[],"product_cat":[694],"product_tag":[1105,789],"class_list":{"0":"post-12189","1":"product","2":"type-product","3":"status-publish","4":"has-post-thumbnail","6":"product_cat-mesas-es","7":"product_tag-jean-marie-massaud-es","8":"product_tag-mdf-italia-es","10":"first","11":"outofstock","12":"shipping-taxable","13":"purchasable","14":"product-type-simple"},"acf":[],"aioseo_notices":[],"_links":{"self":[{"href":"https:\/\/ikonisch.pt\/es\/wp-json\/wp\/v2\/product\/12189","targetHints":{"allow":["GET"]}}],"collection":[{"href":"https:\/\/ikonisch.pt\/es\/wp-json\/wp\/v2\/product"}],"about":[{"href":"https:\/\/ikonisch.pt\/es\/wp-json\/wp\/v2\/types\/product"}],"wp:featuredmedia":[{"embeddable":true,"href":"https:\/\/ikonisch.pt\/es\/wp-json\/wp\/v2\/media\/12069"}],"wp:attachment":[{"href":"https:\/\/ikonisch.pt\/es\/wp-json\/wp\/v2\/media?parent=12189"}],"wp:term":[{"taxonomy":"product_brand","embeddable":true,"href":"https:\/\/ikonisch.pt\/es\/wp-json\/wp\/v2\/product_brand?post=12189"},{"taxonomy":"product_cat","embeddable":true,"href":"https:\/\/ikonisch.pt\/es\/wp-json\/wp\/v2\/product_cat?post=12189"},{"taxonomy":"product_tag","embeddable":true,"href":"https:\/\/ikonisch.pt\/es\/wp-json\/wp\/v2\/product_tag?post=12189"}],"curies":[{"name":"wp","href":"https:\/\/api.w.org\/{rel}","templated":true}]}}