{"id":12190,"date":"2023-02-28T11:17:13","date_gmt":"2023-02-28T11:17:13","guid":{"rendered":"https:\/\/ikonisch.pt\/produtos\/juego-de-mesas-de-centro-kona-matiere-grise\/"},"modified":"2024-12-19T14:25:56","modified_gmt":"2024-12-19T14:25:56","slug":"juego-de-mesas-de-centro-kona-matiere-grise","status":"publish","type":"product","link":"https:\/\/ikonisch.pt\/es\/produtos\/juego-de-mesas-de-centro-kona-matiere-grise\/","title":{"rendered":"Juego de Mesas de Centro Kona &#8211; Matie\u0300re Grise"},"content":{"rendered":"","protected":false},"excerpt":{"rendered":"<p><span data-sheets-value=\"{&quot;1&quot;:2,&quot;2&quot;:&quot;Juego de mesa de centro dise\u00f1ado por Luc Jozancy para Mati\u00e8re Grise tiene formas geom\u00e9tricas inspiradas en el estilo &quot;tangram&quot; que permiten muchas combinaciones.nSencilla, eficaz y contempor\u00e1nea, la mesa de centro es pr\u00e1ctica pero llena de car\u00e1cter.nEstructura y tablero de acero con acabado de pintura epoxi negra.&quot;}\" data-sheets-userformat=\"{&quot;2&quot;:4993,&quot;3&quot;:{&quot;1&quot;:0},&quot;10&quot;:0,&quot;11&quot;:4,&quot;12&quot;:0,&quot;15&quot;:&quot;Arial&quot;}\">Juego de mesa de centro dise\u00f1ado por Luc Jozancy para Mati\u00e8re Grise, posee formas geom\u00e9tricas inspiradas en el estilo \u00abtangram\u00bb que permiten muchas combinaciones.<br \/>\nSencilla, eficaz y contempor\u00e1nea, la mesa de centro es pr\u00e1ctica y llena de car\u00e1cter.<br \/>\n<\/span><\/p>\n<p><span data-sheets-value=\"{&quot;1&quot;:2,&quot;2&quot;:&quot;Juego de mesa de centro dise\u00f1ado por Luc Jozancy para Mati\u00e8re Grise tiene formas geom\u00e9tricas inspiradas en el estilo &quot;tangram&quot; que permiten muchas combinaciones.nSencilla, eficaz y contempor\u00e1nea, la mesa de centro es pr\u00e1ctica pero llena de car\u00e1cter.nEstructura y tablero de acero con acabado de pintura epoxi negra.&quot;}\" data-sheets-userformat=\"{&quot;2&quot;:4993,&quot;3&quot;:{&quot;1&quot;:0},&quot;10&quot;:0,&quot;11&quot;:4,&quot;12&quot;:0,&quot;15&quot;:&quot;Arial&quot;}\">Estructura y tablero de acero con acabado en pintura Epoxi de color negra.<\/span><\/p>\n","protected":false},"featured_media":12095,"template":"","meta":{"_acf_changed":false,"inline_featured_image":false},"product_brand":[],"product_cat":[694],"product_tag":[2199,2198],"class_list":{"0":"post-12190","1":"product","2":"type-product","3":"status-publish","4":"has-post-thumbnail","6":"product_cat-mesas-es","7":"product_tag-luc-jozancy-es","8":"product_tag-matiere-grise-es","10":"first","11":"outofstock","12":"shipping-taxable","13":"purchasable","14":"product-type-simple"},"acf":[],"aioseo_notices":[],"_links":{"self":[{"href":"https:\/\/ikonisch.pt\/es\/wp-json\/wp\/v2\/product\/12190","targetHints":{"allow":["GET"]}}],"collection":[{"href":"https:\/\/ikonisch.pt\/es\/wp-json\/wp\/v2\/product"}],"about":[{"href":"https:\/\/ikonisch.pt\/es\/wp-json\/wp\/v2\/types\/product"}],"wp:featuredmedia":[{"embeddable":true,"href":"https:\/\/ikonisch.pt\/es\/wp-json\/wp\/v2\/media\/12095"}],"wp:attachment":[{"href":"https:\/\/ikonisch.pt\/es\/wp-json\/wp\/v2\/media?parent=12190"}],"wp:term":[{"taxonomy":"product_brand","embeddable":true,"href":"https:\/\/ikonisch.pt\/es\/wp-json\/wp\/v2\/product_brand?post=12190"},{"taxonomy":"product_cat","embeddable":true,"href":"https:\/\/ikonisch.pt\/es\/wp-json\/wp\/v2\/product_cat?post=12190"},{"taxonomy":"product_tag","embeddable":true,"href":"https:\/\/ikonisch.pt\/es\/wp-json\/wp\/v2\/product_tag?post=12190"}],"curies":[{"name":"wp","href":"https:\/\/api.w.org\/{rel}","templated":true}]}}