{"id":12361,"date":"2023-03-15T11:54:31","date_gmt":"2023-03-15T11:54:32","guid":{"rendered":"https:\/\/ikonisch.pt\/?post_type=product&#038;p=12361"},"modified":"2024-02-12T12:41:38","modified_gmt":"2024-02-12T12:41:38","slug":"sofa-cloud-moooi","status":"publish","type":"product","link":"https:\/\/ikonisch.pt\/es\/produtos\/sofa-cloud-moooi\/","title":{"rendered":"Sof\u00e1 Cloud &#8211; Moooi"},"content":{"rendered":"","protected":false},"excerpt":{"rendered":"<p>Sof\u00e1 en excelente estado, de Moooi y dise\u00f1o de Marcel Wanders en el a\u00f1o 2012.<\/p>\n<p>El sof\u00e1 Cloud es una composici\u00f3n de formas redondeadas y org\u00e1nicas, cuenta con 3 almohadillas suaves de color blanco. La pieza fue dise\u00f1ada con la idea de generar la sensaci\u00f3n reconfortante de caer sobre una nube suave un d\u00eda soleado.<\/p>\n<p>Tejido de color verde. Altura del asiento: 40cm. Fecha de fabricaci\u00f3n: 2006.<\/p>\n","protected":false},"featured_media":18096,"template":"","meta":{"_acf_changed":false,"inline_featured_image":false},"product_brand":[],"product_cat":[690,697],"product_tag":[1148,801],"class_list":{"0":"post-12361","1":"product","2":"type-product","3":"status-publish","4":"has-post-thumbnail","6":"product_cat-hogar","7":"product_cat-sofas-y-sillones","8":"product_tag-marcel-wanders-es","9":"product_tag-moooi-es","11":"first","12":"outofstock","13":"shipping-taxable","14":"purchasable","15":"product-type-simple"},"acf":[],"aioseo_notices":[],"_links":{"self":[{"href":"https:\/\/ikonisch.pt\/es\/wp-json\/wp\/v2\/product\/12361","targetHints":{"allow":["GET"]}}],"collection":[{"href":"https:\/\/ikonisch.pt\/es\/wp-json\/wp\/v2\/product"}],"about":[{"href":"https:\/\/ikonisch.pt\/es\/wp-json\/wp\/v2\/types\/product"}],"wp:featuredmedia":[{"embeddable":true,"href":"https:\/\/ikonisch.pt\/es\/wp-json\/wp\/v2\/media\/18096"}],"wp:attachment":[{"href":"https:\/\/ikonisch.pt\/es\/wp-json\/wp\/v2\/media?parent=12361"}],"wp:term":[{"taxonomy":"product_brand","embeddable":true,"href":"https:\/\/ikonisch.pt\/es\/wp-json\/wp\/v2\/product_brand?post=12361"},{"taxonomy":"product_cat","embeddable":true,"href":"https:\/\/ikonisch.pt\/es\/wp-json\/wp\/v2\/product_cat?post=12361"},{"taxonomy":"product_tag","embeddable":true,"href":"https:\/\/ikonisch.pt\/es\/wp-json\/wp\/v2\/product_tag?post=12361"}],"curies":[{"name":"wp","href":"https:\/\/api.w.org\/{rel}","templated":true}]}}