{"id":12364,"date":"2023-03-15T12:14:45","date_gmt":"2023-03-15T12:14:46","guid":{"rendered":"https:\/\/ikonisch.pt\/?post_type=product&#038;p=12364"},"modified":"2024-02-12T13:34:37","modified_gmt":"2024-02-12T13:34:37","slug":"sillon-coconut-vitra","status":"publish","type":"product","link":"https:\/\/ikonisch.pt\/es\/produtos\/sillon-coconut-vitra\/","title":{"rendered":"Sill\u00f3n Coconut &#8211; Vitra"},"content":{"rendered":"","protected":false},"excerpt":{"rendered":"<p>Silla en excelente estado, de Vitra, dise\u00f1ada por George Nelson en 1955. El sill\u00f3n Coconut es un s\u00edmbolo ic\u00f3nico del modernismo estadounidense de mediados de siglo. Inspirada en la segmentaci\u00f3n de un coco en ocho partes iguales pero con el esquema de colores invertidos: el exterior es de pl\u00e1stico de color blanco y el interior es de un c\u00f3modo tapizado revestido en cuero rojo natural (ref. 70 rojo).<\/p>\n<p>A\u00f1o de fabricaci\u00f3n: 2006 Altura del asiento: 29,5cm.<\/p>\n","protected":false},"featured_media":12740,"template":"","meta":{"_acf_changed":false,"inline_featured_image":false},"product_brand":[],"product_cat":[698,697],"product_tag":[1182,848],"class_list":{"0":"post-12364","1":"product","2":"type-product","3":"status-publish","4":"has-post-thumbnail","6":"product_cat-coleccion-vintage","7":"product_cat-sofas-y-sillones","8":"product_tag-george-nelson-es","9":"product_tag-vitra-es","11":"first","12":"outofstock","13":"shipping-taxable","14":"purchasable","15":"product-type-simple"},"acf":[],"aioseo_notices":[],"_links":{"self":[{"href":"https:\/\/ikonisch.pt\/es\/wp-json\/wp\/v2\/product\/12364","targetHints":{"allow":["GET"]}}],"collection":[{"href":"https:\/\/ikonisch.pt\/es\/wp-json\/wp\/v2\/product"}],"about":[{"href":"https:\/\/ikonisch.pt\/es\/wp-json\/wp\/v2\/types\/product"}],"wp:featuredmedia":[{"embeddable":true,"href":"https:\/\/ikonisch.pt\/es\/wp-json\/wp\/v2\/media\/12740"}],"wp:attachment":[{"href":"https:\/\/ikonisch.pt\/es\/wp-json\/wp\/v2\/media?parent=12364"}],"wp:term":[{"taxonomy":"product_brand","embeddable":true,"href":"https:\/\/ikonisch.pt\/es\/wp-json\/wp\/v2\/product_brand?post=12364"},{"taxonomy":"product_cat","embeddable":true,"href":"https:\/\/ikonisch.pt\/es\/wp-json\/wp\/v2\/product_cat?post=12364"},{"taxonomy":"product_tag","embeddable":true,"href":"https:\/\/ikonisch.pt\/es\/wp-json\/wp\/v2\/product_tag?post=12364"}],"curies":[{"name":"wp","href":"https:\/\/api.w.org\/{rel}","templated":true}]}}