{"id":12367,"date":"2023-03-15T12:29:23","date_gmt":"2023-03-15T12:29:24","guid":{"rendered":"https:\/\/ikonisch.pt\/?post_type=product&#038;p=12367"},"modified":"2024-02-12T13:35:22","modified_gmt":"2024-02-12T13:35:22","slug":"sofa-serie-up-2000-bb-italia","status":"publish","type":"product","link":"https:\/\/ikonisch.pt\/es\/produtos\/sofa-serie-up-2000-bb-italia\/","title":{"rendered":"Sof\u00e1 Serie Up 2000 &#8211; B&amp;B Italia"},"content":{"rendered":"","protected":false},"excerpt":{"rendered":"<p>Dise\u00f1ado por Gaetano Pesce, el sof\u00e1 Serie Up 2000 es una de las siete piezas de la ic\u00f3nica colecci\u00f3n \u00abSERIE UP\u00bb desarrollada en 1969 para B&amp;B Italia. La colecci\u00f3n es una de las expresiones de dise\u00f1o m\u00e1s notable, con sus formas expresivas tapizadas con tejido el\u00e1stico.<\/p>\n<p>Es un icono de la modernidad y met\u00e1fora de la figura femenina. El tapizado se encuentra realizado en espuma flexible de poliuretano Bayfit\u00ae y recubierto en tejido de color amarillo.<\/p>\n<p>Altura del asiento: 45cm<\/p>\n<p>En condiciones vintage, con algunos signos de uso.<\/p>\n","protected":false},"featured_media":12265,"template":"","meta":{"_acf_changed":false,"inline_featured_image":false},"product_brand":[],"product_cat":[697],"product_tag":[718,1210],"class_list":{"0":"post-12367","1":"product","2":"type-product","3":"status-publish","4":"has-post-thumbnail","6":"product_cat-sofas-y-sillones","7":"product_tag-bb-italia-es","8":"product_tag-gaetano-pesce-es","10":"first","11":"outofstock","12":"shipping-taxable","13":"purchasable","14":"product-type-simple"},"acf":[],"aioseo_notices":[],"_links":{"self":[{"href":"https:\/\/ikonisch.pt\/es\/wp-json\/wp\/v2\/product\/12367","targetHints":{"allow":["GET"]}}],"collection":[{"href":"https:\/\/ikonisch.pt\/es\/wp-json\/wp\/v2\/product"}],"about":[{"href":"https:\/\/ikonisch.pt\/es\/wp-json\/wp\/v2\/types\/product"}],"wp:featuredmedia":[{"embeddable":true,"href":"https:\/\/ikonisch.pt\/es\/wp-json\/wp\/v2\/media\/12265"}],"wp:attachment":[{"href":"https:\/\/ikonisch.pt\/es\/wp-json\/wp\/v2\/media?parent=12367"}],"wp:term":[{"taxonomy":"product_brand","embeddable":true,"href":"https:\/\/ikonisch.pt\/es\/wp-json\/wp\/v2\/product_brand?post=12367"},{"taxonomy":"product_cat","embeddable":true,"href":"https:\/\/ikonisch.pt\/es\/wp-json\/wp\/v2\/product_cat?post=12367"},{"taxonomy":"product_tag","embeddable":true,"href":"https:\/\/ikonisch.pt\/es\/wp-json\/wp\/v2\/product_tag?post=12367"}],"curies":[{"name":"wp","href":"https:\/\/api.w.org\/{rel}","templated":true}]}}