{"id":12370,"date":"2023-03-15T12:38:59","date_gmt":"2023-03-15T12:39:00","guid":{"rendered":"https:\/\/ikonisch.pt\/?post_type=product&#038;p=12370"},"modified":"2024-02-12T13:36:22","modified_gmt":"2024-02-12T13:36:22","slug":"mesa-action-office-minister-conference-table-n-64906-herman-miller","status":"publish","type":"product","link":"https:\/\/ikonisch.pt\/es\/produtos\/mesa-action-office-minister-conference-table-n-64906-herman-miller\/","title":{"rendered":"Mesa Action Office \u00abMinister\u00bb Conference Table N\u00b0 64906 &#8211; Herman Miller"},"content":{"rendered":"","protected":false},"excerpt":{"rendered":"<p>Mesa Action Office, modelo 64906, dise\u00f1ada por George Nelson y Robert Probst para Herman Miller en los a\u00f1os 70. Esta mesa funcional proporciona amplio espacio de trabajo y de almacenamiento con cajones extra\u00edbles y un contenedor de archivo incorporado en la tapa. La estructura de aluminio pulido proporciona una excelente estabilidad, al tiempo que a\u00f1ade un toque de clase.<\/p>\n<p>Mesa en condiciones vintage, con algunos signos de uso.<\/p>\n","protected":false},"featured_media":12238,"template":"","meta":{"_acf_changed":false,"inline_featured_image":false},"product_brand":[],"product_cat":[698,694,691],"product_tag":[1182,763,1213],"class_list":{"0":"post-12370","1":"product","2":"type-product","3":"status-publish","4":"has-post-thumbnail","6":"product_cat-coleccion-vintage","7":"product_cat-mesas-es","8":"product_cat-oficina","9":"product_tag-george-nelson-es","10":"product_tag-herman-miller-es","11":"product_tag-robert-probst-es","13":"first","14":"outofstock","15":"shipping-taxable","16":"purchasable","17":"product-type-simple"},"acf":[],"aioseo_notices":[],"_links":{"self":[{"href":"https:\/\/ikonisch.pt\/es\/wp-json\/wp\/v2\/product\/12370","targetHints":{"allow":["GET"]}}],"collection":[{"href":"https:\/\/ikonisch.pt\/es\/wp-json\/wp\/v2\/product"}],"about":[{"href":"https:\/\/ikonisch.pt\/es\/wp-json\/wp\/v2\/types\/product"}],"wp:featuredmedia":[{"embeddable":true,"href":"https:\/\/ikonisch.pt\/es\/wp-json\/wp\/v2\/media\/12238"}],"wp:attachment":[{"href":"https:\/\/ikonisch.pt\/es\/wp-json\/wp\/v2\/media?parent=12370"}],"wp:term":[{"taxonomy":"product_brand","embeddable":true,"href":"https:\/\/ikonisch.pt\/es\/wp-json\/wp\/v2\/product_brand?post=12370"},{"taxonomy":"product_cat","embeddable":true,"href":"https:\/\/ikonisch.pt\/es\/wp-json\/wp\/v2\/product_cat?post=12370"},{"taxonomy":"product_tag","embeddable":true,"href":"https:\/\/ikonisch.pt\/es\/wp-json\/wp\/v2\/product_tag?post=12370"}],"curies":[{"name":"wp","href":"https:\/\/api.w.org\/{rel}","templated":true}]}}