{"id":12564,"date":"2023-03-16T11:08:02","date_gmt":"2023-03-16T11:08:03","guid":{"rendered":"https:\/\/ikonisch.pt\/?post_type=product&#038;p=12564"},"modified":"2024-10-18T11:02:10","modified_gmt":"2024-10-18T11:02:10","slug":"taburete-select-bar-x-inno","status":"publish","type":"product","link":"https:\/\/ikonisch.pt\/es\/produtos\/taburete-select-bar-x-inno\/","title":{"rendered":"Taburete Select Bar X &#8211; Inno"},"content":{"rendered":"","protected":false},"excerpt":{"rendered":"<p>Dise\u00f1ado por Harri Korhonen, fundador de Inno, el taburete Select Bar X es muy c\u00f3modo, ya que cuenta con un respaldo alto, ideal para permanecer sentado durante largos periodos. Reposapi\u00e9s de perfil tubular y base en \u00abx\u00bb en aluminio. Estructura met\u00e1lica pintada con pintura Epoxi de color negro.<\/p>\n<p>Altura del asiento: 77cm. Ancho del asiento: 45cm<\/p>\n<p>Atenci\u00f3n: Valor unitario<\/p>\n<p><strong>Realizamos entregas a nivel mundial. Para env\u00edos fuera de Portugal y Espa\u00f1a, por favor, cont\u00e1ctenos para recibir un presupuesto personalizado.<\/strong><\/p>\n<p>Para m\u00e1s informaci\u00f3n sobre precios, p\u00f3ngase en contacto con nosotros por correo electr\u00f3nico en\u00a0<a href=\"mailto:info@ikonisch.pt\"><strong>info@ikonisch.pt<\/strong><\/a>\u00a0o por tel\u00e9fono en el\u00a0<strong>+351 913 068 270<\/strong>.<\/p>\n","protected":false},"featured_media":15371,"template":"","meta":{"_acf_changed":false,"inline_featured_image":false},"product_brand":[],"product_cat":[688],"product_tag":[1623],"class_list":{"0":"post-12564","1":"product","2":"type-product","3":"status-publish","4":"has-post-thumbnail","6":"product_cat-bancos-y-pufs","7":"product_tag-inno-es","9":"first","10":"outofstock","11":"shipping-taxable","12":"purchasable","13":"product-type-simple"},"acf":[],"aioseo_notices":[],"_links":{"self":[{"href":"https:\/\/ikonisch.pt\/es\/wp-json\/wp\/v2\/product\/12564","targetHints":{"allow":["GET"]}}],"collection":[{"href":"https:\/\/ikonisch.pt\/es\/wp-json\/wp\/v2\/product"}],"about":[{"href":"https:\/\/ikonisch.pt\/es\/wp-json\/wp\/v2\/types\/product"}],"wp:featuredmedia":[{"embeddable":true,"href":"https:\/\/ikonisch.pt\/es\/wp-json\/wp\/v2\/media\/15371"}],"wp:attachment":[{"href":"https:\/\/ikonisch.pt\/es\/wp-json\/wp\/v2\/media?parent=12564"}],"wp:term":[{"taxonomy":"product_brand","embeddable":true,"href":"https:\/\/ikonisch.pt\/es\/wp-json\/wp\/v2\/product_brand?post=12564"},{"taxonomy":"product_cat","embeddable":true,"href":"https:\/\/ikonisch.pt\/es\/wp-json\/wp\/v2\/product_cat?post=12564"},{"taxonomy":"product_tag","embeddable":true,"href":"https:\/\/ikonisch.pt\/es\/wp-json\/wp\/v2\/product_tag?post=12564"}],"curies":[{"name":"wp","href":"https:\/\/api.w.org\/{rel}","templated":true}]}}