{"id":12854,"date":"2023-04-26T12:12:24","date_gmt":"2023-04-26T12:12:25","guid":{"rendered":"https:\/\/ikonisch.pt\/?post_type=product&#038;p=12854"},"modified":"2023-05-12T11:15:15","modified_gmt":"2023-05-12T11:15:15","slug":"silla-operativa-think-v2-steelcase","status":"publish","type":"product","link":"https:\/\/ikonisch.pt\/es\/produtos\/silla-operativa-think-v2-steelcase\/","title":{"rendered":"Silla Operativa Think V2 &#8211; Steelcase"},"content":{"rendered":"","protected":false},"excerpt":{"rendered":"<p>Silla giratoria con respaldo medio redondo. Respaldo en malla 3d y estructura de nylon, asiento original en espuma moldeada en fr\u00edo recubierta de tejido negro y brazos 4d. Base de aluminio de cinco radios y sistema de elevaci\u00f3n neum\u00e1tico. Sistema de reclinado de asiento y respaldo sincronizado. Regulaci\u00f3n de altura del apoyo lumbar. Ajuste de la profundidad del asiento con ajuste del respaldo en 4 direcciones.<\/p>\n","protected":false},"featured_media":12857,"template":"","meta":{"_acf_changed":false,"inline_featured_image":false},"product_brand":[],"product_cat":[691],"product_tag":[831],"class_list":{"0":"post-12854","1":"product","2":"type-product","3":"status-publish","4":"has-post-thumbnail","6":"product_cat-oficina","7":"product_tag-steelcase-es","9":"first","10":"outofstock","11":"shipping-taxable","12":"purchasable","13":"product-type-simple"},"acf":[],"aioseo_notices":[],"_links":{"self":[{"href":"https:\/\/ikonisch.pt\/es\/wp-json\/wp\/v2\/product\/12854","targetHints":{"allow":["GET"]}}],"collection":[{"href":"https:\/\/ikonisch.pt\/es\/wp-json\/wp\/v2\/product"}],"about":[{"href":"https:\/\/ikonisch.pt\/es\/wp-json\/wp\/v2\/types\/product"}],"wp:featuredmedia":[{"embeddable":true,"href":"https:\/\/ikonisch.pt\/es\/wp-json\/wp\/v2\/media\/12857"}],"wp:attachment":[{"href":"https:\/\/ikonisch.pt\/es\/wp-json\/wp\/v2\/media?parent=12854"}],"wp:term":[{"taxonomy":"product_brand","embeddable":true,"href":"https:\/\/ikonisch.pt\/es\/wp-json\/wp\/v2\/product_brand?post=12854"},{"taxonomy":"product_cat","embeddable":true,"href":"https:\/\/ikonisch.pt\/es\/wp-json\/wp\/v2\/product_cat?post=12854"},{"taxonomy":"product_tag","embeddable":true,"href":"https:\/\/ikonisch.pt\/es\/wp-json\/wp\/v2\/product_tag?post=12854"}],"curies":[{"name":"wp","href":"https:\/\/api.w.org\/{rel}","templated":true}]}}