{"id":12884,"date":"2023-04-26T13:18:30","date_gmt":"2023-04-26T13:18:31","guid":{"rendered":"https:\/\/ikonisch.pt\/?post_type=product&#038;p=12884"},"modified":"2023-05-12T11:21:00","modified_gmt":"2023-05-12T11:21:00","slug":"silla-tulip-respaldo-alto","status":"publish","type":"product","link":"https:\/\/ikonisch.pt\/es\/produtos\/silla-tulip-respaldo-alto\/","title":{"rendered":"Silla Tulip &#8211; Respaldo Alto"},"content":{"rendered":"","protected":false},"excerpt":{"rendered":"<p>Silla de comedor vintage, de dise\u00f1o ic\u00f3nico \u00abTulip Chair\u00bb inspirada en la naturaleza. Dise\u00f1ada por Eero Saarinen y producida por Chromcraft (USA). Cuenta con un elegante dise\u00f1o de l\u00edneas suaves caracter\u00edstica del Modernismo, y es considerada un cl\u00e1sico del dise\u00f1o industrial. Base cromada en forma de tulip\u00e1n, respaldo alto, asiento giratorio moldeado en lucite ahumado y asientos originales en tejido amarillo de \u00e9poca. Con algunos signos superficiales de uso, pero totalmente revisada y reacondicionada.<\/p>\n<p>Atenci\u00f3n: Valor unitario<\/p>\n","protected":false},"featured_media":15160,"template":"","meta":{"_acf_changed":false,"inline_featured_image":false},"product_brand":[],"product_cat":[698,689],"product_tag":[1112],"class_list":{"0":"post-12884","1":"product","2":"type-product","3":"status-publish","4":"has-post-thumbnail","6":"product_cat-coleccion-vintage","7":"product_cat-sillas","8":"product_tag-eero-saarinen-es","10":"first","11":"outofstock","12":"shipping-taxable","13":"purchasable","14":"product-type-simple"},"acf":[],"aioseo_notices":[],"_links":{"self":[{"href":"https:\/\/ikonisch.pt\/es\/wp-json\/wp\/v2\/product\/12884","targetHints":{"allow":["GET"]}}],"collection":[{"href":"https:\/\/ikonisch.pt\/es\/wp-json\/wp\/v2\/product"}],"about":[{"href":"https:\/\/ikonisch.pt\/es\/wp-json\/wp\/v2\/types\/product"}],"wp:featuredmedia":[{"embeddable":true,"href":"https:\/\/ikonisch.pt\/es\/wp-json\/wp\/v2\/media\/15160"}],"wp:attachment":[{"href":"https:\/\/ikonisch.pt\/es\/wp-json\/wp\/v2\/media?parent=12884"}],"wp:term":[{"taxonomy":"product_brand","embeddable":true,"href":"https:\/\/ikonisch.pt\/es\/wp-json\/wp\/v2\/product_brand?post=12884"},{"taxonomy":"product_cat","embeddable":true,"href":"https:\/\/ikonisch.pt\/es\/wp-json\/wp\/v2\/product_cat?post=12884"},{"taxonomy":"product_tag","embeddable":true,"href":"https:\/\/ikonisch.pt\/es\/wp-json\/wp\/v2\/product_tag?post=12884"}],"curies":[{"name":"wp","href":"https:\/\/api.w.org\/{rel}","templated":true}]}}