{"id":12922,"date":"2023-04-26T13:25:05","date_gmt":"2023-04-26T13:25:06","guid":{"rendered":"https:\/\/ikonisch.pt\/?post_type=product&#038;p=12922"},"modified":"2024-02-12T13:20:01","modified_gmt":"2024-02-12T13:20:01","slug":"silla-lola-poltrona-frau","status":"publish","type":"product","link":"https:\/\/ikonisch.pt\/es\/produtos\/silla-lola-poltrona-frau\/","title":{"rendered":"Silla Lola &#8211; Poltrona Frau"},"content":{"rendered":"<p><br data-mce-bogus=\"1\"><\/p>\n","protected":false},"excerpt":{"rendered":"<p>Silla fija de 4 pies sin brazos, de Poltrona Frau y dise\u00f1o de Pierluigi Cerri. La silla Lola es ligera y esbelta, con l\u00edneas elegantes y pronunciadas. Tiene una \u00f3ptima estabilidad gracias a su estructura de acero reforzado. La estructura est\u00e1 compuesta por S-RIM (poliuretano estructuralmente reactivo) y tapizado de cuero natural de color rojo. Los pies tienen extremos de tacos deslizantes de poliuretano. Estado vintage en muy buen estado.<\/p>\n<p>Atenci\u00f3n: Valor unitario<\/p>\n","protected":false},"featured_media":15136,"template":"","meta":{"_acf_changed":false,"inline_featured_image":false},"product_brand":[],"product_cat":[690,689],"product_tag":[1204,822],"class_list":{"0":"post-12922","1":"product","2":"type-product","3":"status-publish","4":"has-post-thumbnail","6":"product_cat-hogar","7":"product_cat-sillas","8":"product_tag-pierluigi-cerri-es","9":"product_tag-poltrona-frau-es","11":"first","12":"outofstock","13":"shipping-taxable","14":"purchasable","15":"product-type-simple"},"acf":[],"aioseo_notices":[],"_links":{"self":[{"href":"https:\/\/ikonisch.pt\/es\/wp-json\/wp\/v2\/product\/12922","targetHints":{"allow":["GET"]}}],"collection":[{"href":"https:\/\/ikonisch.pt\/es\/wp-json\/wp\/v2\/product"}],"about":[{"href":"https:\/\/ikonisch.pt\/es\/wp-json\/wp\/v2\/types\/product"}],"wp:featuredmedia":[{"embeddable":true,"href":"https:\/\/ikonisch.pt\/es\/wp-json\/wp\/v2\/media\/15136"}],"wp:attachment":[{"href":"https:\/\/ikonisch.pt\/es\/wp-json\/wp\/v2\/media?parent=12922"}],"wp:term":[{"taxonomy":"product_brand","embeddable":true,"href":"https:\/\/ikonisch.pt\/es\/wp-json\/wp\/v2\/product_brand?post=12922"},{"taxonomy":"product_cat","embeddable":true,"href":"https:\/\/ikonisch.pt\/es\/wp-json\/wp\/v2\/product_cat?post=12922"},{"taxonomy":"product_tag","embeddable":true,"href":"https:\/\/ikonisch.pt\/es\/wp-json\/wp\/v2\/product_tag?post=12922"}],"curies":[{"name":"wp","href":"https:\/\/api.w.org\/{rel}","templated":true}]}}