{"id":13031,"date":"2023-05-09T14:10:45","date_gmt":"2023-05-09T14:10:45","guid":{"rendered":"https:\/\/ikonisch.pt\/produtos\/satan-sofa-doble-ligne-roset\/"},"modified":"2024-02-12T13:19:02","modified_gmt":"2024-02-12T13:19:02","slug":"satan-sofa-doble-ligne-roset","status":"publish","type":"product","link":"https:\/\/ikonisch.pt\/es\/produtos\/satan-sofa-doble-ligne-roset\/","title":{"rendered":"Satan Sof\u00e1 Doble &#8211; Ligne Roset"},"content":{"rendered":"","protected":false},"excerpt":{"rendered":"<p>Dise\u00f1ado por Bernard Govin para Ligne Roset, el conjunto Satan tiene como base una estructura de espuma cubierta por una capa de piel natural de color casta\u00f1o. La simplicidad de su construcci\u00f3n hace de este modelo, un objeto maleable y f\u00e1cil de manipular.<\/p>\n","protected":false},"featured_media":17227,"template":"","meta":{"_acf_changed":false,"inline_featured_image":false},"product_brand":[],"product_cat":[690,697],"product_tag":[1201,787],"class_list":{"0":"post-13031","1":"product","2":"type-product","3":"status-publish","4":"has-post-thumbnail","6":"product_cat-hogar","7":"product_cat-sofas-y-sillones","8":"product_tag-bernard-govin-es","9":"product_tag-ligne-roset-es","11":"first","12":"outofstock","13":"shipping-taxable","14":"purchasable","15":"product-type-simple"},"acf":[],"aioseo_notices":[],"_links":{"self":[{"href":"https:\/\/ikonisch.pt\/es\/wp-json\/wp\/v2\/product\/13031","targetHints":{"allow":["GET"]}}],"collection":[{"href":"https:\/\/ikonisch.pt\/es\/wp-json\/wp\/v2\/product"}],"about":[{"href":"https:\/\/ikonisch.pt\/es\/wp-json\/wp\/v2\/types\/product"}],"wp:featuredmedia":[{"embeddable":true,"href":"https:\/\/ikonisch.pt\/es\/wp-json\/wp\/v2\/media\/17227"}],"wp:attachment":[{"href":"https:\/\/ikonisch.pt\/es\/wp-json\/wp\/v2\/media?parent=13031"}],"wp:term":[{"taxonomy":"product_brand","embeddable":true,"href":"https:\/\/ikonisch.pt\/es\/wp-json\/wp\/v2\/product_brand?post=13031"},{"taxonomy":"product_cat","embeddable":true,"href":"https:\/\/ikonisch.pt\/es\/wp-json\/wp\/v2\/product_cat?post=13031"},{"taxonomy":"product_tag","embeddable":true,"href":"https:\/\/ikonisch.pt\/es\/wp-json\/wp\/v2\/product_tag?post=13031"}],"curies":[{"name":"wp","href":"https:\/\/api.w.org\/{rel}","templated":true}]}}