{"id":13034,"date":"2023-03-15T14:15:04","date_gmt":"2023-03-15T14:15:04","guid":{"rendered":"https:\/\/ikonisch.pt\/produtos\/silla-campus-lammhults\/"},"modified":"2023-05-16T15:30:31","modified_gmt":"2023-05-16T15:30:31","slug":"silla-campus-lammhults","status":"publish","type":"product","link":"https:\/\/ikonisch.pt\/es\/produtos\/silla-campus-lammhults\/","title":{"rendered":"Silla Campus &#8211; Lammhults"},"content":{"rendered":"","protected":false},"excerpt":{"rendered":"<p>Dise\u00f1ada por Peter Hiort-Lorenzen y Johannes Foersom, la silla Campus cuenta con un dise\u00f1o elegante y esbelto. Respaldo y brazos de madera y asiento recubierto de tejido, ambos dise\u00f1ados con formas org\u00e1nicas curvas. Estructura en tubo de acero cromado de \u00d816mm. El dise\u00f1o es a prop\u00f3sito funcional, ya que la silla es apilable. Altura del asiento: 45cm<\/p>\n","protected":false},"featured_media":15154,"template":"","meta":{"_acf_changed":false,"inline_featured_image":false},"product_brand":[],"product_cat":[689],"product_tag":[],"class_list":{"0":"post-13034","1":"product","2":"type-product","3":"status-publish","4":"has-post-thumbnail","6":"product_cat-sillas","8":"first","9":"outofstock","10":"shipping-taxable","11":"purchasable","12":"product-type-simple"},"acf":[],"aioseo_notices":[],"_links":{"self":[{"href":"https:\/\/ikonisch.pt\/es\/wp-json\/wp\/v2\/product\/13034","targetHints":{"allow":["GET"]}}],"collection":[{"href":"https:\/\/ikonisch.pt\/es\/wp-json\/wp\/v2\/product"}],"about":[{"href":"https:\/\/ikonisch.pt\/es\/wp-json\/wp\/v2\/types\/product"}],"wp:featuredmedia":[{"embeddable":true,"href":"https:\/\/ikonisch.pt\/es\/wp-json\/wp\/v2\/media\/15154"}],"wp:attachment":[{"href":"https:\/\/ikonisch.pt\/es\/wp-json\/wp\/v2\/media?parent=13034"}],"wp:term":[{"taxonomy":"product_brand","embeddable":true,"href":"https:\/\/ikonisch.pt\/es\/wp-json\/wp\/v2\/product_brand?post=13034"},{"taxonomy":"product_cat","embeddable":true,"href":"https:\/\/ikonisch.pt\/es\/wp-json\/wp\/v2\/product_cat?post=13034"},{"taxonomy":"product_tag","embeddable":true,"href":"https:\/\/ikonisch.pt\/es\/wp-json\/wp\/v2\/product_tag?post=13034"}],"curies":[{"name":"wp","href":"https:\/\/api.w.org\/{rel}","templated":true}]}}