{"id":13036,"date":"2023-02-28T15:59:54","date_gmt":"2023-02-28T15:59:54","guid":{"rendered":"https:\/\/ikonisch.pt\/produtos\/mesa-de-apoyo-a-sofas-marmore-nero-marquina-tipo-michel-kin-arflex-italia-60s\/"},"modified":"2023-02-28T15:59:54","modified_gmt":"2023-02-28T15:59:54","slug":"mesa-de-apoyo-a-sofas-marmore-nero-marquina-tipo-michel-kin-arflex-italia-60s","status":"publish","type":"product","link":"https:\/\/ikonisch.pt\/es\/produtos\/mesa-de-apoyo-a-sofas-marmore-nero-marquina-tipo-michel-kin-arflex-italia-60s\/","title":{"rendered":"Mesa de apoyo a sof\u00e1s, M\u00e1rmore Nero Marquina tipo Michel Kin, Arflex, It\u00e1lia 60&#8217;s"},"content":{"rendered":"","protected":false},"excerpt":{"rendered":"<p>Mesa de apoyo con base de cuatro radios met\u00e1licos en pintura negra con niveladores y detalles en dorado\/lat\u00f3n sobre un eje cil\u00edndrico central y soporte de una estructura igualmente de cuatro radios. Sobre \u00e9sta descansa la tapa de m\u00e1rmol Nero Marquina apoyados en las orillas con 2cm de espesor.<\/p>\n","protected":false},"featured_media":18541,"template":"","meta":{"_acf_changed":false,"inline_featured_image":false},"product_brand":[],"product_cat":[698,694],"product_tag":[805,811,847],"class_list":{"0":"post-13036","1":"product","2":"type-product","3":"status-publish","4":"has-post-thumbnail","6":"product_cat-coleccion-vintage","7":"product_cat-mesas-es","8":"product_tag-marmore-es","9":"product_tag-nero-marquina-es","10":"product_tag-vintage-es","12":"first","13":"outofstock","14":"shipping-taxable","15":"purchasable","16":"product-type-simple"},"acf":[],"aioseo_notices":[],"_links":{"self":[{"href":"https:\/\/ikonisch.pt\/es\/wp-json\/wp\/v2\/product\/13036","targetHints":{"allow":["GET"]}}],"collection":[{"href":"https:\/\/ikonisch.pt\/es\/wp-json\/wp\/v2\/product"}],"about":[{"href":"https:\/\/ikonisch.pt\/es\/wp-json\/wp\/v2\/types\/product"}],"wp:featuredmedia":[{"embeddable":true,"href":"https:\/\/ikonisch.pt\/es\/wp-json\/wp\/v2\/media\/18541"}],"wp:attachment":[{"href":"https:\/\/ikonisch.pt\/es\/wp-json\/wp\/v2\/media?parent=13036"}],"wp:term":[{"taxonomy":"product_brand","embeddable":true,"href":"https:\/\/ikonisch.pt\/es\/wp-json\/wp\/v2\/product_brand?post=13036"},{"taxonomy":"product_cat","embeddable":true,"href":"https:\/\/ikonisch.pt\/es\/wp-json\/wp\/v2\/product_cat?post=13036"},{"taxonomy":"product_tag","embeddable":true,"href":"https:\/\/ikonisch.pt\/es\/wp-json\/wp\/v2\/product_tag?post=13036"}],"curies":[{"name":"wp","href":"https:\/\/api.w.org\/{rel}","templated":true}]}}