{"id":13039,"date":"2022-11-14T10:03:28","date_gmt":"2022-11-14T10:03:28","guid":{"rendered":"https:\/\/ikonisch.pt\/produtos\/mesa-3006-urban-deco-collection-angel-cerda\/"},"modified":"2023-07-21T09:53:36","modified_gmt":"2023-07-21T09:53:36","slug":"mesa-3006-urban-deco-collection-angel-cerda","status":"publish","type":"product","link":"https:\/\/ikonisch.pt\/es\/produtos\/mesa-3006-urban-deco-collection-angel-cerda\/","title":{"rendered":"Mesa 3006 Urban Deco Collection &#8211; Angel Cerd\u00e1"},"content":{"rendered":"","protected":false},"excerpt":{"rendered":"<p>Dise\u00f1ada por Angel Cerd\u00e1 para Urban Deco Collection, la mesa 2006 est\u00e1 compuesta por una estructura de acero cromado donde se apoya un cristal templado en color negro de 10mm de espesor.<\/p>\n","protected":false},"featured_media":11086,"template":"","meta":{"_acf_changed":false,"inline_featured_image":false},"product_brand":[],"product_cat":[694,691],"product_tag":[706],"class_list":{"0":"post-13039","1":"product","2":"type-product","3":"status-publish","4":"has-post-thumbnail","6":"product_cat-mesas-es","7":"product_cat-oficina","8":"product_tag-angel-cerda-es","10":"first","11":"outofstock","12":"shipping-taxable","13":"purchasable","14":"product-type-simple"},"acf":[],"aioseo_notices":[],"_links":{"self":[{"href":"https:\/\/ikonisch.pt\/es\/wp-json\/wp\/v2\/product\/13039","targetHints":{"allow":["GET"]}}],"collection":[{"href":"https:\/\/ikonisch.pt\/es\/wp-json\/wp\/v2\/product"}],"about":[{"href":"https:\/\/ikonisch.pt\/es\/wp-json\/wp\/v2\/types\/product"}],"wp:featuredmedia":[{"embeddable":true,"href":"https:\/\/ikonisch.pt\/es\/wp-json\/wp\/v2\/media\/11086"}],"wp:attachment":[{"href":"https:\/\/ikonisch.pt\/es\/wp-json\/wp\/v2\/media?parent=13039"}],"wp:term":[{"taxonomy":"product_brand","embeddable":true,"href":"https:\/\/ikonisch.pt\/es\/wp-json\/wp\/v2\/product_brand?post=13039"},{"taxonomy":"product_cat","embeddable":true,"href":"https:\/\/ikonisch.pt\/es\/wp-json\/wp\/v2\/product_cat?post=13039"},{"taxonomy":"product_tag","embeddable":true,"href":"https:\/\/ikonisch.pt\/es\/wp-json\/wp\/v2\/product_tag?post=13039"}],"curies":[{"name":"wp","href":"https:\/\/api.w.org\/{rel}","templated":true}]}}