{"id":13040,"date":"2022-10-12T10:57:38","date_gmt":"2022-10-12T10:57:38","guid":{"rendered":"https:\/\/ikonisch.pt\/produtos\/sillas-italianas-vintage\/"},"modified":"2023-05-18T15:47:50","modified_gmt":"2023-05-18T15:47:50","slug":"sillas-italianas-vintage","status":"publish","type":"product","link":"https:\/\/ikonisch.pt\/es\/produtos\/sillas-italianas-vintage\/","title":{"rendered":"Sillas Italianas Vintage 60&#8217;s"},"content":{"rendered":"","protected":false},"excerpt":{"rendered":"<p>Silla vintage dise\u00f1ada en Italia en los a\u00f1os 60, con estructura de madera con acabamento negro, respaldo de enchapado de madera ex\u00f3tica. Asiento y respaldo de terciopelo azul.<\/p>\n<p>Atenci\u00f3n: valor unitario<\/p>\n","protected":false},"featured_media":15148,"template":"","meta":{"_acf_changed":false,"inline_featured_image":false},"product_brand":[],"product_cat":[698,690,689],"product_tag":[],"class_list":{"0":"post-13040","1":"product","2":"type-product","3":"status-publish","4":"has-post-thumbnail","6":"product_cat-coleccion-vintage","7":"product_cat-hogar","8":"product_cat-sillas","10":"first","11":"outofstock","12":"shipping-taxable","13":"purchasable","14":"product-type-simple"},"acf":[],"aioseo_notices":[],"_links":{"self":[{"href":"https:\/\/ikonisch.pt\/es\/wp-json\/wp\/v2\/product\/13040","targetHints":{"allow":["GET"]}}],"collection":[{"href":"https:\/\/ikonisch.pt\/es\/wp-json\/wp\/v2\/product"}],"about":[{"href":"https:\/\/ikonisch.pt\/es\/wp-json\/wp\/v2\/types\/product"}],"wp:featuredmedia":[{"embeddable":true,"href":"https:\/\/ikonisch.pt\/es\/wp-json\/wp\/v2\/media\/15148"}],"wp:attachment":[{"href":"https:\/\/ikonisch.pt\/es\/wp-json\/wp\/v2\/media?parent=13040"}],"wp:term":[{"taxonomy":"product_brand","embeddable":true,"href":"https:\/\/ikonisch.pt\/es\/wp-json\/wp\/v2\/product_brand?post=13040"},{"taxonomy":"product_cat","embeddable":true,"href":"https:\/\/ikonisch.pt\/es\/wp-json\/wp\/v2\/product_cat?post=13040"},{"taxonomy":"product_tag","embeddable":true,"href":"https:\/\/ikonisch.pt\/es\/wp-json\/wp\/v2\/product_tag?post=13040"}],"curies":[{"name":"wp","href":"https:\/\/api.w.org\/{rel}","templated":true}]}}