{"id":13044,"date":"2022-08-29T13:44:20","date_gmt":"2022-08-29T13:44:20","guid":{"rendered":"https:\/\/ikonisch.pt\/produtos\/conjunto-click-silla-ejecutiva-y-sillas-de-visita-kron\/"},"modified":"2024-10-18T11:45:56","modified_gmt":"2024-10-18T11:45:56","slug":"conjunto-click-silla-ejecutiva-y-sillas-de-visita-kron","status":"publish","type":"product","link":"https:\/\/ikonisch.pt\/es\/produtos\/conjunto-click-silla-ejecutiva-y-sillas-de-visita-kron\/","title":{"rendered":"Conjunto Click Silla Ejecutiva y sillas de Visita &#8211; Kron"},"content":{"rendered":"","protected":false},"excerpt":{"rendered":"<p>Conjunto compuesto por:<\/p>\n<p>Silla ejecutiva de respaldo alto y giratorio, con reposacabezas. Asiento, respaldo y brazos en cuero natural negro. Base de cinco radios en aluminio cromado y sistema de elevaci\u00f3n neum\u00e1tico. Respaldo reclinable con palanca de precisi\u00f3n y memoria.<\/p>\n<p>Sillas de visita con brazos. Asiento y respaldo en cuero natural negro. Estructura de m\u00e9nsula cromada con apoyo de brazos en cuero.<\/p>\n<p><strong>Realizamos entregas a nivel mundial. Para env\u00edos fuera de Portugal y Espa\u00f1a, por favor, cont\u00e1ctenos para recibir un presupuesto personalizado.<\/strong><\/p>\n<p>Para m\u00e1s informaci\u00f3n sobre precios, p\u00f3ngase en contacto con nosotros por correo electr\u00f3nico en\u00a0<a href=\"mailto:info@ikonisch.pt\"><strong>info@ikonisch.pt<\/strong><\/a>\u00a0o por tel\u00e9fono en el\u00a0<strong>+351 913 068 270<\/strong>.<\/p>\n","protected":false},"featured_media":10749,"template":"","meta":{"_acf_changed":false,"inline_featured_image":false},"product_brand":[],"product_cat":[691],"product_tag":[782],"class_list":{"0":"post-13044","1":"product","2":"type-product","3":"status-publish","4":"has-post-thumbnail","6":"product_cat-oficina","7":"product_tag-kron-es","9":"first","10":"outofstock","11":"shipping-taxable","12":"purchasable","13":"product-type-simple"},"acf":[],"aioseo_notices":[],"_links":{"self":[{"href":"https:\/\/ikonisch.pt\/es\/wp-json\/wp\/v2\/product\/13044","targetHints":{"allow":["GET"]}}],"collection":[{"href":"https:\/\/ikonisch.pt\/es\/wp-json\/wp\/v2\/product"}],"about":[{"href":"https:\/\/ikonisch.pt\/es\/wp-json\/wp\/v2\/types\/product"}],"wp:featuredmedia":[{"embeddable":true,"href":"https:\/\/ikonisch.pt\/es\/wp-json\/wp\/v2\/media\/10749"}],"wp:attachment":[{"href":"https:\/\/ikonisch.pt\/es\/wp-json\/wp\/v2\/media?parent=13044"}],"wp:term":[{"taxonomy":"product_brand","embeddable":true,"href":"https:\/\/ikonisch.pt\/es\/wp-json\/wp\/v2\/product_brand?post=13044"},{"taxonomy":"product_cat","embeddable":true,"href":"https:\/\/ikonisch.pt\/es\/wp-json\/wp\/v2\/product_cat?post=13044"},{"taxonomy":"product_tag","embeddable":true,"href":"https:\/\/ikonisch.pt\/es\/wp-json\/wp\/v2\/product_tag?post=13044"}],"curies":[{"name":"wp","href":"https:\/\/api.w.org\/{rel}","templated":true}]}}