{"id":13045,"date":"2022-08-29T13:13:36","date_gmt":"2022-08-29T13:13:36","guid":{"rendered":"https:\/\/ikonisch.pt\/produtos\/silla-ejecutiva-fs-line-220-91-wilkhahn\/"},"modified":"2023-06-02T14:24:59","modified_gmt":"2023-06-02T14:24:59","slug":"silla-ejecutiva-fs-line-220-91-wilkhahn","status":"publish","type":"product","link":"https:\/\/ikonisch.pt\/es\/produtos\/silla-ejecutiva-fs-line-220-91-wilkhahn\/","title":{"rendered":"Silla Ejecutiva FS-Line 220\/91 &#8211; Wilkhahn"},"content":{"rendered":"","protected":false},"excerpt":{"rendered":"<p>Silla ejecutiva con respaldo alto y giratorio con brazos fijos. Asiento y respaldo en cuero natural negro, base de cinco radios y estructura del respaldo en aluminio cromado. Sistema de elevaci\u00f3n neum\u00e1tica y reclinaci\u00f3n del respaldo con palanca de presi\u00f3n.<\/p>\n","protected":false},"featured_media":10718,"template":"","meta":{"_acf_changed":false,"inline_featured_image":false},"product_brand":[],"product_cat":[691],"product_tag":[850],"class_list":{"0":"post-13045","1":"product","2":"type-product","3":"status-publish","4":"has-post-thumbnail","6":"product_cat-oficina","7":"product_tag-wilkhahn-es","9":"first","10":"outofstock","11":"shipping-taxable","12":"purchasable","13":"product-type-simple"},"acf":[],"aioseo_notices":[],"_links":{"self":[{"href":"https:\/\/ikonisch.pt\/es\/wp-json\/wp\/v2\/product\/13045","targetHints":{"allow":["GET"]}}],"collection":[{"href":"https:\/\/ikonisch.pt\/es\/wp-json\/wp\/v2\/product"}],"about":[{"href":"https:\/\/ikonisch.pt\/es\/wp-json\/wp\/v2\/types\/product"}],"wp:featuredmedia":[{"embeddable":true,"href":"https:\/\/ikonisch.pt\/es\/wp-json\/wp\/v2\/media\/10718"}],"wp:attachment":[{"href":"https:\/\/ikonisch.pt\/es\/wp-json\/wp\/v2\/media?parent=13045"}],"wp:term":[{"taxonomy":"product_brand","embeddable":true,"href":"https:\/\/ikonisch.pt\/es\/wp-json\/wp\/v2\/product_brand?post=13045"},{"taxonomy":"product_cat","embeddable":true,"href":"https:\/\/ikonisch.pt\/es\/wp-json\/wp\/v2\/product_cat?post=13045"},{"taxonomy":"product_tag","embeddable":true,"href":"https:\/\/ikonisch.pt\/es\/wp-json\/wp\/v2\/product_tag?post=13045"}],"curies":[{"name":"wp","href":"https:\/\/api.w.org\/{rel}","templated":true}]}}