{"id":13046,"date":"2022-08-29T13:04:07","date_gmt":"2022-08-29T13:04:07","guid":{"rendered":"https:\/\/ikonisch.pt\/produtos\/silla-operativa-modus-275-wilkhahn\/"},"modified":"2023-07-21T09:53:36","modified_gmt":"2023-07-21T09:53:36","slug":"silla-operativa-modus-275-wilkhahn","status":"publish","type":"product","link":"https:\/\/ikonisch.pt\/es\/produtos\/silla-operativa-modus-275-wilkhahn\/","title":{"rendered":"Silla Operativa Modus 275 &#8211; Wilkhahn"},"content":{"rendered":"","protected":false},"excerpt":{"rendered":"<p>Silla operativa giratoria de respaldo medio y brazos fijos. Asiento y respaldo en tejido de malla. Base de cinco radios y estructura trasera en aluminio. Sistema neum\u00e1tico de elevaci\u00f3n y reclinaci\u00f3n del respaldo con ajuste de presi\u00f3n y bloqueo.<\/p>\n","protected":false},"featured_media":10707,"template":"","meta":{"_acf_changed":false,"inline_featured_image":false},"product_brand":[],"product_cat":[691],"product_tag":[850],"class_list":{"0":"post-13046","1":"product","2":"type-product","3":"status-publish","4":"has-post-thumbnail","6":"product_cat-oficina","7":"product_tag-wilkhahn-es","9":"first","10":"outofstock","11":"shipping-taxable","12":"purchasable","13":"product-type-simple"},"acf":[],"aioseo_notices":[],"_links":{"self":[{"href":"https:\/\/ikonisch.pt\/es\/wp-json\/wp\/v2\/product\/13046","targetHints":{"allow":["GET"]}}],"collection":[{"href":"https:\/\/ikonisch.pt\/es\/wp-json\/wp\/v2\/product"}],"about":[{"href":"https:\/\/ikonisch.pt\/es\/wp-json\/wp\/v2\/types\/product"}],"wp:featuredmedia":[{"embeddable":true,"href":"https:\/\/ikonisch.pt\/es\/wp-json\/wp\/v2\/media\/10707"}],"wp:attachment":[{"href":"https:\/\/ikonisch.pt\/es\/wp-json\/wp\/v2\/media?parent=13046"}],"wp:term":[{"taxonomy":"product_brand","embeddable":true,"href":"https:\/\/ikonisch.pt\/es\/wp-json\/wp\/v2\/product_brand?post=13046"},{"taxonomy":"product_cat","embeddable":true,"href":"https:\/\/ikonisch.pt\/es\/wp-json\/wp\/v2\/product_cat?post=13046"},{"taxonomy":"product_tag","embeddable":true,"href":"https:\/\/ikonisch.pt\/es\/wp-json\/wp\/v2\/product_tag?post=13046"}],"curies":[{"name":"wp","href":"https:\/\/api.w.org\/{rel}","templated":true}]}}