{"id":13048,"date":"2022-06-01T11:37:14","date_gmt":"2022-06-01T11:37:14","guid":{"rendered":"https:\/\/ikonisch.pt\/produtos\/lampara-de-mesa-vintage\/"},"modified":"2022-06-01T11:37:14","modified_gmt":"2022-06-01T11:37:14","slug":"lampara-de-mesa-vintage","status":"publish","type":"product","link":"https:\/\/ikonisch.pt\/es\/produtos\/lampara-de-mesa-vintage\/","title":{"rendered":"L\u00e1mpara de Mesa Vintage \u00d815"},"content":{"rendered":"","protected":false},"excerpt":{"rendered":"<p>L\u00e1mpara de mesa vintage de los a\u00f1os 60 en aluminio texturizado pintado en negro. Brazo de soporte reclinable de acero cromado y taza giratoria con interior esmaltado en blanco. Boquilla E27 con interruptor de clic en la base.<\/p>\n","protected":false},"featured_media":10688,"template":"","meta":{"_acf_changed":false,"inline_featured_image":false},"product_brand":[],"product_cat":[693],"product_tag":[847],"class_list":{"0":"post-13048","1":"product","2":"type-product","3":"status-publish","4":"has-post-thumbnail","6":"product_cat-iluminacion","7":"product_tag-vintage-es","9":"first","10":"outofstock","11":"shipping-taxable","12":"purchasable","13":"product-type-simple"},"acf":[],"aioseo_notices":[],"_links":{"self":[{"href":"https:\/\/ikonisch.pt\/es\/wp-json\/wp\/v2\/product\/13048","targetHints":{"allow":["GET"]}}],"collection":[{"href":"https:\/\/ikonisch.pt\/es\/wp-json\/wp\/v2\/product"}],"about":[{"href":"https:\/\/ikonisch.pt\/es\/wp-json\/wp\/v2\/types\/product"}],"wp:featuredmedia":[{"embeddable":true,"href":"https:\/\/ikonisch.pt\/es\/wp-json\/wp\/v2\/media\/10688"}],"wp:attachment":[{"href":"https:\/\/ikonisch.pt\/es\/wp-json\/wp\/v2\/media?parent=13048"}],"wp:term":[{"taxonomy":"product_brand","embeddable":true,"href":"https:\/\/ikonisch.pt\/es\/wp-json\/wp\/v2\/product_brand?post=13048"},{"taxonomy":"product_cat","embeddable":true,"href":"https:\/\/ikonisch.pt\/es\/wp-json\/wp\/v2\/product_cat?post=13048"},{"taxonomy":"product_tag","embeddable":true,"href":"https:\/\/ikonisch.pt\/es\/wp-json\/wp\/v2\/product_tag?post=13048"}],"curies":[{"name":"wp","href":"https:\/\/api.w.org\/{rel}","templated":true}]}}