{"id":13050,"date":"2022-05-11T11:50:56","date_gmt":"2022-05-11T11:50:56","guid":{"rendered":"https:\/\/ikonisch.pt\/produtos\/silla-brazos-modelo-n-o17-michael-thonet\/"},"modified":"2023-06-02T15:34:18","modified_gmt":"2023-06-02T15:34:18","slug":"conjunto-sillas-brazos-modelo-n-o17-michael-thonet","status":"publish","type":"product","link":"https:\/\/ikonisch.pt\/es\/produtos\/conjunto-sillas-brazos-modelo-n-o17-michael-thonet\/","title":{"rendered":"Conjunto Sillas Brazos Modelo N.\u00ba17 Michael Thonet"},"content":{"rendered":"","protected":false},"excerpt":{"rendered":"<p>Conjunto de 2 sillas dise\u00f1adas por Michael Thonet, quien en 1830 invent\u00f3 una m\u00e1quina para producir piezas de madera curvada. Estructura de madera curvada pintada, asiento y respaldo de rat\u00e1n.<\/p>\n<p>Atenci\u00f3n: Valor conjunto.<\/p>\n","protected":false},"featured_media":15190,"template":"","meta":{"_acf_changed":false,"inline_featured_image":false},"product_brand":[],"product_cat":[698,690,689],"product_tag":[837],"class_list":{"0":"post-13050","1":"product","2":"type-product","3":"status-publish","4":"has-post-thumbnail","6":"product_cat-coleccion-vintage","7":"product_cat-hogar","8":"product_cat-sillas","9":"product_tag-thonet-es","11":"first","12":"outofstock","13":"shipping-taxable","14":"purchasable","15":"product-type-simple"},"acf":[],"aioseo_notices":[],"_links":{"self":[{"href":"https:\/\/ikonisch.pt\/es\/wp-json\/wp\/v2\/product\/13050","targetHints":{"allow":["GET"]}}],"collection":[{"href":"https:\/\/ikonisch.pt\/es\/wp-json\/wp\/v2\/product"}],"about":[{"href":"https:\/\/ikonisch.pt\/es\/wp-json\/wp\/v2\/types\/product"}],"wp:featuredmedia":[{"embeddable":true,"href":"https:\/\/ikonisch.pt\/es\/wp-json\/wp\/v2\/media\/15190"}],"wp:attachment":[{"href":"https:\/\/ikonisch.pt\/es\/wp-json\/wp\/v2\/media?parent=13050"}],"wp:term":[{"taxonomy":"product_brand","embeddable":true,"href":"https:\/\/ikonisch.pt\/es\/wp-json\/wp\/v2\/product_brand?post=13050"},{"taxonomy":"product_cat","embeddable":true,"href":"https:\/\/ikonisch.pt\/es\/wp-json\/wp\/v2\/product_cat?post=13050"},{"taxonomy":"product_tag","embeddable":true,"href":"https:\/\/ikonisch.pt\/es\/wp-json\/wp\/v2\/product_tag?post=13050"}],"curies":[{"name":"wp","href":"https:\/\/api.w.org\/{rel}","templated":true}]}}